{"id":4114,"date":"2021-07-09T10:26:40","date_gmt":"2021-07-09T17:26:40","guid":{"rendered":"https:\/\/www.hsnb.org\/pagina-de-prueba-de-fuentes\/"},"modified":"2023-03-24T10:17:32","modified_gmt":"2023-03-24T17:17:32","slug":"pagina-de-prueba-de-fuentes","status":"publish","type":"page","link":"https:\/\/www.hsnb.org\/es\/pagina-de-prueba-de-fuentes\/","title":{"rendered":"P\u00e1gina de prueba de fuentes"},"content":{"rendered":"<p>[et_pb_section fb_built=&#8221;1&#8243; fullwidth=&#8221;on&#8221; _builder_version=&#8221;4.9.10&#8243; _module_preset=&#8221;default&#8221; background_color=&#8221;#ced264&#8243; background_image=&#8221;https:\/\/www.hsnb.org\/wp-content\/uploads\/2021\/07\/volunteer-group-Hero-Image1A-scaled.jpg&#8221; background_size=&#8221;contain&#8221; background_position=&#8221;center_right&#8221; custom_margin=&#8221;-3px||-1px||false|false&#8221; custom_padding=&#8221;||0px||false|false&#8221;][et_pb_fullwidth_slider show_pagination=&#8221;off&#8221; _builder_version=&#8221;4.9.10&#8243; _module_preset=&#8221;default&#8221; body_font_size=&#8221;22px&#8221; button_text_size=&#8221;16px&#8221; button_bg_color=&#8221;#FF7A01&#8243; button_border_width=&#8221;0px&#8221; button_border_radius=&#8221;30px&#8221; button_font=&#8221;Montserrat Alternates|||on|||||&#8221; button_icon=&#8221;%%36%%&#8221; button_on_hover=&#8221;off&#8221; button_custom_padding=&#8221;0px|30px|0px||true|false&#8221; text_orientation=&#8221;right&#8221; content_width=&#8221;100%&#8221; content_max_width=&#8221;100%&#8221; min_height=&#8221;451px&#8221; custom_padding=&#8221;40px|250px|74px||false|false&#8221;][et_pb_slide heading=&#8221;Somos la Sociedad Humanitaria del Norte de la Bah\u00eda&#8221; alignment=&#8221;bottom&#8221; image_tablet=&#8221;&#8221; image_phone=&#8221;&#8221; image_last_edited=&#8221;on|phone&#8221; _builder_version=&#8221;4.9.10&#8243; _module_preset=&#8221;default&#8221; header_level=&#8221;h1&#8243; header_text_align=&#8221;left&#8221; header_font_size=&#8221;60px&#8221; background_color=&#8221;RGBA(0,0,0,0)&#8221; background_enable_color=&#8221;on&#8221; background_enable_image=&#8221;off&#8221; background_position=&#8221;top_right&#8221; custom_button=&#8221;on&#8221; button_text_color=&#8221;#FFFFFF&#8221; button_bg_color=&#8221;#fe7a01&#8243; button_alignment=&#8221;left&#8221; text_orientation=&#8221;left&#8221; custom_css_slide_container=&#8221;padding-right:20%;&#8221; global_colors_info=&#8221;{%22gcid-0ea41261-537c-48ab-b0b7-898d0100a6f1%22:%91%93}&#8221; sticky_transition=&#8221;on&#8221;]<\/p>\n<p>Una red dedicada de voluntarios y personal que abren su coraz\u00f3n a un objetivo com\u00fan<\/p>\n<p>[\/et_pb_slide][\/et_pb_fullwidth_slider][\/et_pb_section][et_pb_section fb_built=&#8221;1&#8243; _builder_version=&#8221;4.9.10&#8243; _module_preset=&#8221;default&#8221; custom_padding=&#8221;0px||0px||true|false&#8221; global_module=&#8221;1064&#8243;][et_pb_row column_structure=&#8221;3_5,2_5&#8243; _builder_version=&#8221;4.9.10&#8243; _module_preset=&#8221;default&#8221; background_color=&#8221;#000000&#8243; width=&#8221;100%&#8221; max_width=&#8221;2560px&#8221; custom_padding=&#8221;18px||10px||false|false&#8221;][et_pb_column type=&#8221;3_5&#8243; _builder_version=&#8221;4.9.4&#8243; _module_preset=&#8221;default&#8221;][et_pb_text _builder_version=&#8221;4.9.10&#8243; _module_preset=&#8221;default&#8221; header_2_font=&#8221;|700|||||||&#8221; header_2_text_align=&#8221;right&#8221; header_2_font_size=&#8221;40px&#8221; background_color=&#8221;#000000&#8243; text_orientation=&#8221;center&#8221; background_layout=&#8221;dark&#8221;]<\/p>\n<h2>Su donaci\u00f3n puede salvar una vida<\/h2>\n<p>[\/et_pb_text][\/et_pb_column][et_pb_column type=&#8221;2_5&#8243; _builder_version=&#8221;4.9.10&#8243; _module_preset=&#8221;default&#8221; custom_padding=&#8221;|25px|||false|false&#8221;][et_pb_button button_url=&#8221;https:\/\/donatenow.networkforgood.org\/hsnb&#8221; button_text=&#8221;DONAR&#8221; button_alignment=&#8221;center&#8221; _builder_version=&#8221;4.9.10&#8243; _module_preset=&#8221;default&#8221; custom_button=&#8221;on&#8221; button_text_size=&#8221;26px&#8221; button_text_color=&#8221;#FFFFFF&#8221; button_bg_color=&#8221;gcid-93296297-a419-4e4a-8354-cb3b220db9b8&#8243; button_border_width=&#8221;0px&#8221; button_border_color=&#8221;gcid-93296297-a419-4e4a-8354-cb3b220db9b8&#8243; button_border_radius=&#8221;30px&#8221; button_font=&#8221;|700|||||||&#8221; button_use_icon=&#8221;off&#8221; custom_margin=&#8221;|160px|||false|false&#8221; custom_padding=&#8221;0px||0px||true|false&#8221; custom_css_main_element=&#8221;width:100%;&#8221; global_colors_info=&#8221;{%22gcid-93296297-a419-4e4a-8354-cb3b220db9b8%22:%91%22button_bg_color__hover%22,%22button_border_color%22,%22button_bg_color%22%93}&#8221; button_bg_color__hover_enabled=&#8221;on|desktop&#8221; button_bg_color__hover=&#8221;gcid-93296297-a419-4e4a-8354-cb3b220db9b8&#8243; button_bg_enable_color__hover=&#8221;on&#8221;][\/et_pb_button][\/et_pb_column][\/et_pb_row][\/et_pb_section][et_pb_section fb_built=&#8221;1&#8243; _builder_version=&#8221;4.9.7&#8243; _module_preset=&#8221;default&#8221; custom_padding=&#8221;27px||17px|||&#8221;][et_pb_row make_equal=&#8221;on&#8221; _builder_version=&#8221;4.9.7&#8243; _module_preset=&#8221;default&#8221; custom_margin=&#8221;|auto|-5px|auto||&#8221; custom_padding=&#8221;7px||3px|||&#8221;][et_pb_column type=&#8221;4_4&#8243; _builder_version=&#8221;4.9.4&#8243; _module_preset=&#8221;default&#8221;][et_pb_text _builder_version=&#8221;4.9.10&#8243; _module_preset=&#8221;default&#8221; text_font=&#8221;Montserrat Alternates|800|||||||&#8221; text_text_color=&#8221;#000000&#8243; text_font_size=&#8221;49px&#8221; text_line_height=&#8221;1.4em&#8221; link_text_color=&#8221;#9d844b&#8221; ul_line_height=&#8221;1.5em&#8221; ol_line_height=&#8221;1.6em&#8221; header_2_font=&#8221;|700||on|||||&#8221; header_2_text_color=&#8221;gcid-b9da534b-4fc4-434e-bc24-56f9ed169cd6&#8243; header_2_font_size=&#8221;40px&#8221; header_3_font=&#8221;|700|||||||&#8221; header_3_text_color=&#8221;gcid-0ea41261-537c-48ab-b0b7-898d0100a6f1&#8243; background_layout=&#8221;dark&#8221; hover_enabled=&#8221;0&#8243; global_colors_info=&#8221;{%22gcid-b9da534b-4fc4-434e-bc24-56f9ed169cd6%22:%91%22header_2_text_color%22%93,%22gcid-0ea41261-537c-48ab-b0b7-898d0100a6f1%22:%91%22header_3_text_color%22%93}&#8221; text_text_color__hover_enabled=&#8221;off|desktop&#8221; sticky_enabled=&#8221;0&#8243;]<\/p>\n<p>ABCDEFGHIJKLMNOPQRSTUVWXYZ<br \/>abcdefghijklmnopqrstuvwxyz<\/p>\n<p>[\/et_pb_text][\/et_pb_column][\/et_pb_row][et_pb_row make_equal=&#8221;on&#8221; _builder_version=&#8221;4.9.7&#8243; _module_preset=&#8221;default&#8221; custom_margin=&#8221;|auto|45px|auto||&#8221; custom_padding=&#8221;7px||3px|||&#8221;][et_pb_column type=&#8221;4_4&#8243; _builder_version=&#8221;4.9.4&#8243; _module_preset=&#8221;default&#8221;][et_pb_text _builder_version=&#8221;4.9.10&#8243; _module_preset=&#8221;default&#8221; text_font=&#8221;Montserrat Alternates||||||||&#8221; text_text_color=&#8221;#000000&#8243; text_font_size=&#8221;49px&#8221; text_line_height=&#8221;1.4em&#8221; link_text_color=&#8221;#9d844b&#8221; ul_line_height=&#8221;1.5em&#8221; ol_line_height=&#8221;1.6em&#8221; header_2_font=&#8221;|700||on|||||&#8221; header_2_text_color=&#8221;gcid-b9da534b-4fc4-434e-bc24-56f9ed169cd6&#8243; header_2_font_size=&#8221;40px&#8221; header_3_font=&#8221;|700|||||||&#8221; header_3_text_color=&#8221;gcid-0ea41261-537c-48ab-b0b7-898d0100a6f1&#8243; background_layout=&#8221;dark&#8221; hover_enabled=&#8221;0&#8243; global_colors_info=&#8221;{%22gcid-b9da534b-4fc4-434e-bc24-56f9ed169cd6%22:%91%22header_2_text_color%22%93,%22gcid-0ea41261-537c-48ab-b0b7-898d0100a6f1%22:%91%22header_3_text_color%22%93}&#8221; text_text_color__hover_enabled=&#8221;off|desktop&#8221; sticky_enabled=&#8221;0&#8243;]<\/p>\n<p>ABCDEFGHIJKLMNOPQRSTUVWXYZ<br \/>abcdefghijklmnopqrstuvwxyz<\/p>\n<p>[\/et_pb_text][et_pb_text _builder_version=&#8221;4.9.10&#8243; _module_preset=&#8221;default&#8221; text_font=&#8221;Montserrat Alternates||||||||&#8221; text_text_color=&#8221;#000000&#8243; text_font_size=&#8221;49px&#8221; text_line_height=&#8221;1.4em&#8221; link_text_color=&#8221;#9d844b&#8221; ul_line_height=&#8221;1.5em&#8221; ol_line_height=&#8221;1.6em&#8221; header_2_font=&#8221;|700||on|||||&#8221; header_2_text_color=&#8221;gcid-b9da534b-4fc4-434e-bc24-56f9ed169cd6&#8243; header_2_font_size=&#8221;40px&#8221; header_3_font=&#8221;|700|||||||&#8221; header_3_text_color=&#8221;gcid-0ea41261-537c-48ab-b0b7-898d0100a6f1&#8243; background_layout=&#8221;dark&#8221; hover_enabled=&#8221;0&#8243; global_colors_info=&#8221;{%22gcid-b9da534b-4fc4-434e-bc24-56f9ed169cd6%22:%91%22header_2_text_color%22%93,%22gcid-0ea41261-537c-48ab-b0b7-898d0100a6f1%22:%91%22header_3_text_color%22%93}&#8221; text_text_color__hover_enabled=&#8221;off|desktop&#8221; sticky_enabled=&#8221;0&#8243;]<\/p>\n<p>Las fuentes anteriores son Montserrat Alternates<\/p>\n<p>[\/et_pb_text][\/et_pb_column][\/et_pb_row][et_pb_row make_equal=&#8221;on&#8221; _builder_version=&#8221;4.9.7&#8243; _module_preset=&#8221;default&#8221; custom_margin=&#8221;|auto|-5px|auto||&#8221; custom_padding=&#8221;7px||3px|||&#8221;][et_pb_column type=&#8221;4_4&#8243; _builder_version=&#8221;4.9.4&#8243; _module_preset=&#8221;default&#8221;][et_pb_text _builder_version=&#8221;4.9.10&#8243; _module_preset=&#8221;default&#8221; text_font=&#8221;Montserrat Alternates|800|||||||&#8221; text_text_color=&#8221;#000000&#8243; text_font_size=&#8221;49px&#8221; text_line_height=&#8221;1.4em&#8221; link_text_color=&#8221;#9d844b&#8221; ul_line_height=&#8221;1.5em&#8221; ol_line_height=&#8221;1.6em&#8221; header_2_font=&#8221;|700||on|||||&#8221; header_2_text_color=&#8221;gcid-b9da534b-4fc4-434e-bc24-56f9ed169cd6&#8243; header_2_font_size=&#8221;40px&#8221; header_3_font=&#8221;|700|||||||&#8221; header_3_text_color=&#8221;gcid-0ea41261-537c-48ab-b0b7-898d0100a6f1&#8243; background_layout=&#8221;dark&#8221; hover_enabled=&#8221;0&#8243; global_colors_info=&#8221;{%22gcid-b9da534b-4fc4-434e-bc24-56f9ed169cd6%22:%91%22header_2_text_color%22%93,%22gcid-0ea41261-537c-48ab-b0b7-898d0100a6f1%22:%91%22header_3_text_color%22%93}&#8221; text_text_color__hover_enabled=&#8221;off|desktop&#8221; sticky_enabled=&#8221;0&#8243;]<\/p>\n<p>ABCDEFGHIJKLMNOPQRSTUVWXYZ<br \/>abcdefghijklmnopqrstuvwxyz<\/p>\n<p>[\/et_pb_text][\/et_pb_column][\/et_pb_row][et_pb_row make_equal=&#8221;on&#8221; _builder_version=&#8221;4.9.7&#8243; _module_preset=&#8221;default&#8221; custom_margin=&#8221;|auto|45px|auto||&#8221; custom_padding=&#8221;7px||3px|||&#8221;][et_pb_column type=&#8221;4_4&#8243; _builder_version=&#8221;4.9.4&#8243; _module_preset=&#8221;default&#8221;][et_pb_text _builder_version=&#8221;4.9.10&#8243; _module_preset=&#8221;default&#8221; text_font=&#8221;Montserrat Alternates||||||||&#8221; text_text_color=&#8221;#000000&#8243; text_font_size=&#8221;49px&#8221; text_line_height=&#8221;1.4em&#8221; link_text_color=&#8221;#9d844b&#8221; ul_line_height=&#8221;1.5em&#8221; ol_line_height=&#8221;1.6em&#8221; header_2_font=&#8221;|700||on|||||&#8221; header_2_text_color=&#8221;gcid-b9da534b-4fc4-434e-bc24-56f9ed169cd6&#8243; header_2_font_size=&#8221;40px&#8221; header_3_font=&#8221;|700|||||||&#8221; header_3_text_color=&#8221;gcid-0ea41261-537c-48ab-b0b7-898d0100a6f1&#8243; background_layout=&#8221;dark&#8221; hover_enabled=&#8221;0&#8243; global_colors_info=&#8221;{%22gcid-b9da534b-4fc4-434e-bc24-56f9ed169cd6%22:%91%22header_2_text_color%22%93,%22gcid-0ea41261-537c-48ab-b0b7-898d0100a6f1%22:%91%22header_3_text_color%22%93}&#8221; text_text_color__hover_enabled=&#8221;off|desktop&#8221; sticky_enabled=&#8221;0&#8243;]<\/p>\n<p>ABCDEFGHIJKLMNOPQRSTUVWXYZ<br \/>abcdefghijklmnopqrstuvwxyz<\/p>\n<p>[\/et_pb_text][et_pb_text _builder_version=&#8221;4.9.10&#8243; _module_preset=&#8221;default&#8221; text_font=&#8221;Montserrat Alternates||||||||&#8221; text_text_color=&#8221;#000000&#8243; text_font_size=&#8221;49px&#8221; text_line_height=&#8221;1.4em&#8221; link_text_color=&#8221;#9d844b&#8221; ul_line_height=&#8221;1.5em&#8221; ol_line_height=&#8221;1.6em&#8221; header_2_font=&#8221;|700||on|||||&#8221; header_2_text_color=&#8221;gcid-b9da534b-4fc4-434e-bc24-56f9ed169cd6&#8243; header_2_font_size=&#8221;40px&#8221; header_3_font=&#8221;|700|||||||&#8221; header_3_text_color=&#8221;gcid-0ea41261-537c-48ab-b0b7-898d0100a6f1&#8243; background_layout=&#8221;dark&#8221; hover_enabled=&#8221;0&#8243; global_colors_info=&#8221;{%22gcid-b9da534b-4fc4-434e-bc24-56f9ed169cd6%22:%91%22header_2_text_color%22%93,%22gcid-0ea41261-537c-48ab-b0b7-898d0100a6f1%22:%91%22header_3_text_color%22%93}&#8221; text_text_color__hover_enabled=&#8221;off|desktop&#8221; sticky_enabled=&#8221;0&#8243;]<\/p>\n<p>Las fuentes anteriores son Montserrat Alternates<\/p>\n<p>[\/et_pb_text][\/et_pb_column][\/et_pb_row][\/et_pb_section][et_pb_section fb_built=&#8221;1&#8243; _builder_version=&#8221;4.9.10&#8243; _module_preset=&#8221;default&#8221; background_color=&#8221;gcid-0ea41261-537c-48ab-b0b7-898d0100a6f1&#8243; background_enable_color=&#8221;off&#8221; custom_padding=&#8221;20px||17px|||&#8221; global_colors_info=&#8221;{%22gcid-0ea41261-537c-48ab-b0b7-898d0100a6f1%22:%91%22background_color%22%93}&#8221;][\/et_pb_section]<\/p>\n","protected":false},"excerpt":{"rendered":"<p>Una red dedicada de voluntarios y personal que abren su coraz\u00f3n a un objetivo com\u00fanSu donaci\u00f3n puede salvar una vidaABCDEFGHIJKLMNOPQRSTUVWXYZabcdefghijklmnopqrstuvwxyzABCDEFGHIJKLMNOPQRSTUVWXYZabcdefghijklmnopqrstuvwxyzLas fuentes anteriores son Montserrat AlternatesABCDEFGHIJKLMNOPQRSTUVWXYZabcdefghijklmnopqrstuvwxyzABCDEFGHIJKLMNOPQRSTUVWXYZabcdefghijklmnopqrstuvwxyzLas fuentes anteriores son Montserrat Alternates<\/p>\n","protected":false},"author":4,"featured_media":0,"parent":0,"menu_order":0,"comment_status":"closed","ping_status":"closed","template":"","meta":{"_et_pb_use_builder":"on","_et_pb_old_content":"","_et_gb_content_width":"","footnotes":""},"class_list":["post-4114","page","type-page","status-publish","hentry"],"yoast_head":"<!-- This site is optimized with the Yoast SEO plugin v27.5 - https:\/\/yoast.com\/product\/yoast-seo-wordpress\/ -->\n<title>P\u00e1gina de prueba de fuentes - Humane Society of the North Bay<\/title>\n<meta name=\"robots\" content=\"index, follow, max-snippet:-1, max-image-preview:large, max-video-preview:-1\" \/>\n<link rel=\"canonical\" href=\"https:\/\/www.hsnb.org\/es\/pagina-de-prueba-de-fuentes\/\" \/>\n<meta property=\"og:locale\" content=\"es_ES\" \/>\n<meta property=\"og:type\" content=\"article\" \/>\n<meta property=\"og:title\" content=\"P\u00e1gina de prueba de fuentes - Humane Society of the North Bay\" \/>\n<meta property=\"og:description\" content=\"Una red dedicada de voluntarios y personal que abren su coraz\u00f3n a un objetivo com\u00fanSu donaci\u00f3n puede salvar una vidaABCDEFGHIJKLMNOPQRSTUVWXYZabcdefghijklmnopqrstuvwxyzABCDEFGHIJKLMNOPQRSTUVWXYZabcdefghijklmnopqrstuvwxyzLas fuentes anteriores son Montserrat AlternatesABCDEFGHIJKLMNOPQRSTUVWXYZabcdefghijklmnopqrstuvwxyzABCDEFGHIJKLMNOPQRSTUVWXYZabcdefghijklmnopqrstuvwxyzLas fuentes anteriores son Montserrat Alternates\" \/>\n<meta property=\"og:url\" content=\"https:\/\/www.hsnb.org\/es\/pagina-de-prueba-de-fuentes\/\" \/>\n<meta property=\"og:site_name\" content=\"Humane Society of the North Bay\" \/>\n<meta property=\"article:modified_time\" content=\"2023-03-24T17:17:32+00:00\" \/>\n<meta name=\"twitter:card\" content=\"summary_large_image\" \/>\n<meta name=\"twitter:label1\" content=\"Tiempo de lectura\" \/>\n\t<meta name=\"twitter:data1\" content=\"7 minutos\" \/>\n<script type=\"application\/ld+json\" class=\"yoast-schema-graph\">{\"@context\":\"https:\\\/\\\/schema.org\",\"@graph\":[{\"@type\":\"WebPage\",\"@id\":\"https:\\\/\\\/www.hsnb.org\\\/es\\\/pagina-de-prueba-de-fuentes\\\/\",\"url\":\"https:\\\/\\\/www.hsnb.org\\\/es\\\/pagina-de-prueba-de-fuentes\\\/\",\"name\":\"P\u00e1gina de prueba de fuentes - Humane Society of the North Bay\",\"isPartOf\":{\"@id\":\"https:\\\/\\\/www.hsnb.org\\\/es\\\/#website\"},\"datePublished\":\"2021-07-09T17:26:40+00:00\",\"dateModified\":\"2023-03-24T17:17:32+00:00\",\"breadcrumb\":{\"@id\":\"https:\\\/\\\/www.hsnb.org\\\/es\\\/pagina-de-prueba-de-fuentes\\\/#breadcrumb\"},\"inLanguage\":\"es\",\"potentialAction\":[{\"@type\":\"ReadAction\",\"target\":[\"https:\\\/\\\/www.hsnb.org\\\/es\\\/pagina-de-prueba-de-fuentes\\\/\"]}]},{\"@type\":\"BreadcrumbList\",\"@id\":\"https:\\\/\\\/www.hsnb.org\\\/es\\\/pagina-de-prueba-de-fuentes\\\/#breadcrumb\",\"itemListElement\":[{\"@type\":\"ListItem\",\"position\":1,\"name\":\"Home\",\"item\":\"https:\\\/\\\/www.hsnb.org\\\/es\\\/inicio-2\\\/\"},{\"@type\":\"ListItem\",\"position\":2,\"name\":\"P\u00e1gina de prueba de fuentes\"}]},{\"@type\":\"WebSite\",\"@id\":\"https:\\\/\\\/www.hsnb.org\\\/es\\\/#website\",\"url\":\"https:\\\/\\\/www.hsnb.org\\\/es\\\/\",\"name\":\"Humane Society of the North Bay\",\"description\":\"Just another WordPress site\",\"potentialAction\":[{\"@type\":\"SearchAction\",\"target\":{\"@type\":\"EntryPoint\",\"urlTemplate\":\"https:\\\/\\\/www.hsnb.org\\\/es\\\/?s={search_term_string}\"},\"query-input\":{\"@type\":\"PropertyValueSpecification\",\"valueRequired\":true,\"valueName\":\"search_term_string\"}}],\"inLanguage\":\"es\"}]}<\/script>\n<!-- \/ Yoast SEO plugin. -->","yoast_head_json":{"title":"P\u00e1gina de prueba de fuentes - Humane Society of the North Bay","robots":{"index":"index","follow":"follow","max-snippet":"max-snippet:-1","max-image-preview":"max-image-preview:large","max-video-preview":"max-video-preview:-1"},"canonical":"https:\/\/www.hsnb.org\/es\/pagina-de-prueba-de-fuentes\/","og_locale":"es_ES","og_type":"article","og_title":"P\u00e1gina de prueba de fuentes - Humane Society of the North Bay","og_description":"Una red dedicada de voluntarios y personal que abren su coraz\u00f3n a un objetivo com\u00fanSu donaci\u00f3n puede salvar una vidaABCDEFGHIJKLMNOPQRSTUVWXYZabcdefghijklmnopqrstuvwxyzABCDEFGHIJKLMNOPQRSTUVWXYZabcdefghijklmnopqrstuvwxyzLas fuentes anteriores son Montserrat AlternatesABCDEFGHIJKLMNOPQRSTUVWXYZabcdefghijklmnopqrstuvwxyzABCDEFGHIJKLMNOPQRSTUVWXYZabcdefghijklmnopqrstuvwxyzLas fuentes anteriores son Montserrat Alternates","og_url":"https:\/\/www.hsnb.org\/es\/pagina-de-prueba-de-fuentes\/","og_site_name":"Humane Society of the North Bay","article_modified_time":"2023-03-24T17:17:32+00:00","twitter_card":"summary_large_image","twitter_misc":{"Tiempo de lectura":"7 minutos"},"schema":{"@context":"https:\/\/schema.org","@graph":[{"@type":"WebPage","@id":"https:\/\/www.hsnb.org\/es\/pagina-de-prueba-de-fuentes\/","url":"https:\/\/www.hsnb.org\/es\/pagina-de-prueba-de-fuentes\/","name":"P\u00e1gina de prueba de fuentes - Humane Society of the North Bay","isPartOf":{"@id":"https:\/\/www.hsnb.org\/es\/#website"},"datePublished":"2021-07-09T17:26:40+00:00","dateModified":"2023-03-24T17:17:32+00:00","breadcrumb":{"@id":"https:\/\/www.hsnb.org\/es\/pagina-de-prueba-de-fuentes\/#breadcrumb"},"inLanguage":"es","potentialAction":[{"@type":"ReadAction","target":["https:\/\/www.hsnb.org\/es\/pagina-de-prueba-de-fuentes\/"]}]},{"@type":"BreadcrumbList","@id":"https:\/\/www.hsnb.org\/es\/pagina-de-prueba-de-fuentes\/#breadcrumb","itemListElement":[{"@type":"ListItem","position":1,"name":"Home","item":"https:\/\/www.hsnb.org\/es\/inicio-2\/"},{"@type":"ListItem","position":2,"name":"P\u00e1gina de prueba de fuentes"}]},{"@type":"WebSite","@id":"https:\/\/www.hsnb.org\/es\/#website","url":"https:\/\/www.hsnb.org\/es\/","name":"Humane Society of the North Bay","description":"Just another WordPress site","potentialAction":[{"@type":"SearchAction","target":{"@type":"EntryPoint","urlTemplate":"https:\/\/www.hsnb.org\/es\/?s={search_term_string}"},"query-input":{"@type":"PropertyValueSpecification","valueRequired":true,"valueName":"search_term_string"}}],"inLanguage":"es"}]}},"_links":{"self":[{"href":"https:\/\/www.hsnb.org\/es\/wp-json\/wp\/v2\/pages\/4114","targetHints":{"allow":["GET"]}}],"collection":[{"href":"https:\/\/www.hsnb.org\/es\/wp-json\/wp\/v2\/pages"}],"about":[{"href":"https:\/\/www.hsnb.org\/es\/wp-json\/wp\/v2\/types\/page"}],"author":[{"embeddable":true,"href":"https:\/\/www.hsnb.org\/es\/wp-json\/wp\/v2\/users\/4"}],"replies":[{"embeddable":true,"href":"https:\/\/www.hsnb.org\/es\/wp-json\/wp\/v2\/comments?post=4114"}],"version-history":[{"count":0,"href":"https:\/\/www.hsnb.org\/es\/wp-json\/wp\/v2\/pages\/4114\/revisions"}],"wp:attachment":[{"href":"https:\/\/www.hsnb.org\/es\/wp-json\/wp\/v2\/media?parent=4114"}],"curies":[{"name":"wp","href":"https:\/\/api.w.org\/{rel}","templated":true}]}}