{"id":4113,"date":"2021-07-10T16:42:31","date_gmt":"2021-07-10T23:42:31","guid":{"rendered":"https:\/\/www.hsnb.org\/crear-una-pagina-de-homenaje\/"},"modified":"2023-03-24T10:17:31","modified_gmt":"2023-03-24T17:17:31","slug":"crear-una-pagina-de-homenaje","status":"publish","type":"page","link":"https:\/\/www.hsnb.org\/es\/crear-una-pagina-de-homenaje\/","title":{"rendered":"Crear una p\u00e1gina de homenaje"},"content":{"rendered":"<p>[et_pb_section fb_built=&#8221;1&#8243; custom_padding_last_edited=&#8221;on|phone&#8221; _builder_version=&#8221;4.10.1&#8243; _module_preset=&#8221;default&#8221; background_image=&#8221;https:\/\/www.hsnb.org\/wp-content\/uploads\/2021\/08\/LuLu-adopted-March-2017.jpg&#8221; background_position=&#8221;bottom_right&#8221; height=&#8221;450px&#8221; height_tablet=&#8221;&#8221; height_phone=&#8221;&#8221; height_last_edited=&#8221;on|phone&#8221; custom_padding=&#8221;115px|||||&#8221; custom_padding_tablet=&#8221;0px||||false|false&#8221; custom_padding_phone=&#8221;0px||250px||false|false&#8221; background_color_tablet=&#8221;#F69852&#8243; background_color_phone=&#8221;#F69852&#8243; background_last_edited=&#8221;on|phone&#8221; background_enable_color_tablet=&#8221;on&#8221; background_enable_color_phone=&#8221;on&#8221; background_image_phone=&#8221;https:\/\/www.hsnb.org\/wp-content\/uploads\/2021\/08\/LuLu-adopted-March-2017-mobile-1.jpg&#8221; background_enable_image_phone=&#8221;on&#8221; background_size_tablet=&#8221;contain&#8221; background_size_phone=&#8221;contain&#8221; global_colors_info=&#8221;{}&#8221;][et_pb_row column_structure=&#8221;2_5,3_5&#8243; _builder_version=&#8221;4.9.7&#8243; _module_preset=&#8221;default&#8221; custom_margin=&#8221;|auto|87px|auto||&#8221; animation_style=&#8221;slide&#8221; animation_direction=&#8221;bottom&#8221; global_colors_info=&#8221;{}&#8221;][et_pb_column type=&#8221;2_5&#8243; _builder_version=&#8221;4.9.7&#8243; _module_preset=&#8221;default&#8221; global_colors_info=&#8221;{}&#8221;][\/et_pb_column][et_pb_column type=&#8221;3_5&#8243; _builder_version=&#8221;4.9.7&#8243; _module_preset=&#8221;default&#8221; global_colors_info=&#8221;{}&#8221;][et_pb_text _builder_version=&#8221;4.10.1&#8243; _module_preset=&#8221;default&#8221; header_font=&#8221;|300|||||||&#8221; header_text_align=&#8221;right&#8221; header_text_color=&#8221;#FFFFFF&#8221; header_font_size=&#8221;60px&#8221; header_2_text_align=&#8221;right&#8221; custom_margin=&#8221;||8px|||&#8221; hover_enabled=&#8221;0&#8243; header_font_size_tablet=&#8221;&#8221; header_font_size_phone=&#8221;48px&#8221; header_font_size_last_edited=&#8221;on|phone&#8221; global_colors_info=&#8221;{}&#8221; header_text_align_last_edited=&#8221;on|phone&#8221; header_text_align_phone=&#8221;center&#8221; sticky_enabled=&#8221;0&#8243;]<\/p>\n<h1>Celebrar a una persona o mascota especial<\/h1>\n<p>[\/et_pb_text][et_pb_text _builder_version=&#8221;4.10.1&#8243; _module_preset=&#8221;default&#8221; text_font=&#8221;Open Sans||||||||&#8221; text_text_color=&#8221;#FFFFFF&#8221; text_font_size=&#8221;22px&#8221; text_orientation=&#8221;right&#8221; hover_enabled=&#8221;0&#8243; global_colors_info=&#8221;{}&#8221; text_orientation_last_edited=&#8221;on|phone&#8221; text_orientation_phone=&#8221;center&#8221; sticky_enabled=&#8221;0&#8243;]<\/p>\n<p>Hacer un regalo en honor o memoria<\/p>\n<p>[\/et_pb_text][\/et_pb_column][\/et_pb_row][et_pb_row column_structure=&#8221;1_4,3_4&#8243; disabled_on=&#8221;on|off|off&#8221; _builder_version=&#8221;4.10.1&#8243; _module_preset=&#8221;default&#8221; min_height=&#8221;42px&#8221; custom_padding=&#8221;0px||0px|||&#8221; animation_style=&#8221;slide&#8221; animation_direction=&#8221;bottom&#8221; global_colors_info=&#8221;{}&#8221;][et_pb_column type=&#8221;1_4&#8243; _builder_version=&#8221;4.9.7&#8243; _module_preset=&#8221;default&#8221; global_colors_info=&#8221;{}&#8221;][\/et_pb_column][et_pb_column type=&#8221;3_4&#8243; _builder_version=&#8221;4.9.7&#8243; _module_preset=&#8221;default&#8221; global_colors_info=&#8221;{}&#8221;][et_pb_text _builder_version=&#8221;4.10.1&#8243; _module_preset=&#8221;default&#8221; text_font=&#8221;Open Sans||||||||&#8221; text_text_color=&#8221;#FFFFFF&#8221; custom_margin=&#8221;||2px|||&#8221; text_orientation_tablet=&#8221;right&#8221; text_orientation_phone=&#8221;&#8221; text_orientation_last_edited=&#8221;on|tablet&#8221; global_colors_info=&#8221;{}&#8221;]<\/p>\n<p>LuLu adoptado marzo 2017<\/p>\n<p>[\/et_pb_text][\/et_pb_column][\/et_pb_row][\/et_pb_section][et_pb_section fb_built=&#8221;1&#8243; _builder_version=&#8221;4.9.10&#8243; _module_preset=&#8221;default&#8221; custom_padding=&#8221;0px||0px||true|false&#8221; global_module=&#8221;1064&#8243; saved_tabs=&#8221;all&#8221; global_colors_info=&#8221;{}&#8221;][et_pb_row column_structure=&#8221;3_5,2_5&#8243; _builder_version=&#8221;4.10.1&#8243; _module_preset=&#8221;default&#8221; background_color=&#8221;#000000&#8243; width=&#8221;100%&#8221; max_width=&#8221;2560px&#8221; custom_padding=&#8221;18px||10px||false|false&#8221; global_colors_info=&#8221;{}&#8221;][et_pb_column type=&#8221;3_5&#8243; _builder_version=&#8221;4.9.4&#8243; _module_preset=&#8221;default&#8221; global_colors_info=&#8221;{}&#8221;][et_pb_text _builder_version=&#8221;4.10.1&#8243; _module_preset=&#8221;default&#8221; header_2_font=&#8221;|700|||||||&#8221; header_2_text_align=&#8221;right&#8221; header_2_font_size=&#8221;40px&#8221; background_color=&#8221;#000000&#8243; text_orientation=&#8221;center&#8221; background_layout=&#8221;dark&#8221; custom_padding=&#8221;|25px||25px|false|true&#8221; header_2_text_align_tablet=&#8221;center&#8221; header_2_text_align_phone=&#8221;center&#8221; header_2_text_align_last_edited=&#8221;on|phone&#8221; global_colors_info=&#8221;{}&#8221;]<\/p>\n<h2>Su donaci\u00f3n puede salvar una vida<\/h2>\n<p>[\/et_pb_text][\/et_pb_column][et_pb_column type=&#8221;2_5&#8243; _builder_version=&#8221;4.10.1&#8243; _module_preset=&#8221;default&#8221; custom_padding=&#8221;|25px|||false|false&#8221; custom_padding_tablet=&#8221;|0px|||false|false&#8221; custom_padding_phone=&#8221;|0px|||false|false&#8221; custom_padding_last_edited=&#8221;on|phone&#8221; global_colors_info=&#8221;{}&#8221;][et_pb_button button_url=&#8221;https:\/\/donatenow.networkforgood.org\/hsnb&#8221; button_text=&#8221;DONAR&#8221; button_alignment=&#8221;center&#8221; _builder_version=&#8221;4.10.1&#8243; _module_preset=&#8221;default&#8221; button_text_size=&#8221;26px&#8221; button_text_color=&#8221;#FFFFFF&#8221; button_bg_color=&#8221;#ff7a01&#8243; button_border_width=&#8221;0px&#8221; button_border_color=&#8221;#ff7a01&#8243; button_border_radius=&#8221;30px&#8221; button_font=&#8221;|700|||||||&#8221; button_use_icon=&#8221;off&#8221; custom_margin=&#8221;|160px|||false|false&#8221; custom_margin_tablet=&#8221;|25px||25px|false|true&#8221; custom_margin_phone=&#8221;|25px||25px|false|true&#8221; custom_margin_last_edited=&#8221;on|phone&#8221; custom_padding=&#8221;0px||0px||true|false&#8221; custom_css_main_element=&#8221;width:100%;&#8221; global_colors_info=&#8221;{%22gcid-93296297-a419-4e4a-8354-cb3b220db9b8%22:%91%22button_bg_color__hover%22,%22button_border_color%22,%22button_bg_color%22%93}&#8221; button_bg_color__hover_enabled=&#8221;on|desktop&#8221; button_bg_color__hover=&#8221;#ff7a01&#8243; button_bg_enable_color__hover=&#8221;on&#8221;][\/et_pb_button][\/et_pb_column][\/et_pb_row][\/et_pb_section][et_pb_section fb_built=&#8221;1&#8243; _builder_version=&#8221;4.9.7&#8243; _module_preset=&#8221;default&#8221; background_color=&#8221;gcid-0ea41261-537c-48ab-b0b7-898d0100a6f1&#8243; custom_padding=&#8221;0px|||||&#8221; global_colors_info=&#8221;{%22gcid-0ea41261-537c-48ab-b0b7-898d0100a6f1%22:%91%22background_color%22%93}&#8221;][et_pb_row make_equal=&#8221;on&#8221; _builder_version=&#8221;4.9.7&#8243; _module_preset=&#8221;default&#8221; global_colors_info=&#8221;{}&#8221;][et_pb_column type=&#8221;4_4&#8243; _builder_version=&#8221;4.9.7&#8243; _module_preset=&#8221;default&#8221; global_colors_info=&#8221;{}&#8221;][et_pb_text _builder_version=&#8221;4.9.10&#8243; _module_preset=&#8221;default&#8221; text_font_size=&#8221;24px&#8221; text_line_height=&#8221;1.4em&#8221; header_2_font=&#8221;|700||on|||||&#8221; header_2_font_size=&#8221;40px&#8221; header_3_font=&#8221;|700|||||||&#8221; text_orientation=&#8221;center&#8221; background_layout=&#8221;dark&#8221; global_colors_info=&#8221;{}&#8221;]<\/p>\n<p>Honra o recuerda a un animal o una persona especial en tu vida. Haga un donativo en nombre de un ser querido que ya no est\u00e1 con nosotros.<\/p>\n<p>[\/et_pb_text][\/et_pb_column][\/et_pb_row][et_pb_row column_structure=&#8221;1_2,1_2&#8243; make_equal=&#8221;on&#8221; _builder_version=&#8221;4.9.7&#8243; _module_preset=&#8221;default&#8221; global_colors_info=&#8221;{}&#8221;][et_pb_column type=&#8221;1_2&#8243; _builder_version=&#8221;4.9.7&#8243; _module_preset=&#8221;default&#8221; background_color=&#8221;rgba(0,0,0,0.21)&#8221; custom_padding=&#8221;35px|35px|35px|35px|true|true&#8221; global_colors_info=&#8221;{}&#8221;][et_pb_text _builder_version=&#8221;4.9.10&#8243; _module_preset=&#8221;default&#8221; text_font_size=&#8221;24px&#8221; text_line_height=&#8221;1.4em&#8221; header_2_font=&#8221;|700||on|||||&#8221; header_2_font_size=&#8221;40px&#8221; header_3_font=&#8221;|700|||||||&#8221; text_orientation=&#8221;center&#8221; background_layout=&#8221;dark&#8221; global_colors_info=&#8221;{}&#8221;]<\/p>\n<p>Un regalo en memoria de un amante de los animales, honra la conexi\u00f3n entre humanos y animales y difunde este amor y dedicaci\u00f3n a los animales al cuidado de la HSNB.<\/p>\n<p>[\/et_pb_text][et_pb_button button_url=&#8221;https:\/\/donatenow.networkforgood.org\/hsnb&#8221; button_text=&#8221;Donar ahora&#8221; button_alignment=&#8221;center&#8221; _builder_version=&#8221;4.9.10&#8243; _module_preset=&#8221;default&#8221; button_text_color=&#8221;#FFFFFF&#8221; button_bg_color=&#8221;gcid-93296297-a419-4e4a-8354-cb3b220db9b8&#8243; button_border_width=&#8221;0px&#8221; button_font=&#8221;|800|||||||&#8221; global_colors_info=&#8221;{%22gcid-0ea41261-537c-48ab-b0b7-898d0100a6f1%22:%91%93,%22gcid-93296297-a419-4e4a-8354-cb3b220db9b8%22:%91%22button_bg_color%22%93}&#8221;][\/et_pb_button][\/et_pb_column][et_pb_column type=&#8221;1_2&#8243; _builder_version=&#8221;4.9.7&#8243; _module_preset=&#8221;default&#8221; background_color=&#8221;rgba(0,0,0,0.21)&#8221; custom_padding=&#8221;35px|35px|35px|35px|true|true&#8221; global_colors_info=&#8221;{}&#8221;][et_pb_text _builder_version=&#8221;4.9.10&#8243; _module_preset=&#8221;default&#8221; text_font_size=&#8221;24px&#8221; text_line_height=&#8221;1.4em&#8221; header_2_font=&#8221;|700||on|||||&#8221; header_2_font_size=&#8221;40px&#8221; header_3_font=&#8221;|700|||||||&#8221; text_orientation=&#8221;center&#8221; background_layout=&#8221;dark&#8221; global_colors_info=&#8221;{}&#8221;]<\/p>\n<p>Un regalo en memoria de una mascota querida honra ese v\u00ednculo duradero y es una forma tangible de celebrar el amor perdurable por un animal mucho despu\u00e9s de su muerte.<\/p>\n<p>[\/et_pb_text][et_pb_button button_url=&#8221;https:\/\/donatenow.networkforgood.org\/hsnb&#8221; button_text=&#8221;Donar ahora&#8221; button_alignment=&#8221;center&#8221; _builder_version=&#8221;4.9.10&#8243; _module_preset=&#8221;default&#8221; button_text_color=&#8221;#FFFFFF&#8221; button_bg_color=&#8221;gcid-93296297-a419-4e4a-8354-cb3b220db9b8&#8243; button_border_width=&#8221;0px&#8221; button_font=&#8221;|800|||||||&#8221; global_colors_info=&#8221;{%22gcid-0ea41261-537c-48ab-b0b7-898d0100a6f1%22:%91%93,%22gcid-93296297-a419-4e4a-8354-cb3b220db9b8%22:%91%22button_bg_color%22%93}&#8221;][\/et_pb_button][\/et_pb_column][\/et_pb_row][et_pb_row _builder_version=&#8221;4.9.10&#8243; _module_preset=&#8221;default&#8221; global_colors_info=&#8221;{}&#8221;][et_pb_column type=&#8221;4_4&#8243; _builder_version=&#8221;4.9.10&#8243; _module_preset=&#8221;default&#8221; global_colors_info=&#8221;{}&#8221;][et_pb_text _builder_version=&#8221;4.10.1&#8243; _module_preset=&#8221;default&#8221; text_font_size=&#8221;20px&#8221; link_font=&#8221;|700|||||||&#8221; link_text_color=&#8221;#ffcb9e&#8221; text_orientation=&#8221;center&#8221; background_layout=&#8221;dark&#8221; global_colors_info=&#8221;{}&#8221;]<\/p>\n<p>Una vez que haya hecho su donaci\u00f3n en l\u00ednea en memoria, por favor env\u00ede un correo electr\u00f3nico a <span style=\"text-decoration: underline; color: #ff9900;\"><br \/>\n  <a href=\"mailto:donate@hsnb.org\" style=\"color: #ff9900; text-decoration: underline;\">donate@hsnb.org<\/a><br \/>\n<\/span><span style=\"color: #ff9900;\"> <\/span>con el nombre del homenajeado y el nombre y la direcci\u00f3n postal o electr\u00f3nica de la persona a la que debemos notificar su donaci\u00f3n.<\/p>\n<p>[\/et_pb_text][\/et_pb_column][\/et_pb_row][\/et_pb_section][et_pb_section fb_built=&#8221;1&#8243; _builder_version=&#8221;4.9.10&#8243; _module_preset=&#8221;default&#8221; background_color=&#8221;#01b2b8&#8243; custom_padding=&#8221;0px||1px|||&#8221; global_colors_info=&#8221;{%22gcid-0ea41261-537c-48ab-b0b7-898d0100a6f1%22:%91%93,%22gcid-9e3a8181-627c-42de-925e-a926820c2a59%22:%91%93}&#8221;][et_pb_row _builder_version=&#8221;4.9.7&#8243; _module_preset=&#8221;default&#8221; background_enable_color=&#8221;off&#8221; custom_padding=&#8221;||0px|||&#8221; global_colors_info=&#8221;{}&#8221;][et_pb_column type=&#8221;4_4&#8243; _builder_version=&#8221;4.9.7&#8243; _module_preset=&#8221;default&#8221; global_colors_info=&#8221;{}&#8221;][et_pb_divider color=&#8221;#FFFFFF&#8221; _builder_version=&#8221;4.9.10&#8243; _module_preset=&#8221;default&#8221; global_colors_info=&#8221;{}&#8221;][\/et_pb_divider][\/et_pb_column][\/et_pb_row][\/et_pb_section]<\/p>\n","protected":false},"excerpt":{"rendered":"<p>Celebrar a una persona o mascota especialHacer un regalo en honor o memoriaLuLu adoptado marzo 2017Su donaci\u00f3n puede salvar una vidaHonra o recuerda a un animal o una persona especial en tu vida. Haga un donativo en nombre de un ser querido que ya no est\u00e1 con nosotros.Un regalo en memoria de un amante de los animales, honra la conexi\u00f3n entre humanos y animales y difunde este amor y dedicaci\u00f3n a los animales al cuidado de la HSNB.Un regalo en memoria de una mascota querida honra ese v\u00ednculo duradero y es una forma tangible de celebrar el amor perdurable por un animal mucho despu\u00e9s de su muerte.Una vez que haya hecho su donaci\u00f3n en l\u00ednea en memoria, por favor env\u00ede un correo electr\u00f3nico a donate@hsnb.org con el nombre del homenajeado y el nombre y la direcci\u00f3n postal o electr\u00f3nica de la persona a la que debemos notificar su donaci\u00f3n.<\/p>\n","protected":false},"author":4,"featured_media":0,"parent":0,"menu_order":0,"comment_status":"closed","ping_status":"closed","template":"","meta":{"_et_pb_use_builder":"on","_et_pb_old_content":"","_et_gb_content_width":"","footnotes":""},"class_list":["post-4113","page","type-page","status-publish","hentry"],"yoast_head":"<!-- This site is optimized with the Yoast SEO plugin v27.4 - https:\/\/yoast.com\/product\/yoast-seo-wordpress\/ -->\n<title>Crear una p\u00e1gina de homenaje - Humane Society of the North Bay<\/title>\n<meta name=\"robots\" content=\"index, follow, max-snippet:-1, max-image-preview:large, max-video-preview:-1\" \/>\n<link rel=\"canonical\" href=\"https:\/\/www.hsnb.org\/es\/crear-una-pagina-de-homenaje\/\" \/>\n<meta property=\"og:locale\" content=\"es_ES\" \/>\n<meta property=\"og:type\" content=\"article\" \/>\n<meta property=\"og:title\" content=\"Crear una p\u00e1gina de homenaje - Humane Society of the North Bay\" \/>\n<meta property=\"og:description\" content=\"Celebrar a una persona o mascota especialHacer un regalo en honor o memoriaLuLu adoptado marzo 2017Su donaci\u00f3n puede salvar una vidaHonra o recuerda a un animal o una persona especial en tu vida. Haga un donativo en nombre de un ser querido que ya no est\u00e1 con nosotros.Un regalo en memoria de un amante de los animales, honra la conexi\u00f3n entre humanos y animales y difunde este amor y dedicaci\u00f3n a los animales al cuidado de la HSNB.Un regalo en memoria de una mascota querida honra ese v\u00ednculo duradero y es una forma tangible de celebrar el amor perdurable por un animal mucho despu\u00e9s de su muerte.Una vez que haya hecho su donaci\u00f3n en l\u00ednea en memoria, por favor env\u00ede un correo electr\u00f3nico a donate@hsnb.org con el nombre del homenajeado y el nombre y la direcci\u00f3n postal o electr\u00f3nica de la persona a la que debemos notificar su donaci\u00f3n.\" \/>\n<meta property=\"og:url\" content=\"https:\/\/www.hsnb.org\/es\/crear-una-pagina-de-homenaje\/\" \/>\n<meta property=\"og:site_name\" content=\"Humane Society of the North Bay\" \/>\n<meta property=\"article:modified_time\" content=\"2023-03-24T17:17:31+00:00\" \/>\n<meta name=\"twitter:card\" content=\"summary_large_image\" \/>\n<meta name=\"twitter:label1\" content=\"Tiempo de lectura\" \/>\n\t<meta name=\"twitter:data1\" content=\"7 minutos\" \/>\n<script type=\"application\/ld+json\" class=\"yoast-schema-graph\">{\"@context\":\"https:\\\/\\\/schema.org\",\"@graph\":[{\"@type\":\"WebPage\",\"@id\":\"https:\\\/\\\/www.hsnb.org\\\/es\\\/crear-una-pagina-de-homenaje\\\/\",\"url\":\"https:\\\/\\\/www.hsnb.org\\\/es\\\/crear-una-pagina-de-homenaje\\\/\",\"name\":\"Crear una p\u00e1gina de homenaje - Humane Society of the North Bay\",\"isPartOf\":{\"@id\":\"https:\\\/\\\/www.hsnb.org\\\/es\\\/#website\"},\"datePublished\":\"2021-07-10T23:42:31+00:00\",\"dateModified\":\"2023-03-24T17:17:31+00:00\",\"breadcrumb\":{\"@id\":\"https:\\\/\\\/www.hsnb.org\\\/es\\\/crear-una-pagina-de-homenaje\\\/#breadcrumb\"},\"inLanguage\":\"es\",\"potentialAction\":[{\"@type\":\"ReadAction\",\"target\":[\"https:\\\/\\\/www.hsnb.org\\\/es\\\/crear-una-pagina-de-homenaje\\\/\"]}]},{\"@type\":\"BreadcrumbList\",\"@id\":\"https:\\\/\\\/www.hsnb.org\\\/es\\\/crear-una-pagina-de-homenaje\\\/#breadcrumb\",\"itemListElement\":[{\"@type\":\"ListItem\",\"position\":1,\"name\":\"Home\",\"item\":\"https:\\\/\\\/www.hsnb.org\\\/es\\\/inicio-2\\\/\"},{\"@type\":\"ListItem\",\"position\":2,\"name\":\"Crear una p\u00e1gina de homenaje\"}]},{\"@type\":\"WebSite\",\"@id\":\"https:\\\/\\\/www.hsnb.org\\\/es\\\/#website\",\"url\":\"https:\\\/\\\/www.hsnb.org\\\/es\\\/\",\"name\":\"Humane Society of the North Bay\",\"description\":\"Just another WordPress site\",\"potentialAction\":[{\"@type\":\"SearchAction\",\"target\":{\"@type\":\"EntryPoint\",\"urlTemplate\":\"https:\\\/\\\/www.hsnb.org\\\/es\\\/?s={search_term_string}\"},\"query-input\":{\"@type\":\"PropertyValueSpecification\",\"valueRequired\":true,\"valueName\":\"search_term_string\"}}],\"inLanguage\":\"es\"}]}<\/script>\n<!-- \/ Yoast SEO plugin. -->","yoast_head_json":{"title":"Crear una p\u00e1gina de homenaje - Humane Society of the North Bay","robots":{"index":"index","follow":"follow","max-snippet":"max-snippet:-1","max-image-preview":"max-image-preview:large","max-video-preview":"max-video-preview:-1"},"canonical":"https:\/\/www.hsnb.org\/es\/crear-una-pagina-de-homenaje\/","og_locale":"es_ES","og_type":"article","og_title":"Crear una p\u00e1gina de homenaje - Humane Society of the North Bay","og_description":"Celebrar a una persona o mascota especialHacer un regalo en honor o memoriaLuLu adoptado marzo 2017Su donaci\u00f3n puede salvar una vidaHonra o recuerda a un animal o una persona especial en tu vida. Haga un donativo en nombre de un ser querido que ya no est\u00e1 con nosotros.Un regalo en memoria de un amante de los animales, honra la conexi\u00f3n entre humanos y animales y difunde este amor y dedicaci\u00f3n a los animales al cuidado de la HSNB.Un regalo en memoria de una mascota querida honra ese v\u00ednculo duradero y es una forma tangible de celebrar el amor perdurable por un animal mucho despu\u00e9s de su muerte.Una vez que haya hecho su donaci\u00f3n en l\u00ednea en memoria, por favor env\u00ede un correo electr\u00f3nico a donate@hsnb.org con el nombre del homenajeado y el nombre y la direcci\u00f3n postal o electr\u00f3nica de la persona a la que debemos notificar su donaci\u00f3n.","og_url":"https:\/\/www.hsnb.org\/es\/crear-una-pagina-de-homenaje\/","og_site_name":"Humane Society of the North Bay","article_modified_time":"2023-03-24T17:17:31+00:00","twitter_card":"summary_large_image","twitter_misc":{"Tiempo de lectura":"7 minutos"},"schema":{"@context":"https:\/\/schema.org","@graph":[{"@type":"WebPage","@id":"https:\/\/www.hsnb.org\/es\/crear-una-pagina-de-homenaje\/","url":"https:\/\/www.hsnb.org\/es\/crear-una-pagina-de-homenaje\/","name":"Crear una p\u00e1gina de homenaje - Humane Society of the North Bay","isPartOf":{"@id":"https:\/\/www.hsnb.org\/es\/#website"},"datePublished":"2021-07-10T23:42:31+00:00","dateModified":"2023-03-24T17:17:31+00:00","breadcrumb":{"@id":"https:\/\/www.hsnb.org\/es\/crear-una-pagina-de-homenaje\/#breadcrumb"},"inLanguage":"es","potentialAction":[{"@type":"ReadAction","target":["https:\/\/www.hsnb.org\/es\/crear-una-pagina-de-homenaje\/"]}]},{"@type":"BreadcrumbList","@id":"https:\/\/www.hsnb.org\/es\/crear-una-pagina-de-homenaje\/#breadcrumb","itemListElement":[{"@type":"ListItem","position":1,"name":"Home","item":"https:\/\/www.hsnb.org\/es\/inicio-2\/"},{"@type":"ListItem","position":2,"name":"Crear una p\u00e1gina de homenaje"}]},{"@type":"WebSite","@id":"https:\/\/www.hsnb.org\/es\/#website","url":"https:\/\/www.hsnb.org\/es\/","name":"Humane Society of the North Bay","description":"Just another WordPress site","potentialAction":[{"@type":"SearchAction","target":{"@type":"EntryPoint","urlTemplate":"https:\/\/www.hsnb.org\/es\/?s={search_term_string}"},"query-input":{"@type":"PropertyValueSpecification","valueRequired":true,"valueName":"search_term_string"}}],"inLanguage":"es"}]}},"_links":{"self":[{"href":"https:\/\/www.hsnb.org\/es\/wp-json\/wp\/v2\/pages\/4113","targetHints":{"allow":["GET"]}}],"collection":[{"href":"https:\/\/www.hsnb.org\/es\/wp-json\/wp\/v2\/pages"}],"about":[{"href":"https:\/\/www.hsnb.org\/es\/wp-json\/wp\/v2\/types\/page"}],"author":[{"embeddable":true,"href":"https:\/\/www.hsnb.org\/es\/wp-json\/wp\/v2\/users\/4"}],"replies":[{"embeddable":true,"href":"https:\/\/www.hsnb.org\/es\/wp-json\/wp\/v2\/comments?post=4113"}],"version-history":[{"count":0,"href":"https:\/\/www.hsnb.org\/es\/wp-json\/wp\/v2\/pages\/4113\/revisions"}],"wp:attachment":[{"href":"https:\/\/www.hsnb.org\/es\/wp-json\/wp\/v2\/media?parent=4113"}],"curies":[{"name":"wp","href":"https:\/\/api.w.org\/{rel}","templated":true}]}}