{"id":4085,"date":"2021-07-29T14:21:16","date_gmt":"2021-07-29T21:21:16","guid":{"rendered":"https:\/\/www.hsnb.org\/pasear-a-nuestros-perros\/"},"modified":"2023-03-24T10:16:09","modified_gmt":"2023-03-24T17:16:09","slug":"pasear-a-nuestros-perros","status":"publish","type":"page","link":"https:\/\/www.hsnb.org\/es\/pasear-a-nuestros-perros\/","title":{"rendered":"Pasear a nuestros perros"},"content":{"rendered":"<p>[et_pb_section fb_built=&#8221;1&#8243; custom_padding_last_edited=&#8221;on|phone&#8221; _builder_version=&#8221;4.16&#8243; _module_preset=&#8221;default&#8221; background_image=&#8221;https:\/\/www.hsnb.org\/wp-content\/uploads\/2021\/07\/Dog_Walking_Hero_image.jpg&#8221; background_position=&#8221;bottom_right&#8221; height=&#8221;482px&#8221; custom_padding=&#8221;115px|||||&#8221; custom_padding_tablet=&#8221;&#8221; custom_padding_phone=&#8221;0px||750px||false|false&#8221; background_color_tablet=&#8221;#A6AAAD&#8221; background_color_phone=&#8221;#a6aaad&#8221; background_last_edited=&#8221;on|phone&#8221; background_enable_color_tablet=&#8221;on&#8221; background_enable_color_phone=&#8221;on&#8221; background_image_phone=&#8221;https:\/\/www.hsnb.org\/wp-content\/uploads\/2021\/08\/Dog_Walking_Hero_image-mobile.jpg&#8221; background_enable_image_phone=&#8221;on&#8221; background_size_tablet=&#8221;contain&#8221; background_size_phone=&#8221;contain&#8221; global_colors_info=&#8221;{}&#8221;][et_pb_row column_structure=&#8221;3_5,2_5&#8243; _builder_version=&#8221;4.16&#8243; _module_preset=&#8221;default&#8221; animation_style=&#8221;slide&#8221; animation_direction=&#8221;bottom&#8221; global_colors_info=&#8221;{}&#8221;][et_pb_column type=&#8221;3_5&#8243; _builder_version=&#8221;4.16&#8243; _module_preset=&#8221;default&#8221; global_colors_info=&#8221;{}&#8221;][et_pb_text _builder_version=&#8221;4.18.0&#8243; _module_preset=&#8221;default&#8221; header_font=&#8221;|300|||||||&#8221; header_text_align=&#8221;left&#8221; header_text_color=&#8221;#000000&#8243; header_font_size=&#8221;60px&#8221; custom_margin=&#8221;||8px|||&#8221; header_font_size_tablet=&#8221;&#8221; header_font_size_phone=&#8221;48px&#8221; header_font_size_last_edited=&#8221;on|phone&#8221; global_colors_info=&#8221;{}&#8221;]<\/p>\n<h1>Se necesitan paseadores de perros<\/h1>\n<p>[\/et_pb_text][et_pb_text _builder_version=&#8221;4.18.0&#8243; _module_preset=&#8221;default&#8221; text_font=&#8221;Open Sans||||||||&#8221; text_text_color=&#8221;#000000&#8243; text_font_size=&#8221;22px&#8221; global_colors_info=&#8221;{}&#8221;]<\/p>\n<p>Ven a marcar la diferencia, los perros est\u00e1n esperando<\/p>\n<p>[\/et_pb_text][\/et_pb_column][et_pb_column type=&#8221;2_5&#8243; _builder_version=&#8221;4.16&#8243; _module_preset=&#8221;default&#8221; global_colors_info=&#8221;{}&#8221;][\/et_pb_column][\/et_pb_row][\/et_pb_section][et_pb_section fb_built=&#8221;1&#8243; _builder_version=&#8221;4.9.10&#8243; _module_preset=&#8221;default&#8221; custom_padding=&#8221;0px||0px||true|false&#8221; global_module=&#8221;1064&#8243; global_colors_info=&#8221;{}&#8221;][\/et_pb_section][et_pb_section fb_built=&#8221;1&#8243; _builder_version=&#8221;4.16&#8243; _module_preset=&#8221;default&#8221; custom_padding=&#8221;||2px|||&#8221; global_colors_info=&#8221;{}&#8221;][et_pb_row _builder_version=&#8221;4.16&#8243; _module_preset=&#8221;default&#8221; custom_padding=&#8221;7px||3px|||&#8221; global_colors_info=&#8221;{}&#8221;][et_pb_column type=&#8221;4_4&#8243; _builder_version=&#8221;4.16&#8243; _module_preset=&#8221;default&#8221; global_colors_info=&#8221;{}&#8221;][et_pb_text _builder_version=&#8221;4.16&#8243; _module_preset=&#8221;default&#8221; header_2_font=&#8221;|700|||||||&#8221; header_2_text_align=&#8221;left&#8221; header_2_text_color=&#8221;gcid-b9da534b-4fc4-434e-bc24-56f9ed169cd6&#8243; header_2_font_size=&#8221;40px&#8221; background_enable_color=&#8221;off&#8221; text_orientation=&#8221;center&#8221; custom_margin=&#8221;|-54px|-1px|||&#8221; custom_margin_tablet=&#8221;&#8221; custom_margin_phone=&#8221;|0px|-1px||false|false&#8221; custom_margin_last_edited=&#8221;on|phone&#8221; header_2_font_size_tablet=&#8221;&#8221; header_2_font_size_phone=&#8221;30px&#8221; header_2_font_size_last_edited=&#8221;on|phone&#8221; global_colors_info=&#8221;{%22gcid-b9da534b-4fc4-434e-bc24-56f9ed169cd6%22:%91%22header_2_text_color%22%93}&#8221;]<\/p>\n<h2>Para convertirse en voluntario paseador de perros, siga estos pasos.<\/h2>\n<p>[\/et_pb_text][\/et_pb_column][\/et_pb_row][et_pb_row column_structure=&#8221;3_5,2_5&#8243; _builder_version=&#8221;4.16&#8243; _module_preset=&#8221;default&#8221; custom_margin=&#8221;0px|auto||auto||&#8221; custom_padding=&#8221;5px||15px|||&#8221; global_colors_info=&#8221;{}&#8221;][et_pb_column type=&#8221;3_5&#8243; _builder_version=&#8221;4.16&#8243; _module_preset=&#8221;default&#8221; global_colors_info=&#8221;{}&#8221;][et_pb_text _builder_version=&#8221;4.16&#8243; _module_preset=&#8221;default&#8221; custom_margin=&#8221;||13px|||&#8221; global_colors_info=&#8221;{}&#8221;]<\/p>\n<p><span style=\"font-weight: 400;\">\u00a1Esperamos tenerte en nuestro equipo de dedicados paseadores de perros!<\/span><\/p>\n<p>[\/et_pb_text][et_pb_text _builder_version=&#8221;4.18.0&#8243; _module_preset=&#8221;default&#8221; header_3_text_color=&#8221;gcid-b9da534b-4fc4-434e-bc24-56f9ed169cd6&#8243; custom_margin=&#8221;||13px|||&#8221; hover_enabled=&#8221;0&#8243; global_colors_info=&#8221;{%22gcid-b9da534b-4fc4-434e-bc24-56f9ed169cd6%22:%91%22header_3_text_color%22%93}&#8221; link_text_color=&#8221;#d86100&#8243; link_font=&#8221;|700|||||||&#8221; sticky_enabled=&#8221;0&#8243; link_font_size=&#8221;20px&#8221;]<\/p>\n<h3><strong>Paso n\u00ba 1 Rellenar la solicitud de voluntario<\/strong><\/h3>\n<p>Rellene el <a href=\"https:\/\/www.hsnb.org\/es\/solicitud-de-voluntariado\/\" target=\"_blank\" rel=\"noopener\"><br \/>\n  <u>formulario de solicitud<\/u><br \/>\n<\/a><\/p>\n<h3><strong>Paso n\u00ba 2: Revisar la Gu\u00eda de adiestramiento para pasear perros y completar el cuestionario<\/strong><\/h3>\n<p><span style=\"text-decoration: underline;\"><a href=\"https:\/\/www.hsnb.org\/wp-content\/uploads\/2021\/07\/Dog-Volunteer-Orientation-Training-2021.pdf\" target=\"_blank\" rel=\"noopener\">Haga clic aqu\u00ed para leer la Gu\u00eda de orientaci\u00f3n y adiestramiento para paseadores de perros y enviar el cuestionario<\/a><\/span><\/p>\n<h3><strong>Paso n\u00ba 3 Asistir a un curso de orientaci\u00f3n para paseadores de perros<\/strong><\/h3>\n<p><i>(60-90 minutos)<\/i>  Una vez superado el cuestionario de orientaci\u00f3n, el coordinador de voluntarios se pondr\u00e1 en contacto con usted para programar su formaci\u00f3n como mentor.<\/p>\n<h3><strong>Paso n\u00ba 4 Asistir a una formaci\u00f3n de Shadow Mentor<\/strong><\/h3>\n<p><i>(30 minutos)<\/i>  El coordinador de voluntarios programar\u00e1 este segundo mentor. Haremos todo lo posible para programarle con mentores diferentes para cada formaci\u00f3n.<\/p>\n<p><span style=\"font-weight: 400;\"><br \/><\/span><span style=\"font-weight: 400;\"><\/span><\/p>\n<p>[\/et_pb_text][et_pb_text _builder_version=&#8221;4.16&#8243; _module_preset=&#8221;default&#8221; custom_margin=&#8221;||13px|||&#8221; global_colors_info=&#8221;{}&#8221;]<\/p>\n<p><span style=\"font-weight: 400;\">Una vez completado el paseo de sombra, puedes ir solo y hacer tu propio horario, siempre que te sientas c\u00f3modo haci\u00e9ndolo. Si necesitas m\u00e1s asesoramiento, no tienes m\u00e1s que ped\u00edrnoslo. Estaremos encantados de orientarte hasta que te sientas c\u00f3modo en solitario. Puede venir en cualquier momento de lunes a viernes de 9.00 a 17.00 horas. Dicho esto, nuestra mayor necesidad son los d\u00edas laborables. Puedes ser voluntario tantas veces como quieras: no hay requisitos m\u00ednimos.<\/span><span style=\"font-weight: 400;\"><\/span><\/p>\n<p>[\/et_pb_text][\/et_pb_column][et_pb_column type=&#8221;2_5&#8243; _builder_version=&#8221;4.16&#8243; _module_preset=&#8221;default&#8221; global_colors_info=&#8221;{}&#8221;][et_pb_text _builder_version=&#8221;4.16&#8243; _module_preset=&#8221;default&#8221; text_font=&#8221;Montserrat Alternates||||||||&#8221; text_orientation=&#8221;center&#8221; min_height=&#8221;49px&#8221; custom_margin=&#8221;5px||3px|||&#8221; global_colors_info=&#8221;{}&#8221;]<\/p>\n<p><span style=\"font-weight: 400;\">Koda adoptable en cabeza paseando con su madre adoptiva Susan y su hermana adoptiva Nova.<\/span><strong><span style=\"text-decoration: underline;\"><\/span><\/strong><\/p>\n<p>[\/et_pb_text][dsm_blob_image blob_image=&#8221;https:\/\/www.hsnb.org\/wp-content\/uploads\/2021\/08\/Dog_Walkers_Image.jpg&#8221; image_height=&#8221;463px&#8221; _builder_version=&#8221;4.16&#8243; _module_preset=&#8221;default&#8221; min_height=&#8221;355px&#8221; custom_margin=&#8221;||1px|||&#8221; custom_padding=&#8221;||0px|||&#8221; box_shadow_style_blob=&#8221;preset4&#8243; box_shadow_color_blob=&#8221;#23d1cb&#8221; global_colors_info=&#8221;{}&#8221;][\/dsm_blob_image][et_pb_text _builder_version=&#8221;4.18.0&#8243; _module_preset=&#8221;default&#8221; text_font=&#8221;Montserrat Alternates||||||||&#8221; text_orientation=&#8221;center&#8221; min_height=&#8221;49px&#8221; custom_margin=&#8221;-8px||13px|||&#8221; hover_enabled=&#8221;0&#8243; global_colors_info=&#8221;{}&#8221; link_text_color=&#8221;#d86100&#8243; link_font_size=&#8221;20px&#8221; sticky_enabled=&#8221;0&#8243;]<\/p>\n<p><span style=\"font-weight: 400;\">Para m\u00e1s informaci\u00f3n, env\u00ede un correo electr\u00f3nico a<br \/><\/span><strong><br \/>\n  <span style=\"text-decoration: underline;\"><br \/>\n    <a href=\"mailto:vcoordinator@hsnb.org\">volunteer@hsnb.org<\/a><br \/>\n  <\/span><br \/>\n<\/strong><\/p>\n<p>[\/et_pb_text][\/et_pb_column][\/et_pb_row][\/et_pb_section][et_pb_section fb_built=&#8221;1&#8243; _builder_version=&#8221;4.16&#8243; _module_preset=&#8221;default&#8221; background_color=&#8221;#efefef&#8221; custom_padding=&#8221;0px||4px|||&#8221; global_colors_info=&#8221;{%22gcid-b9da534b-4fc4-434e-bc24-56f9ed169cd6%22:%91%93,%22gcid-9e3a8181-627c-42de-925e-a926820c2a59%22:%91%93}&#8221;][et_pb_row column_structure=&#8221;3_5,2_5&#8243; _builder_version=&#8221;4.16&#8243; _module_preset=&#8221;default&#8221; global_colors_info=&#8221;{}&#8221;][et_pb_column type=&#8221;3_5&#8243; _builder_version=&#8221;4.16&#8243; _module_preset=&#8221;default&#8221; global_colors_info=&#8221;{}&#8221;][et_pb_text _builder_version=&#8221;4.16&#8243; _module_preset=&#8221;default&#8221; text_text_color=&#8221;#000000&#8243; text_font_size=&#8221;24px&#8221; text_line_height=&#8221;1.4em&#8221; header_2_font=&#8221;|700||on|||||&#8221; header_2_text_color=&#8221;gcid-b9da534b-4fc4-434e-bc24-56f9ed169cd6&#8243; header_2_font_size=&#8221;40px&#8221; header_3_font=&#8221;|700|||||||&#8221; header_3_text_color=&#8221;gcid-0ea41261-537c-48ab-b0b7-898d0100a6f1&#8243; text_orientation=&#8221;center&#8221; background_layout=&#8221;dark&#8221; min_height=&#8221;57px&#8221; custom_margin=&#8221;37px|||||&#8221; custom_padding=&#8221;3px|||||&#8221; global_colors_info=&#8221;{%22gcid-b9da534b-4fc4-434e-bc24-56f9ed169cd6%22:%91%22header_2_text_color%22%93,%22gcid-0ea41261-537c-48ab-b0b7-898d0100a6f1%22:%91%22header_3_text_color%22%93}&#8221;]<span style=\"font-weight: 400;\">Gracias a  <\/span><a href=\"http:\/\/www.powellpet.net\/\"><b>Powell Bros. Feed &amp; Pet Supply  <\/b><\/a><span style=\"font-weight: 400;\">  \u00a1por patrocinar nuestro Programa de Mentores!<\/span><span style=\"font-weight: 400;\"><\/span>[\/et_pb_text][\/et_pb_column][et_pb_column type=&#8221;2_5&#8243; _builder_version=&#8221;4.16&#8243; _module_preset=&#8221;default&#8221; global_colors_info=&#8221;{}&#8221;][et_pb_image src=&#8221;https:\/\/www.hsnb.org\/wp-content\/uploads\/2021\/07\/powellpet_Logo2.png&#8221; title_text=&#8221;powellpet_Logo2&#8243; align=&#8221;center&#8221; _builder_version=&#8221;4.16&#8243; _module_preset=&#8221;default&#8221; width=&#8221;50%&#8221; global_colors_info=&#8221;{}&#8221;][\/et_pb_image][\/et_pb_column][\/et_pb_row][\/et_pb_section]<\/p>\n","protected":false},"excerpt":{"rendered":"<p>Se necesitan paseadores de perrosVen a marcar la diferencia, los perros est\u00e1n esperandoPara convertirse en voluntario paseador de perros, siga estos pasos.\u00a1Esperamos tenerte en nuestro equipo de dedicados paseadores de perros!Paso n\u00ba 1 Rellenar la solicitud de voluntario Rellene el formulario de solicitud Paso n\u00ba 2: Revisar la Gu\u00eda de adiestramiento para pasear perros y completar el cuestionario Haga clic aqu\u00ed para leer la Gu\u00eda de orientaci\u00f3n y adiestramiento para paseadores de perros y enviar el cuestionario Paso n\u00ba 3 Asistir a un curso de orientaci\u00f3n para paseadores de perros (60-90 minutos) Una vez superado el cuestionario de orientaci\u00f3n, el coordinador de voluntarios se pondr\u00e1 en contacto con usted para programar su formaci\u00f3n como mentor. Paso n\u00ba 4 Asistir a una formaci\u00f3n de Shadow Mentor (30 minutos) El coordinador de voluntarios programar\u00e1 este segundo mentor. Haremos todo lo posible para programarle con mentores diferentes para cada formaci\u00f3n. Una vez completado el paseo de sombra, puedes ir solo y hacer tu propio horario, siempre que te sientas c\u00f3modo haci\u00e9ndolo. Si necesitas m\u00e1s asesoramiento, no tienes m\u00e1s que ped\u00edrnoslo. Estaremos encantados de orientarte hasta que te sientas c\u00f3modo en solitario. Puede venir en cualquier momento de lunes a viernes de 9.00 a [&hellip;]<\/p>\n","protected":false},"author":2,"featured_media":0,"parent":0,"menu_order":0,"comment_status":"closed","ping_status":"closed","template":"","meta":{"_et_pb_use_builder":"on","_et_pb_old_content":"","_et_gb_content_width":"","footnotes":""},"class_list":["post-4085","page","type-page","status-publish","hentry"],"yoast_head":"<!-- This site is optimized with the Yoast SEO plugin v27.4 - https:\/\/yoast.com\/product\/yoast-seo-wordpress\/ -->\n<title>Pasear a nuestros perros - Humane Society of the North Bay<\/title>\n<meta name=\"robots\" content=\"index, follow, max-snippet:-1, max-image-preview:large, max-video-preview:-1\" \/>\n<link rel=\"canonical\" href=\"https:\/\/www.hsnb.org\/es\/pasear-a-nuestros-perros\/\" \/>\n<meta property=\"og:locale\" content=\"es_ES\" \/>\n<meta property=\"og:type\" content=\"article\" \/>\n<meta property=\"og:title\" content=\"Pasear a nuestros perros - Humane Society of the North Bay\" \/>\n<meta property=\"og:description\" content=\"Se necesitan paseadores de perrosVen a marcar la diferencia, los perros est\u00e1n esperandoPara convertirse en voluntario paseador de perros, siga estos pasos.\u00a1Esperamos tenerte en nuestro equipo de dedicados paseadores de perros!Paso n\u00ba 1 Rellenar la solicitud de voluntario Rellene el formulario de solicitud Paso n\u00ba 2: Revisar la Gu\u00eda de adiestramiento para pasear perros y completar el cuestionario Haga clic aqu\u00ed para leer la Gu\u00eda de orientaci\u00f3n y adiestramiento para paseadores de perros y enviar el cuestionario Paso n\u00ba 3 Asistir a un curso de orientaci\u00f3n para paseadores de perros (60-90 minutos) Una vez superado el cuestionario de orientaci\u00f3n, el coordinador de voluntarios se pondr\u00e1 en contacto con usted para programar su formaci\u00f3n como mentor. Paso n\u00ba 4 Asistir a una formaci\u00f3n de Shadow Mentor (30 minutos) El coordinador de voluntarios programar\u00e1 este segundo mentor. Haremos todo lo posible para programarle con mentores diferentes para cada formaci\u00f3n. Una vez completado el paseo de sombra, puedes ir solo y hacer tu propio horario, siempre que te sientas c\u00f3modo haci\u00e9ndolo. Si necesitas m\u00e1s asesoramiento, no tienes m\u00e1s que ped\u00edrnoslo. Estaremos encantados de orientarte hasta que te sientas c\u00f3modo en solitario. Puede venir en cualquier momento de lunes a viernes de 9.00 a [&hellip;]\" \/>\n<meta property=\"og:url\" content=\"https:\/\/www.hsnb.org\/es\/pasear-a-nuestros-perros\/\" \/>\n<meta property=\"og:site_name\" content=\"Humane Society of the North Bay\" \/>\n<meta property=\"article:modified_time\" content=\"2023-03-24T17:16:09+00:00\" \/>\n<meta name=\"twitter:card\" content=\"summary_large_image\" \/>\n<meta name=\"twitter:label1\" content=\"Tiempo de lectura\" \/>\n\t<meta name=\"twitter:data1\" content=\"6 minutos\" \/>\n<script type=\"application\/ld+json\" class=\"yoast-schema-graph\">{\"@context\":\"https:\\\/\\\/schema.org\",\"@graph\":[{\"@type\":\"WebPage\",\"@id\":\"https:\\\/\\\/www.hsnb.org\\\/es\\\/pasear-a-nuestros-perros\\\/\",\"url\":\"https:\\\/\\\/www.hsnb.org\\\/es\\\/pasear-a-nuestros-perros\\\/\",\"name\":\"Pasear a nuestros perros - Humane Society of the North Bay\",\"isPartOf\":{\"@id\":\"https:\\\/\\\/www.hsnb.org\\\/es\\\/#website\"},\"datePublished\":\"2021-07-29T21:21:16+00:00\",\"dateModified\":\"2023-03-24T17:16:09+00:00\",\"breadcrumb\":{\"@id\":\"https:\\\/\\\/www.hsnb.org\\\/es\\\/pasear-a-nuestros-perros\\\/#breadcrumb\"},\"inLanguage\":\"es\",\"potentialAction\":[{\"@type\":\"ReadAction\",\"target\":[\"https:\\\/\\\/www.hsnb.org\\\/es\\\/pasear-a-nuestros-perros\\\/\"]}]},{\"@type\":\"BreadcrumbList\",\"@id\":\"https:\\\/\\\/www.hsnb.org\\\/es\\\/pasear-a-nuestros-perros\\\/#breadcrumb\",\"itemListElement\":[{\"@type\":\"ListItem\",\"position\":1,\"name\":\"Home\",\"item\":\"https:\\\/\\\/www.hsnb.org\\\/es\\\/inicio-2\\\/\"},{\"@type\":\"ListItem\",\"position\":2,\"name\":\"Pasear a nuestros perros\"}]},{\"@type\":\"WebSite\",\"@id\":\"https:\\\/\\\/www.hsnb.org\\\/es\\\/#website\",\"url\":\"https:\\\/\\\/www.hsnb.org\\\/es\\\/\",\"name\":\"Humane Society of the North Bay\",\"description\":\"Just another WordPress site\",\"potentialAction\":[{\"@type\":\"SearchAction\",\"target\":{\"@type\":\"EntryPoint\",\"urlTemplate\":\"https:\\\/\\\/www.hsnb.org\\\/es\\\/?s={search_term_string}\"},\"query-input\":{\"@type\":\"PropertyValueSpecification\",\"valueRequired\":true,\"valueName\":\"search_term_string\"}}],\"inLanguage\":\"es\"}]}<\/script>\n<!-- \/ Yoast SEO plugin. -->","yoast_head_json":{"title":"Pasear a nuestros perros - Humane Society of the North Bay","robots":{"index":"index","follow":"follow","max-snippet":"max-snippet:-1","max-image-preview":"max-image-preview:large","max-video-preview":"max-video-preview:-1"},"canonical":"https:\/\/www.hsnb.org\/es\/pasear-a-nuestros-perros\/","og_locale":"es_ES","og_type":"article","og_title":"Pasear a nuestros perros - Humane Society of the North Bay","og_description":"Se necesitan paseadores de perrosVen a marcar la diferencia, los perros est\u00e1n esperandoPara convertirse en voluntario paseador de perros, siga estos pasos.\u00a1Esperamos tenerte en nuestro equipo de dedicados paseadores de perros!Paso n\u00ba 1 Rellenar la solicitud de voluntario Rellene el formulario de solicitud Paso n\u00ba 2: Revisar la Gu\u00eda de adiestramiento para pasear perros y completar el cuestionario Haga clic aqu\u00ed para leer la Gu\u00eda de orientaci\u00f3n y adiestramiento para paseadores de perros y enviar el cuestionario Paso n\u00ba 3 Asistir a un curso de orientaci\u00f3n para paseadores de perros (60-90 minutos) Una vez superado el cuestionario de orientaci\u00f3n, el coordinador de voluntarios se pondr\u00e1 en contacto con usted para programar su formaci\u00f3n como mentor. Paso n\u00ba 4 Asistir a una formaci\u00f3n de Shadow Mentor (30 minutos) El coordinador de voluntarios programar\u00e1 este segundo mentor. Haremos todo lo posible para programarle con mentores diferentes para cada formaci\u00f3n. Una vez completado el paseo de sombra, puedes ir solo y hacer tu propio horario, siempre que te sientas c\u00f3modo haci\u00e9ndolo. Si necesitas m\u00e1s asesoramiento, no tienes m\u00e1s que ped\u00edrnoslo. Estaremos encantados de orientarte hasta que te sientas c\u00f3modo en solitario. Puede venir en cualquier momento de lunes a viernes de 9.00 a [&hellip;]","og_url":"https:\/\/www.hsnb.org\/es\/pasear-a-nuestros-perros\/","og_site_name":"Humane Society of the North Bay","article_modified_time":"2023-03-24T17:16:09+00:00","twitter_card":"summary_large_image","twitter_misc":{"Tiempo de lectura":"6 minutos"},"schema":{"@context":"https:\/\/schema.org","@graph":[{"@type":"WebPage","@id":"https:\/\/www.hsnb.org\/es\/pasear-a-nuestros-perros\/","url":"https:\/\/www.hsnb.org\/es\/pasear-a-nuestros-perros\/","name":"Pasear a nuestros perros - Humane Society of the North Bay","isPartOf":{"@id":"https:\/\/www.hsnb.org\/es\/#website"},"datePublished":"2021-07-29T21:21:16+00:00","dateModified":"2023-03-24T17:16:09+00:00","breadcrumb":{"@id":"https:\/\/www.hsnb.org\/es\/pasear-a-nuestros-perros\/#breadcrumb"},"inLanguage":"es","potentialAction":[{"@type":"ReadAction","target":["https:\/\/www.hsnb.org\/es\/pasear-a-nuestros-perros\/"]}]},{"@type":"BreadcrumbList","@id":"https:\/\/www.hsnb.org\/es\/pasear-a-nuestros-perros\/#breadcrumb","itemListElement":[{"@type":"ListItem","position":1,"name":"Home","item":"https:\/\/www.hsnb.org\/es\/inicio-2\/"},{"@type":"ListItem","position":2,"name":"Pasear a nuestros perros"}]},{"@type":"WebSite","@id":"https:\/\/www.hsnb.org\/es\/#website","url":"https:\/\/www.hsnb.org\/es\/","name":"Humane Society of the North Bay","description":"Just another WordPress site","potentialAction":[{"@type":"SearchAction","target":{"@type":"EntryPoint","urlTemplate":"https:\/\/www.hsnb.org\/es\/?s={search_term_string}"},"query-input":{"@type":"PropertyValueSpecification","valueRequired":true,"valueName":"search_term_string"}}],"inLanguage":"es"}]}},"_links":{"self":[{"href":"https:\/\/www.hsnb.org\/es\/wp-json\/wp\/v2\/pages\/4085","targetHints":{"allow":["GET"]}}],"collection":[{"href":"https:\/\/www.hsnb.org\/es\/wp-json\/wp\/v2\/pages"}],"about":[{"href":"https:\/\/www.hsnb.org\/es\/wp-json\/wp\/v2\/types\/page"}],"author":[{"embeddable":true,"href":"https:\/\/www.hsnb.org\/es\/wp-json\/wp\/v2\/users\/2"}],"replies":[{"embeddable":true,"href":"https:\/\/www.hsnb.org\/es\/wp-json\/wp\/v2\/comments?post=4085"}],"version-history":[{"count":0,"href":"https:\/\/www.hsnb.org\/es\/wp-json\/wp\/v2\/pages\/4085\/revisions"}],"wp:attachment":[{"href":"https:\/\/www.hsnb.org\/es\/wp-json\/wp\/v2\/media?parent=4085"}],"curies":[{"name":"wp","href":"https:\/\/api.w.org\/{rel}","templated":true}]}}