{"id":4028,"date":"2021-07-10T17:26:22","date_gmt":"2021-07-11T00:26:22","guid":{"rendered":"https:\/\/www.hsnb.org\/proteja-el-futuro-de-su-mascota-pagina\/"},"modified":"2023-03-24T10:16:09","modified_gmt":"2023-03-24T17:16:09","slug":"proteja-el-futuro-de-su-mascota-pagina","status":"publish","type":"page","link":"https:\/\/www.hsnb.org\/es\/proteja-el-futuro-de-su-mascota-pagina\/","title":{"rendered":"Proteja el futuro de su mascota P\u00e1gina"},"content":{"rendered":"<p>[et_pb_section fb_built=&#8221;1&#8243; custom_padding_last_edited=&#8221;on|phone&#8221; _builder_version=&#8221;4.10.1&#8243; _module_preset=&#8221;default&#8221; background_image=&#8221;https:\/\/www.hsnb.org\/wp-content\/uploads\/2021\/08\/Jack_Pets_Future_Hero_Banner.jpg&#8221; background_position=&#8221;top_right&#8221; height=&#8221;494px&#8221; custom_padding=&#8221;67px||0px|||&#8221; custom_padding_tablet=&#8221;0px||||false|false&#8221; custom_padding_phone=&#8221;0px||850px||false|false&#8221; hover_enabled=&#8221;0&#8243; background_color_tablet=&#8221;gcid-0ea41261-537c-48ab-b0b7-898d0100a6f1&#8243; background_color_phone=&#8221;gcid-0ea41261-537c-48ab-b0b7-898d0100a6f1&#8243; background_last_edited=&#8221;on|phone&#8221; background_enable_color_tablet=&#8221;on&#8221; background_enable_color_phone=&#8221;on&#8221; background_image_phone=&#8221;https:\/\/www.hsnb.org\/wp-content\/uploads\/2021\/08\/Jack_Pets_Future_Hero_Banner-mobile-1.jpg&#8221; background_enable_image_phone=&#8221;on&#8221; background_size_tablet=&#8221;contain&#8221; background_size_phone=&#8221;contain&#8221; background_position_tablet=&#8221;bottom_right&#8221; background_position_phone=&#8221;bottom_center&#8221; global_colors_info=&#8221;{%22gcid-0ea41261-537c-48ab-b0b7-898d0100a6f1%22:%91%22background_color%22%93}&#8221; title_text=&#8221;Jack_Pets_Future_Hero_Banner-mobile&#8221; sticky_enabled=&#8221;0&#8243;][et_pb_row column_structure=&#8221;3_5,2_5&#8243; custom_padding_last_edited=&#8221;on|phone&#8221; _builder_version=&#8221;4.10.1&#8243; _module_preset=&#8221;default&#8221; custom_margin_last_edited=&#8221;off|phone&#8221; custom_padding=&#8221;||132px|||&#8221; custom_padding_tablet=&#8221;||0px||false|false&#8221; custom_padding_phone=&#8221;||0px||false|false&#8221; animation_style=&#8221;slide&#8221; animation_direction=&#8221;bottom&#8221; global_colors_info=&#8221;{}&#8221;][et_pb_column type=&#8221;3_5&#8243; _builder_version=&#8221;4.9.7&#8243; _module_preset=&#8221;default&#8221; global_colors_info=&#8221;{}&#8221;][et_pb_text _builder_version=&#8221;4.10.1&#8243; _module_preset=&#8221;default&#8221; header_font=&#8221;|300|||||||&#8221; header_text_align=&#8221;left&#8221; header_text_color=&#8221;#FFFFFF&#8221; header_font_size=&#8221;60px&#8221; custom_margin=&#8221;|-73px|3px|||&#8221; custom_margin_tablet=&#8221;|0px|||false|false&#8221; custom_margin_phone=&#8221;|0px|3px||false|false&#8221; custom_margin_last_edited=&#8221;on|phone&#8221; hover_enabled=&#8221;0&#8243; header_font_size_tablet=&#8221;&#8221; header_font_size_phone=&#8221;48px&#8221; header_font_size_last_edited=&#8221;on|phone&#8221; global_colors_info=&#8221;{}&#8221; header_text_align_last_edited=&#8221;on|phone&#8221; header_text_align_phone=&#8221;center&#8221; sticky_enabled=&#8221;0&#8243;]<\/p>\n<h1>Proteja el futuro de su mascota y qu\u00e9dese tranquilo<\/h1>\n<p>[\/et_pb_text][et_pb_text _builder_version=&#8221;4.10.1&#8243; _module_preset=&#8221;default&#8221; text_font=&#8221;Open Sans||||||||&#8221; text_text_color=&#8221;#FFFFFF&#8221; text_font_size=&#8221;22px&#8221; hover_enabled=&#8221;0&#8243; global_colors_info=&#8221;{}&#8221; text_orientation_last_edited=&#8221;on|phone&#8221; text_orientation_phone=&#8221;center&#8221; sticky_enabled=&#8221;0&#8243;]<\/p>\n<p>Marca la diferencia en la vida de las mascotas sin hogar<\/p>\n<p>[\/et_pb_text][\/et_pb_column][et_pb_column type=&#8221;2_5&#8243; _builder_version=&#8221;4.9.7&#8243; _module_preset=&#8221;default&#8221; global_colors_info=&#8221;{}&#8221;][\/et_pb_column][\/et_pb_row][et_pb_row column_structure=&#8221;1_2,1_2&#8243; _builder_version=&#8221;4.9.10&#8243; _module_preset=&#8221;default&#8221; min_height=&#8221;16px&#8221; custom_padding=&#8221;11px||0px|||&#8221; global_colors_info=&#8221;{}&#8221;][et_pb_column type=&#8221;1_2&#8243; _builder_version=&#8221;4.9.10&#8243; _module_preset=&#8221;default&#8221; global_colors_info=&#8221;{}&#8221;][\/et_pb_column][et_pb_column type=&#8221;1_2&#8243; _builder_version=&#8221;4.9.10&#8243; _module_preset=&#8221;default&#8221; global_colors_info=&#8221;{}&#8221;][et_pb_text _builder_version=&#8221;4.10.1&#8243; _module_preset=&#8221;default&#8221; text_font=&#8221;Open Sans||||||||&#8221; text_text_color=&#8221;#FFFFFF&#8221; min_height=&#8221;28px&#8221; custom_margin=&#8221;||-4px|50px|false|false&#8221; custom_padding=&#8221;|||40px|false|false&#8221; hover_enabled=&#8221;0&#8243; global_colors_info=&#8221;{}&#8221; sticky_enabled=&#8221;0&#8243;]<\/p>\n<p>Jack Adoptado Julio 2021<\/p>\n<p>[\/et_pb_text][\/et_pb_column][\/et_pb_row][\/et_pb_section][et_pb_section fb_built=&#8221;1&#8243; _builder_version=&#8221;4.9.10&#8243; _module_preset=&#8221;default&#8221; custom_padding=&#8221;0px||0px||true|false&#8221; global_module=&#8221;1064&#8243; global_colors_info=&#8221;{}&#8221;][et_pb_row column_structure=&#8221;3_5,2_5&#8243; _builder_version=&#8221;4.10.1&#8243; _module_preset=&#8221;default&#8221; background_color=&#8221;#000000&#8243; width=&#8221;100%&#8221; max_width=&#8221;2560px&#8221; custom_padding=&#8221;18px||10px||false|false&#8221; global_colors_info=&#8221;{}&#8221;][et_pb_column type=&#8221;3_5&#8243; _builder_version=&#8221;4.9.4&#8243; _module_preset=&#8221;default&#8221; global_colors_info=&#8221;{}&#8221;][et_pb_text _builder_version=&#8221;4.10.1&#8243; _module_preset=&#8221;default&#8221; header_2_font=&#8221;|700|||||||&#8221; header_2_text_align=&#8221;right&#8221; header_2_font_size=&#8221;40px&#8221; background_color=&#8221;#000000&#8243; text_orientation=&#8221;center&#8221; background_layout=&#8221;dark&#8221; custom_padding=&#8221;|25px||25px|false|true&#8221; header_2_text_align_tablet=&#8221;center&#8221; header_2_text_align_phone=&#8221;center&#8221; header_2_text_align_last_edited=&#8221;on|phone&#8221; global_colors_info=&#8221;{}&#8221;]<\/p>\n<h2>Su donaci\u00f3n puede salvar una vida<\/h2>\n<p>[\/et_pb_text][\/et_pb_column][et_pb_column type=&#8221;2_5&#8243; _builder_version=&#8221;4.10.1&#8243; _module_preset=&#8221;default&#8221; custom_padding=&#8221;|25px|||false|false&#8221; custom_padding_tablet=&#8221;|0px|||false|false&#8221; custom_padding_phone=&#8221;|0px|||false|false&#8221; custom_padding_last_edited=&#8221;on|phone&#8221; global_colors_info=&#8221;{}&#8221;][et_pb_button button_url=&#8221;https:\/\/donatenow.networkforgood.org\/hsnb&#8221; button_text=&#8221;DONAR&#8221; button_alignment=&#8221;center&#8221; _builder_version=&#8221;4.10.1&#8243; _module_preset=&#8221;default&#8221; button_text_size=&#8221;26px&#8221; button_text_color=&#8221;#FFFFFF&#8221; button_bg_color=&#8221;#ff7a01&#8243; button_border_width=&#8221;0px&#8221; button_border_color=&#8221;#ff7a01&#8243; button_border_radius=&#8221;30px&#8221; button_font=&#8221;|700|||||||&#8221; button_use_icon=&#8221;off&#8221; custom_margin=&#8221;|160px|||false|false&#8221; custom_margin_tablet=&#8221;|25px||25px|false|true&#8221; custom_margin_phone=&#8221;|25px||25px|false|true&#8221; custom_margin_last_edited=&#8221;on|phone&#8221; custom_padding=&#8221;0px||0px||true|false&#8221; custom_css_main_element=&#8221;width:100%;&#8221; global_colors_info=&#8221;{%22gcid-93296297-a419-4e4a-8354-cb3b220db9b8%22:%91%22button_bg_color__hover%22,%22button_border_color%22,%22button_bg_color%22%93}&#8221; button_bg_color__hover_enabled=&#8221;on|desktop&#8221; button_bg_color__hover=&#8221;#ff7a01&#8243; button_bg_enable_color__hover=&#8221;on&#8221;][\/et_pb_button][\/et_pb_column][\/et_pb_row][\/et_pb_section][et_pb_section fb_built=&#8221;1&#8243; _builder_version=&#8221;4.9.7&#8243; _module_preset=&#8221;default&#8221; background_color=&#8221;gcid-0ea41261-537c-48ab-b0b7-898d0100a6f1&#8243; custom_padding=&#8221;16px|||||&#8221; global_colors_info=&#8221;{%22gcid-0ea41261-537c-48ab-b0b7-898d0100a6f1%22:%91%22background_color%22%93}&#8221;][et_pb_row make_equal=&#8221;on&#8221; _builder_version=&#8221;4.9.7&#8243; _module_preset=&#8221;default&#8221; global_colors_info=&#8221;{}&#8221;][et_pb_column type=&#8221;4_4&#8243; _builder_version=&#8221;4.9.7&#8243; _module_preset=&#8221;default&#8221; global_colors_info=&#8221;{}&#8221;][et_pb_text _builder_version=&#8221;4.10.1&#8243; _module_preset=&#8221;default&#8221; text_font=&#8221;Montserrat||||||||&#8221; text_font_size=&#8221;24px&#8221; text_line_height=&#8221;1.4em&#8221; link_font=&#8221;||||on||||&#8221; link_text_color=&#8221;#FFFFFF&#8221; header_2_font=&#8221;|700||on|||||&#8221; header_2_font_size=&#8221;40px&#8221; header_3_font=&#8221;|700|||||||&#8221; header_3_text_color=&#8221;#FFFFFF&#8221; header_3_font_size=&#8221;33px&#8221; background_layout=&#8221;dark&#8221; header_2_font_size_tablet=&#8221;&#8221; header_2_font_size_phone=&#8221;30px&#8221; header_2_font_size_last_edited=&#8221;on|phone&#8221; global_colors_info=&#8221;{%22gcid-93296297-a419-4e4a-8354-cb3b220db9b8%22:%91%93}&#8221;]<\/p>\n<h2>Considere la posibilidad de constituir un fideicomiso para mascotas en California . . .<\/h2>\n<p>[\/et_pb_text][et_pb_text _builder_version=&#8221;4.9.10&#8243; _module_preset=&#8221;default&#8221; text_font_size=&#8221;24px&#8221; text_line_height=&#8221;1.4em&#8221; link_font=&#8221;||||on||||&#8221; link_text_color=&#8221;#FFFFFF&#8221; header_2_font=&#8221;|700||on|||||&#8221; header_2_font_size=&#8221;40px&#8221; header_3_font=&#8221;|700|||||||&#8221; header_3_text_color=&#8221;#FFFFFF&#8221; header_3_font_size=&#8221;33px&#8221; background_layout=&#8221;dark&#8221; global_colors_info=&#8221;{%22gcid-93296297-a419-4e4a-8354-cb3b220db9b8%22:%91%93}&#8221;]<\/p>\n<p>Puede resultar dif\u00edcil encontrar a un amigo o pariente de confianza y dispuesto a aceptar ser el tutor legal de su mascota en caso de fallecimiento. Considere la posibilidad de crear un fideicomiso para mascotas en California:<\/p>\n<p>Un fideicomiso para animales de compa\u00f1\u00eda es un acuerdo legalmente exigible en California. Se trata de reservar dinero para el cuidado de tu mascota y encargar a alguien que lo gaste siguiendo las instrucciones que t\u00fa le des.<\/p>\n<p>Si desea m\u00e1s informaci\u00f3n sobre un fideicomiso para mascotas, llame al <u><br \/>\n  <b><br \/>\n    <a href=\"tel:7076457905\">(707) 645-7905<\/a><br \/>\n  <\/b><br \/>\n<\/u> y pida hablar con Kristin, nuestra gerente del refugio o Laurel, nuestra gerente de oficina.<\/p>\n<p>&nbsp;<\/p>\n<p>[\/et_pb_text][et_pb_text disabled_on=&#8221;on|on|on&#8221; _builder_version=&#8221;4.9.10&#8243; _module_preset=&#8221;default&#8221; text_font_size=&#8221;24px&#8221; text_line_height=&#8221;1.4em&#8221; link_font=&#8221;||||on||||&#8221; link_text_color=&#8221;#FFFFFF&#8221; header_2_font=&#8221;|700||on|||||&#8221; header_2_font_size=&#8221;40px&#8221; header_3_font=&#8221;|700|||||||&#8221; header_3_text_color=&#8221;#FFFFFF&#8221; header_3_font_size=&#8221;33px&#8221; background_layout=&#8221;dark&#8221; disabled=&#8221;on&#8221; global_colors_info=&#8221;{%22gcid-93296297-a419-4e4a-8354-cb3b220db9b8%22:%91%93}&#8221;]<\/p>\n<p>Puede resultar dif\u00edcil encontrar a un amigo o pariente de confianza y dispuesto a aceptar ser el tutor legal de su mascota en caso de fallecimiento. Considere la posibilidad de crear un fideicomiso para mascotas en California:<\/p>\n<p>Un fideicomiso para animales de compa\u00f1\u00eda es un acuerdo legalmente exigible en California. Se trata de reservar dinero para el cuidado de tu mascota y encargar a alguien que lo gaste siguiendo las instrucciones que t\u00fa le des.<\/p>\n<h3>DE SF SPCA:<\/h3>\n<p>Muchas personas no tienen un amigo o pariente de confianza al que nombrar tutor legal de su mascota, por lo que se preocupan de qu\u00e9 ocurrir\u00e1 con ella cuando fallezca. Inscribirse en el Programa Sido de la SF SPCA significa estar tranquilo sobre el destino de su mascota.<\/p>\n<p>Desde 1979, los perros y gatos inscritos en el Programa Sido han pasado sin problemas al programa de adopci\u00f3n de la SF SPCA, con atenci\u00f3n m\u00e9dica gratuita durante dos a\u00f1os. El personal de adopciones proporciona cuidados cari\u00f1osos y colocaciones r\u00e1pidas a las mascotas de nuestro refugio; y el personal transmite el historial m\u00e9dico, las preferencias alimentarias y otros detalles importantes a las nuevas familias adoptivas.<\/p>\n<p>Para inscribirse en el Programa Sido, p\u00f3ngase en contacto con Michelle Chan, Legacy Giving Officer, llamando al (415) 554-3071 o <a href=\"mailto:mchan@sfspca.org\">escribiendo a mchan@sfspca.org.<\/a><\/p>\n<p>[\/et_pb_text][\/et_pb_column][\/et_pb_row][\/et_pb_section][et_pb_section fb_built=&#8221;1&#8243; _builder_version=&#8221;4.9.10&#8243; _module_preset=&#8221;default&#8221; background_color=&#8221;RGBA(0,0,0,0)&#8221; custom_padding=&#8221;5px||0px|||&#8221; global_colors_info=&#8221;{%22gcid-0ea41261-537c-48ab-b0b7-898d0100a6f1%22:%91%93,%22gcid-b9da534b-4fc4-434e-bc24-56f9ed169cd6%22:%91%93}&#8221;][et_pb_row column_structure=&#8221;1_2,1_2&#8243; make_equal=&#8221;on&#8221; _builder_version=&#8221;4.9.7&#8243; _module_preset=&#8221;default&#8221; global_colors_info=&#8221;{}&#8221;][et_pb_column type=&#8221;1_2&#8243; _builder_version=&#8221;4.9.7&#8243; _module_preset=&#8221;default&#8221; global_colors_info=&#8221;{}&#8221;][dsm_blob_image blob_image=&#8221;https:\/\/www.hsnb.org\/wp-content\/uploads\/2021\/07\/dreamstime_xs_137920600.jpg&#8221; _builder_version=&#8221;4.9.10&#8243; _module_preset=&#8221;default&#8221; box_shadow_style_blob=&#8221;preset4&#8243; box_shadow_color_blob=&#8221;#01b2b8&#8243; global_colors_info=&#8221;{}&#8221;][\/dsm_blob_image][\/et_pb_column][et_pb_column type=&#8221;1_2&#8243; _builder_version=&#8221;4.9.7&#8243; _module_preset=&#8221;default&#8221; global_colors_info=&#8221;{}&#8221;][et_pb_text _builder_version=&#8221;4.9.10&#8243; _module_preset=&#8221;default&#8221; text_text_color=&#8221;#000000&#8243; text_font_size=&#8221;24px&#8221; text_line_height=&#8221;1.4em&#8221; link_font=&#8221;|||||||#ff7a01|&#8221; link_text_color=&#8221;#ff7a01&#8243; header_2_font=&#8221;|700||on|||||&#8221; header_2_font_size=&#8221;40px&#8221; header_3_font=&#8221;|700|||||||&#8221; header_3_text_color=&#8221;#9d844b&#8221; header_3_font_size=&#8221;33px&#8221; background_layout=&#8221;dark&#8221; custom_margin=&#8221;70px|||||&#8221; global_colors_info=&#8221;{%22gcid-93296297-a419-4e4a-8354-cb3b220db9b8%22:%91%93}&#8221;]<\/p>\n<h3>Fideicomisos para animales de compa\u00f1\u00eda en California<\/h3>\n<p>Un fideicomiso para animales de compa\u00f1\u00eda es un acuerdo legalmente exigible en California. Que reserva dinero para el cuidado de tu mascota y encarga a alguien que lo gaste seg\u00fan las instrucciones que t\u00fa le des.<\/p>\n<p>[\/et_pb_text][\/et_pb_column][\/et_pb_row][\/et_pb_section][et_pb_section fb_built=&#8221;1&#8243; _builder_version=&#8221;4.9.7&#8243; _module_preset=&#8221;default&#8221; background_color=&#8221;#f7f7f7&#8243; custom_padding=&#8221;3px||4px|||&#8221; global_colors_info=&#8221;{%22gcid-0ea41261-537c-48ab-b0b7-898d0100a6f1%22:%91%93,%22gcid-9e3a8181-627c-42de-925e-a926820c2a59%22:%91%93}&#8221;][et_pb_row _builder_version=&#8221;4.9.7&#8243; _module_preset=&#8221;default&#8221; background_enable_color=&#8221;off&#8221; global_colors_info=&#8221;{}&#8221;][et_pb_column type=&#8221;4_4&#8243; _builder_version=&#8221;4.9.7&#8243; _module_preset=&#8221;default&#8221; global_colors_info=&#8221;{}&#8221;][et_pb_text _builder_version=&#8221;4.9.10&#8243; _module_preset=&#8221;default&#8221; text_font_size=&#8221;24px&#8221; text_line_height=&#8221;1.4em&#8221; header_2_font=&#8221;|700||on|||||&#8221; header_2_font_size=&#8221;40px&#8221; header_3_font=&#8221;|700|||||||&#8221; header_3_text_color=&#8221;gcid-93296297-a419-4e4a-8354-cb3b220db9b8&#8243; header_3_font_size=&#8221;30px&#8221; text_orientation=&#8221;center&#8221; custom_margin=&#8221;||14px|||&#8221; global_colors_info=&#8221;{%22gcid-93296297-a419-4e4a-8354-cb3b220db9b8%22:%91%22header_3_text_color%22%93,%22gcid-b9da534b-4fc4-434e-bc24-56f9ed169cd6%22:%91%93}&#8221;]<\/p>\n<h3>Donar ahora<\/h3>\n<p>Haga su donaci\u00f3n hoy mismo y \u00fanase a nuestra misi\u00f3n de proporcionar refugio y cuidados compasivos a los animales necesitados.<\/p>\n<p>[\/et_pb_text][et_pb_button button_url=&#8221;https:\/\/donatenow.networkforgood.org\/hsnb&#8221; button_text=&#8221;Donar&#8221; button_alignment=&#8221;center&#8221; _builder_version=&#8221;4.9.10&#8243; _module_preset=&#8221;default&#8221; button_text_color=&#8221;#FFFFFF&#8221; button_bg_color=&#8221;gcid-93296297-a419-4e4a-8354-cb3b220db9b8&#8243; button_border_width=&#8221;0px&#8221; button_font=&#8221;|800|||||||&#8221; global_colors_info=&#8221;{%22gcid-0ea41261-537c-48ab-b0b7-898d0100a6f1%22:%91%93,%22gcid-93296297-a419-4e4a-8354-cb3b220db9b8%22:%91%22button_bg_color%22%93}&#8221;][\/et_pb_button][\/et_pb_column][\/et_pb_row][\/et_pb_section]<\/p>\n","protected":false},"excerpt":{"rendered":"<p>Proteja el futuro de su mascota y qu\u00e9dese tranquiloMarca la diferencia en la vida de las mascotas sin hogarJack Adoptado Julio 2021Su donaci\u00f3n puede salvar una vidaConsidere la posibilidad de constituir un fideicomiso para mascotas en California . . .Puede resultar dif\u00edcil encontrar a un amigo o pariente de confianza y dispuesto a aceptar ser el tutor legal de su mascota en caso de fallecimiento. Considere la posibilidad de crear un fideicomiso para mascotas en California: Un fideicomiso para animales de compa\u00f1\u00eda es un acuerdo legalmente exigible en California. Se trata de reservar dinero para el cuidado de tu mascota y encargar a alguien que lo gaste siguiendo las instrucciones que t\u00fa le des. Si desea m\u00e1s informaci\u00f3n sobre un fideicomiso para mascotas, llame al (707) 645-7905 y pida hablar con Kristin, nuestra gerente del refugio o Laurel, nuestra gerente de oficina. &nbsp;Puede resultar dif\u00edcil encontrar a un amigo o pariente de confianza y dispuesto a aceptar ser el tutor legal de su mascota en caso de fallecimiento. Considere la posibilidad de crear un fideicomiso para mascotas en California: Un fideicomiso para animales de compa\u00f1\u00eda es un acuerdo legalmente exigible en California. Se trata de reservar dinero para el cuidado [&hellip;]<\/p>\n","protected":false},"author":4,"featured_media":0,"parent":0,"menu_order":0,"comment_status":"closed","ping_status":"closed","template":"","meta":{"_et_pb_use_builder":"on","_et_pb_old_content":"","_et_gb_content_width":"","footnotes":""},"class_list":["post-4028","page","type-page","status-publish","hentry"],"yoast_head":"<!-- This site is optimized with the Yoast SEO plugin v27.5 - https:\/\/yoast.com\/product\/yoast-seo-wordpress\/ -->\n<title>Proteja el futuro de su mascota P\u00e1gina - Humane Society of the North Bay<\/title>\n<meta name=\"robots\" content=\"index, follow, max-snippet:-1, max-image-preview:large, max-video-preview:-1\" \/>\n<link rel=\"canonical\" href=\"https:\/\/www.hsnb.org\/es\/proteja-el-futuro-de-su-mascota-pagina\/\" \/>\n<meta property=\"og:locale\" content=\"es_ES\" \/>\n<meta property=\"og:type\" content=\"article\" \/>\n<meta property=\"og:title\" content=\"Proteja el futuro de su mascota P\u00e1gina - Humane Society of the North Bay\" \/>\n<meta property=\"og:description\" content=\"Proteja el futuro de su mascota y qu\u00e9dese tranquiloMarca la diferencia en la vida de las mascotas sin hogarJack Adoptado Julio 2021Su donaci\u00f3n puede salvar una vidaConsidere la posibilidad de constituir un fideicomiso para mascotas en California . . .Puede resultar dif\u00edcil encontrar a un amigo o pariente de confianza y dispuesto a aceptar ser el tutor legal de su mascota en caso de fallecimiento. Considere la posibilidad de crear un fideicomiso para mascotas en California: Un fideicomiso para animales de compa\u00f1\u00eda es un acuerdo legalmente exigible en California. Se trata de reservar dinero para el cuidado de tu mascota y encargar a alguien que lo gaste siguiendo las instrucciones que t\u00fa le des. Si desea m\u00e1s informaci\u00f3n sobre un fideicomiso para mascotas, llame al (707) 645-7905 y pida hablar con Kristin, nuestra gerente del refugio o Laurel, nuestra gerente de oficina. &nbsp;Puede resultar dif\u00edcil encontrar a un amigo o pariente de confianza y dispuesto a aceptar ser el tutor legal de su mascota en caso de fallecimiento. Considere la posibilidad de crear un fideicomiso para mascotas en California: Un fideicomiso para animales de compa\u00f1\u00eda es un acuerdo legalmente exigible en California. Se trata de reservar dinero para el cuidado [&hellip;]\" \/>\n<meta property=\"og:url\" content=\"https:\/\/www.hsnb.org\/es\/proteja-el-futuro-de-su-mascota-pagina\/\" \/>\n<meta property=\"og:site_name\" content=\"Humane Society of the North Bay\" \/>\n<meta property=\"article:modified_time\" content=\"2023-03-24T17:16:09+00:00\" \/>\n<meta name=\"twitter:card\" content=\"summary_large_image\" \/>\n<meta name=\"twitter:label1\" content=\"Tiempo de lectura\" \/>\n\t<meta name=\"twitter:data1\" content=\"9 minutos\" \/>\n<script type=\"application\/ld+json\" class=\"yoast-schema-graph\">{\"@context\":\"https:\\\/\\\/schema.org\",\"@graph\":[{\"@type\":\"WebPage\",\"@id\":\"https:\\\/\\\/www.hsnb.org\\\/es\\\/proteja-el-futuro-de-su-mascota-pagina\\\/\",\"url\":\"https:\\\/\\\/www.hsnb.org\\\/es\\\/proteja-el-futuro-de-su-mascota-pagina\\\/\",\"name\":\"Proteja el futuro de su mascota P\u00e1gina - Humane Society of the North Bay\",\"isPartOf\":{\"@id\":\"https:\\\/\\\/www.hsnb.org\\\/es\\\/#website\"},\"datePublished\":\"2021-07-11T00:26:22+00:00\",\"dateModified\":\"2023-03-24T17:16:09+00:00\",\"breadcrumb\":{\"@id\":\"https:\\\/\\\/www.hsnb.org\\\/es\\\/proteja-el-futuro-de-su-mascota-pagina\\\/#breadcrumb\"},\"inLanguage\":\"es\",\"potentialAction\":[{\"@type\":\"ReadAction\",\"target\":[\"https:\\\/\\\/www.hsnb.org\\\/es\\\/proteja-el-futuro-de-su-mascota-pagina\\\/\"]}]},{\"@type\":\"BreadcrumbList\",\"@id\":\"https:\\\/\\\/www.hsnb.org\\\/es\\\/proteja-el-futuro-de-su-mascota-pagina\\\/#breadcrumb\",\"itemListElement\":[{\"@type\":\"ListItem\",\"position\":1,\"name\":\"Home\",\"item\":\"https:\\\/\\\/www.hsnb.org\\\/es\\\/inicio-2\\\/\"},{\"@type\":\"ListItem\",\"position\":2,\"name\":\"Proteja el futuro de su mascota P\u00e1gina\"}]},{\"@type\":\"WebSite\",\"@id\":\"https:\\\/\\\/www.hsnb.org\\\/es\\\/#website\",\"url\":\"https:\\\/\\\/www.hsnb.org\\\/es\\\/\",\"name\":\"Humane Society of the North Bay\",\"description\":\"Just another WordPress site\",\"potentialAction\":[{\"@type\":\"SearchAction\",\"target\":{\"@type\":\"EntryPoint\",\"urlTemplate\":\"https:\\\/\\\/www.hsnb.org\\\/es\\\/?s={search_term_string}\"},\"query-input\":{\"@type\":\"PropertyValueSpecification\",\"valueRequired\":true,\"valueName\":\"search_term_string\"}}],\"inLanguage\":\"es\"}]}<\/script>\n<!-- \/ Yoast SEO plugin. -->","yoast_head_json":{"title":"Proteja el futuro de su mascota P\u00e1gina - Humane Society of the North Bay","robots":{"index":"index","follow":"follow","max-snippet":"max-snippet:-1","max-image-preview":"max-image-preview:large","max-video-preview":"max-video-preview:-1"},"canonical":"https:\/\/www.hsnb.org\/es\/proteja-el-futuro-de-su-mascota-pagina\/","og_locale":"es_ES","og_type":"article","og_title":"Proteja el futuro de su mascota P\u00e1gina - Humane Society of the North Bay","og_description":"Proteja el futuro de su mascota y qu\u00e9dese tranquiloMarca la diferencia en la vida de las mascotas sin hogarJack Adoptado Julio 2021Su donaci\u00f3n puede salvar una vidaConsidere la posibilidad de constituir un fideicomiso para mascotas en California . . .Puede resultar dif\u00edcil encontrar a un amigo o pariente de confianza y dispuesto a aceptar ser el tutor legal de su mascota en caso de fallecimiento. Considere la posibilidad de crear un fideicomiso para mascotas en California: Un fideicomiso para animales de compa\u00f1\u00eda es un acuerdo legalmente exigible en California. Se trata de reservar dinero para el cuidado de tu mascota y encargar a alguien que lo gaste siguiendo las instrucciones que t\u00fa le des. Si desea m\u00e1s informaci\u00f3n sobre un fideicomiso para mascotas, llame al (707) 645-7905 y pida hablar con Kristin, nuestra gerente del refugio o Laurel, nuestra gerente de oficina. &nbsp;Puede resultar dif\u00edcil encontrar a un amigo o pariente de confianza y dispuesto a aceptar ser el tutor legal de su mascota en caso de fallecimiento. Considere la posibilidad de crear un fideicomiso para mascotas en California: Un fideicomiso para animales de compa\u00f1\u00eda es un acuerdo legalmente exigible en California. Se trata de reservar dinero para el cuidado [&hellip;]","og_url":"https:\/\/www.hsnb.org\/es\/proteja-el-futuro-de-su-mascota-pagina\/","og_site_name":"Humane Society of the North Bay","article_modified_time":"2023-03-24T17:16:09+00:00","twitter_card":"summary_large_image","twitter_misc":{"Tiempo de lectura":"9 minutos"},"schema":{"@context":"https:\/\/schema.org","@graph":[{"@type":"WebPage","@id":"https:\/\/www.hsnb.org\/es\/proteja-el-futuro-de-su-mascota-pagina\/","url":"https:\/\/www.hsnb.org\/es\/proteja-el-futuro-de-su-mascota-pagina\/","name":"Proteja el futuro de su mascota P\u00e1gina - Humane Society of the North Bay","isPartOf":{"@id":"https:\/\/www.hsnb.org\/es\/#website"},"datePublished":"2021-07-11T00:26:22+00:00","dateModified":"2023-03-24T17:16:09+00:00","breadcrumb":{"@id":"https:\/\/www.hsnb.org\/es\/proteja-el-futuro-de-su-mascota-pagina\/#breadcrumb"},"inLanguage":"es","potentialAction":[{"@type":"ReadAction","target":["https:\/\/www.hsnb.org\/es\/proteja-el-futuro-de-su-mascota-pagina\/"]}]},{"@type":"BreadcrumbList","@id":"https:\/\/www.hsnb.org\/es\/proteja-el-futuro-de-su-mascota-pagina\/#breadcrumb","itemListElement":[{"@type":"ListItem","position":1,"name":"Home","item":"https:\/\/www.hsnb.org\/es\/inicio-2\/"},{"@type":"ListItem","position":2,"name":"Proteja el futuro de su mascota P\u00e1gina"}]},{"@type":"WebSite","@id":"https:\/\/www.hsnb.org\/es\/#website","url":"https:\/\/www.hsnb.org\/es\/","name":"Humane Society of the North Bay","description":"Just another WordPress site","potentialAction":[{"@type":"SearchAction","target":{"@type":"EntryPoint","urlTemplate":"https:\/\/www.hsnb.org\/es\/?s={search_term_string}"},"query-input":{"@type":"PropertyValueSpecification","valueRequired":true,"valueName":"search_term_string"}}],"inLanguage":"es"}]}},"_links":{"self":[{"href":"https:\/\/www.hsnb.org\/es\/wp-json\/wp\/v2\/pages\/4028","targetHints":{"allow":["GET"]}}],"collection":[{"href":"https:\/\/www.hsnb.org\/es\/wp-json\/wp\/v2\/pages"}],"about":[{"href":"https:\/\/www.hsnb.org\/es\/wp-json\/wp\/v2\/types\/page"}],"author":[{"embeddable":true,"href":"https:\/\/www.hsnb.org\/es\/wp-json\/wp\/v2\/users\/4"}],"replies":[{"embeddable":true,"href":"https:\/\/www.hsnb.org\/es\/wp-json\/wp\/v2\/comments?post=4028"}],"version-history":[{"count":0,"href":"https:\/\/www.hsnb.org\/es\/wp-json\/wp\/v2\/pages\/4028\/revisions"}],"wp:attachment":[{"href":"https:\/\/www.hsnb.org\/es\/wp-json\/wp\/v2\/media?parent=4028"}],"curies":[{"name":"wp","href":"https:\/\/api.w.org\/{rel}","templated":true}]}}