{"id":4015,"date":"2021-09-01T15:58:13","date_gmt":"2021-09-01T22:58:13","guid":{"rendered":"https:\/\/www.hsnb.org\/redford\/"},"modified":"2023-03-24T10:16:09","modified_gmt":"2023-03-24T17:16:09","slug":"redford","status":"publish","type":"page","link":"https:\/\/www.hsnb.org\/es\/redford\/","title":{"rendered":"Redford"},"content":{"rendered":"<p>[et_pb_section fb_built=&#8221;1&#8243; _builder_version=&#8221;4.10.6&#8243; _module_preset=&#8221;default&#8221; background_color=&#8221;#f99500&#8243; min_height=&#8221;452px&#8221; custom_padding=&#8221;0px||0px|||&#8221; hover_enabled=&#8221;0&#8243; global_colors_info=&#8221;{}&#8221; sticky_enabled=&#8221;0&#8243; min_height_last_edited=&#8221;on|phone&#8221; min_height_phone=&#8221;805px&#8221;][et_pb_row column_structure=&#8221;1_2,1_2&#8243; use_custom_gutter=&#8221;on&#8221; gutter_width=&#8221;1&#8243; make_equal=&#8221;on&#8221; _builder_version=&#8221;4.10.6&#8243; _module_preset=&#8221;default&#8221; min_height=&#8221;345px&#8221; custom_margin=&#8221;|auto|0px|auto||&#8221; custom_padding=&#8221;7px||0px|||&#8221; hover_enabled=&#8221;0&#8243; global_colors_info=&#8221;{}&#8221; sticky_enabled=&#8221;0&#8243; custom_margin_last_edited=&#8221;on|phone&#8221; custom_margin_phone=&#8221;-19px|auto|0px|auto|false|false&#8221; custom_padding_last_edited=&#8221;on|phone&#8221; custom_padding_phone=&#8221;||0px||false|false&#8221;][et_pb_column type=&#8221;1_2&#8243; _builder_version=&#8221;4.9.4&#8243; _module_preset=&#8221;default&#8221; global_colors_info=&#8221;{}&#8221;][et_pb_text _builder_version=&#8221;4.10.6&#8243; _module_preset=&#8221;default&#8221; header_font=&#8221;Montserrat Alternates|300|||||||&#8221; header_text_align=&#8221;left&#8221; header_text_color=&#8221;#FFFFFF&#8221; header_font_size=&#8221;60px&#8221; custom_margin=&#8221;184px||8px|||&#8221; custom_padding=&#8221;|||150px|false|false&#8221; hover_enabled=&#8221;0&#8243; global_colors_info=&#8221;{}&#8221; custom_padding_last_edited=&#8221;on|phone&#8221; custom_padding_phone=&#8221;|||19px|false|false&#8221; header_text_align_last_edited=&#8221;on|phone&#8221; header_text_align_phone=&#8221;center&#8221; sticky_enabled=&#8221;0&#8243;]<\/p>\n<h1>Conozca<br \/>Redford<\/h1>\n<p>[\/et_pb_text][\/et_pb_column][et_pb_column type=&#8221;1_2&#8243; _builder_version=&#8221;4.9.4&#8243; _module_preset=&#8221;default&#8221; global_colors_info=&#8221;{}&#8221;][dsm_blob_image blob_image=&#8221;https:\/\/www.hsnb.org\/wp-content\/uploads\/2021\/07\/REDFORD-available-july-2021.jpg&#8221; image_height=&#8221;409px&#8221; _builder_version=&#8221;4.10.5&#8243; _module_preset=&#8221;default&#8221; width=&#8221;87%&#8221; max_width=&#8221;96%&#8221; custom_margin=&#8221;7px|||||&#8221; box_shadow_style_blob=&#8221;preset4&#8243; global_colors_info=&#8221;{}&#8221;][\/dsm_blob_image][\/et_pb_column][\/et_pb_row][\/et_pb_section][et_pb_section fb_built=&#8221;1&#8243; _builder_version=&#8221;4.9.7&#8243; _module_preset=&#8221;default&#8221; custom_padding=&#8221;46px||50px|||&#8221; global_colors_info=&#8221;{}&#8221;][et_pb_row make_equal=&#8221;on&#8221; _builder_version=&#8221;4.9.7&#8243; _module_preset=&#8221;default&#8221; min_height=&#8221;369px&#8221; custom_margin=&#8221;|auto|0px|auto||&#8221; custom_padding=&#8221;7px||19px|||&#8221; global_colors_info=&#8221;{}&#8221;][et_pb_column type=&#8221;4_4&#8243; _builder_version=&#8221;4.9.4&#8243; _module_preset=&#8221;default&#8221; global_colors_info=&#8221;{}&#8221;][et_pb_video src=&#8221;https:\/\/youtu.be\/wcbqXFFn4cY&#8221; _builder_version=&#8221;4.10.5&#8243; _module_preset=&#8221;default&#8221; global_colors_info=&#8221;{}&#8221;][\/et_pb_video][et_pb_text _builder_version=&#8221;4.10.6&#8243; _module_preset=&#8221;default&#8221; text_text_color=&#8221;#000000&#8243; text_font_size=&#8221;24px&#8221; text_line_height=&#8221;1.4em&#8221; link_text_color=&#8221;#9d844b&#8221; header_2_font=&#8221;|700||on|||||&#8221; header_2_text_color=&#8221;gcid-b9da534b-4fc4-434e-bc24-56f9ed169cd6&#8243; header_2_font_size=&#8221;40px&#8221; header_3_font=&#8221;|700|||||||&#8221; header_3_text_color=&#8221;gcid-0ea41261-537c-48ab-b0b7-898d0100a6f1&#8243; background_layout=&#8221;dark&#8221; header_2_font_size_tablet=&#8221;&#8221; header_2_font_size_phone=&#8221;30px&#8221; header_2_font_size_last_edited=&#8221;on|phone&#8221; global_colors_info=&#8221;{%22gcid-b9da534b-4fc4-434e-bc24-56f9ed169cd6%22:%91%22header_2_text_color%22%93,%22gcid-0ea41261-537c-48ab-b0b7-898d0100a6f1%22:%91%22header_3_text_color%22%93}&#8221; text_text_color__hover_enabled=&#8221;off|desktop&#8221;]Hola, me llamo Redford. Tengo 4 a\u00f1os. Como puedes ver, soy bastante guapo. Pero m\u00e1s que eso, \u00a1tengo una gran personalidad! Los voluntarios me dicen que soy su favorita, as\u00ed que les doy muchos abrazos. Me han llamado &#8220;mujeriego&#8221;, pero tambi\u00e9n tengo muchos amigos varones. S\u00f3lo quiero compa\u00f1\u00eda humana, no de otros animales. Soy bueno con correa, pero necesito seguir trabajando para aprender a ignorar a otros perros en los paseos.<\/p>\n<p>Tengo muy buenos modales, y estoy completamente entrenado en casa. Estoy aprendiendo a pasear bien con correa, pero mi familia tendr\u00e1 que seguir adiestr\u00e1ndome. Por suerte, me motiva mucho la comida, \u00a1as\u00ed que mi entrenamiento ser\u00e1 divertido! Adem\u00e1s, mis amigos han creado un fondo de formaci\u00f3n para m\u00ed que mi nueva familia podr\u00e1 utilizar para que podamos aprender juntos.<\/p>\n<p>Adem\u00e1s de pasear, jugar con mis juguetes y acurrucarme en la cama, me encantan los viajes en coche. \u00a1Ser\u00eda un gran compa\u00f1ero de viaje! Si buscas un perro grande y adorable con el que compartir tu vida, rellena la <a id=\"text-btn\" href=\"https:\/\/www.hsnb.org\/es\/solicitud-de-adopcion-de-perros\/\">solicitud <\/a>para que puedas conocerme. No es por presumir, \u00a1pero ser\u00e9 una mejor amiga incre\u00edble! PS. Mi tarifa de adopci\u00f3n es de s\u00f3lo 75 d\u00f3lares.<\/p>\n<p>Si est\u00e1s interesado en darme un hogar para siempre, rellena la <a href=\"https:\/\/www.hsnb.org\/es\/solicitud-de-adopcion-de-perros\/\" target=\"_blank\" rel=\"noopener noreferrer\" id=\"text-btn\">solicitud<\/a> aqu\u00ed. Te estar\u00e9 siempre agradecido y te ser\u00e9 leal.<\/p>\n<p>PS.  <span class=\"style-scope yt-formatted-string\" dir=\"auto\">Gracias al simp\u00e1tico hombre que hizo este v\u00eddeo. \u00a1Gracias Ed Caspersen! Puede ver m\u00e1s obras suyas en  <\/span><a class=\"yt-simple-endpoint style-scope yt-formatted-string\" dir=\"auto\" spellcheck=\"false\" href=\"https:\/\/www.edcaspersen.com\/\" target=\"_blank\" rel=\"nofollow noopener noreferrer\">https:\/\/www.edcaspersen.com.<\/a>[\/et_pb_text][\/et_pb_column][\/et_pb_row][\/et_pb_section]<\/p>\n","protected":false},"excerpt":{"rendered":"<p>ConozcaRedford<div class=\"et_pb_module dsm_blob_image dsm_blob_image_0\">\n\t\t\t\t\n\t\t\t\t\n\t\t\t\t\n\t\t\t\t\n\t\t\t\t\n\t\t\t\t\n\t\t\t\t<div class=\"et_pb_module_inner\">\n\t\t\t\t\t<div class=\"dsm_blob_image_wrap dsm_blob_image_one\">\n\t\t\t\t<img decoding=\"async\" src=\"https:\/\/www.hsnb.org\/wp-content\/uploads\/2021\/07\/REDFORD-available-july-2021.jpg\" alt=\"\" title=\"\" srcset=\"https:\/\/www.hsnb.org\/wp-content\/uploads\/2021\/07\/REDFORD-available-july-2021.jpg.webp 600w, https:\/\/www.hsnb.org\/wp-content\/uploads\/2021\/07\/REDFORD-available-july-2021-480x480.jpg.webp 480w\" sizes=\"(min-width: 0px) and (max-width: 480px) 480px, (min-width: 481px) 600px, 100vw\" class=\"dsm_blob_image_img\" \/>\n\t\t\t\t\t\n\t\t\t<\/div>\n\t\t\t\t<\/div>\n\t\t\t<\/div>Hola, me llamo Redford. Tengo 4 a\u00f1os. Como puedes ver, soy bastante guapo. Pero m\u00e1s que eso, \u00a1tengo una gran personalidad! Los voluntarios me dicen que soy su favorita, as\u00ed que les doy muchos abrazos. Me han llamado &#8220;mujeriego&#8221;, pero tambi\u00e9n tengo muchos amigos varones. S\u00f3lo quiero compa\u00f1\u00eda humana, no de otros animales. Soy bueno con correa, pero necesito seguir trabajando para aprender a ignorar a otros perros en los paseos. Tengo muy buenos modales, y estoy completamente entrenado en casa. Estoy aprendiendo a pasear bien con correa, pero mi familia tendr\u00e1 que seguir adiestr\u00e1ndome. Por suerte, me motiva mucho la comida, \u00a1as\u00ed que mi entrenamiento ser\u00e1 divertido! Adem\u00e1s, mis amigos han creado un fondo de formaci\u00f3n para m\u00ed que mi nueva familia podr\u00e1 utilizar para que podamos aprender juntos. Adem\u00e1s de pasear, jugar con mis juguetes y acurrucarme en la cama, me encantan los viajes en coche. \u00a1Ser\u00eda un gran compa\u00f1ero de viaje! Si buscas un perro grande y adorable con el que compartir tu vida, rellena la solicitud para que puedas conocerme. No es por presumir, \u00a1pero ser\u00e9 una mejor amiga incre\u00edble! PS. Mi tarifa de adopci\u00f3n es de [&hellip;]<\/p>\n","protected":false},"author":4,"featured_media":0,"parent":0,"menu_order":0,"comment_status":"closed","ping_status":"closed","template":"","meta":{"_et_pb_use_builder":"on","_et_pb_old_content":"","_et_gb_content_width":"","footnotes":""},"class_list":["post-4015","page","type-page","status-publish","hentry"],"yoast_head":"<!-- This site is optimized with the Yoast SEO plugin v27.5 - https:\/\/yoast.com\/product\/yoast-seo-wordpress\/ -->\n<title>Redford - Humane Society of the North Bay<\/title>\n<meta name=\"robots\" content=\"index, follow, max-snippet:-1, max-image-preview:large, max-video-preview:-1\" \/>\n<link rel=\"canonical\" href=\"https:\/\/www.hsnb.org\/es\/redford\/\" \/>\n<meta property=\"og:locale\" content=\"es_ES\" \/>\n<meta property=\"og:type\" content=\"article\" \/>\n<meta property=\"og:title\" content=\"Redford - Humane Society of the North Bay\" \/>\n<meta property=\"og:description\" content=\"ConozcaRedfordHola, me llamo Redford. Tengo 4 a\u00f1os. Como puedes ver, soy bastante guapo. Pero m\u00e1s que eso, \u00a1tengo una gran personalidad! Los voluntarios me dicen que soy su favorita, as\u00ed que les doy muchos abrazos. Me han llamado &quot;mujeriego&quot;, pero tambi\u00e9n tengo muchos amigos varones. S\u00f3lo quiero compa\u00f1\u00eda humana, no de otros animales. Soy bueno con correa, pero necesito seguir trabajando para aprender a ignorar a otros perros en los paseos. Tengo muy buenos modales, y estoy completamente entrenado en casa. Estoy aprendiendo a pasear bien con correa, pero mi familia tendr\u00e1 que seguir adiestr\u00e1ndome. Por suerte, me motiva mucho la comida, \u00a1as\u00ed que mi entrenamiento ser\u00e1 divertido! Adem\u00e1s, mis amigos han creado un fondo de formaci\u00f3n para m\u00ed que mi nueva familia podr\u00e1 utilizar para que podamos aprender juntos. Adem\u00e1s de pasear, jugar con mis juguetes y acurrucarme en la cama, me encantan los viajes en coche. \u00a1Ser\u00eda un gran compa\u00f1ero de viaje! Si buscas un perro grande y adorable con el que compartir tu vida, rellena la solicitud para que puedas conocerme. No es por presumir, \u00a1pero ser\u00e9 una mejor amiga incre\u00edble! PS. Mi tarifa de adopci\u00f3n es de [&hellip;]\" \/>\n<meta property=\"og:url\" content=\"https:\/\/www.hsnb.org\/es\/redford\/\" \/>\n<meta property=\"og:site_name\" content=\"Humane Society of the North Bay\" \/>\n<meta property=\"article:modified_time\" content=\"2023-03-24T17:16:09+00:00\" \/>\n<meta name=\"twitter:card\" content=\"summary_large_image\" \/>\n<meta name=\"twitter:label1\" content=\"Tiempo de lectura\" \/>\n\t<meta name=\"twitter:data1\" content=\"4 minutos\" \/>\n<script type=\"application\/ld+json\" class=\"yoast-schema-graph\">{\"@context\":\"https:\\\/\\\/schema.org\",\"@graph\":[{\"@type\":\"WebPage\",\"@id\":\"https:\\\/\\\/www.hsnb.org\\\/es\\\/redford\\\/\",\"url\":\"https:\\\/\\\/www.hsnb.org\\\/es\\\/redford\\\/\",\"name\":\"Redford - Humane Society of the North Bay\",\"isPartOf\":{\"@id\":\"https:\\\/\\\/www.hsnb.org\\\/es\\\/#website\"},\"datePublished\":\"2021-09-01T22:58:13+00:00\",\"dateModified\":\"2023-03-24T17:16:09+00:00\",\"breadcrumb\":{\"@id\":\"https:\\\/\\\/www.hsnb.org\\\/es\\\/redford\\\/#breadcrumb\"},\"inLanguage\":\"es\",\"potentialAction\":[{\"@type\":\"ReadAction\",\"target\":[\"https:\\\/\\\/www.hsnb.org\\\/es\\\/redford\\\/\"]}]},{\"@type\":\"BreadcrumbList\",\"@id\":\"https:\\\/\\\/www.hsnb.org\\\/es\\\/redford\\\/#breadcrumb\",\"itemListElement\":[{\"@type\":\"ListItem\",\"position\":1,\"name\":\"Home\",\"item\":\"https:\\\/\\\/www.hsnb.org\\\/es\\\/inicio-2\\\/\"},{\"@type\":\"ListItem\",\"position\":2,\"name\":\"Redford\"}]},{\"@type\":\"WebSite\",\"@id\":\"https:\\\/\\\/www.hsnb.org\\\/es\\\/#website\",\"url\":\"https:\\\/\\\/www.hsnb.org\\\/es\\\/\",\"name\":\"Humane Society of the North Bay\",\"description\":\"Just another WordPress site\",\"potentialAction\":[{\"@type\":\"SearchAction\",\"target\":{\"@type\":\"EntryPoint\",\"urlTemplate\":\"https:\\\/\\\/www.hsnb.org\\\/es\\\/?s={search_term_string}\"},\"query-input\":{\"@type\":\"PropertyValueSpecification\",\"valueRequired\":true,\"valueName\":\"search_term_string\"}}],\"inLanguage\":\"es\"}]}<\/script>\n<!-- \/ Yoast SEO plugin. -->","yoast_head_json":{"title":"Redford - Humane Society of the North Bay","robots":{"index":"index","follow":"follow","max-snippet":"max-snippet:-1","max-image-preview":"max-image-preview:large","max-video-preview":"max-video-preview:-1"},"canonical":"https:\/\/www.hsnb.org\/es\/redford\/","og_locale":"es_ES","og_type":"article","og_title":"Redford - Humane Society of the North Bay","og_description":"ConozcaRedfordHola, me llamo Redford. Tengo 4 a\u00f1os. Como puedes ver, soy bastante guapo. Pero m\u00e1s que eso, \u00a1tengo una gran personalidad! Los voluntarios me dicen que soy su favorita, as\u00ed que les doy muchos abrazos. Me han llamado \"mujeriego\", pero tambi\u00e9n tengo muchos amigos varones. S\u00f3lo quiero compa\u00f1\u00eda humana, no de otros animales. Soy bueno con correa, pero necesito seguir trabajando para aprender a ignorar a otros perros en los paseos. Tengo muy buenos modales, y estoy completamente entrenado en casa. Estoy aprendiendo a pasear bien con correa, pero mi familia tendr\u00e1 que seguir adiestr\u00e1ndome. Por suerte, me motiva mucho la comida, \u00a1as\u00ed que mi entrenamiento ser\u00e1 divertido! Adem\u00e1s, mis amigos han creado un fondo de formaci\u00f3n para m\u00ed que mi nueva familia podr\u00e1 utilizar para que podamos aprender juntos. Adem\u00e1s de pasear, jugar con mis juguetes y acurrucarme en la cama, me encantan los viajes en coche. \u00a1Ser\u00eda un gran compa\u00f1ero de viaje! Si buscas un perro grande y adorable con el que compartir tu vida, rellena la solicitud para que puedas conocerme. No es por presumir, \u00a1pero ser\u00e9 una mejor amiga incre\u00edble! PS. Mi tarifa de adopci\u00f3n es de [&hellip;]","og_url":"https:\/\/www.hsnb.org\/es\/redford\/","og_site_name":"Humane Society of the North Bay","article_modified_time":"2023-03-24T17:16:09+00:00","twitter_card":"summary_large_image","twitter_misc":{"Tiempo de lectura":"4 minutos"},"schema":{"@context":"https:\/\/schema.org","@graph":[{"@type":"WebPage","@id":"https:\/\/www.hsnb.org\/es\/redford\/","url":"https:\/\/www.hsnb.org\/es\/redford\/","name":"Redford - Humane Society of the North Bay","isPartOf":{"@id":"https:\/\/www.hsnb.org\/es\/#website"},"datePublished":"2021-09-01T22:58:13+00:00","dateModified":"2023-03-24T17:16:09+00:00","breadcrumb":{"@id":"https:\/\/www.hsnb.org\/es\/redford\/#breadcrumb"},"inLanguage":"es","potentialAction":[{"@type":"ReadAction","target":["https:\/\/www.hsnb.org\/es\/redford\/"]}]},{"@type":"BreadcrumbList","@id":"https:\/\/www.hsnb.org\/es\/redford\/#breadcrumb","itemListElement":[{"@type":"ListItem","position":1,"name":"Home","item":"https:\/\/www.hsnb.org\/es\/inicio-2\/"},{"@type":"ListItem","position":2,"name":"Redford"}]},{"@type":"WebSite","@id":"https:\/\/www.hsnb.org\/es\/#website","url":"https:\/\/www.hsnb.org\/es\/","name":"Humane Society of the North Bay","description":"Just another WordPress site","potentialAction":[{"@type":"SearchAction","target":{"@type":"EntryPoint","urlTemplate":"https:\/\/www.hsnb.org\/es\/?s={search_term_string}"},"query-input":{"@type":"PropertyValueSpecification","valueRequired":true,"valueName":"search_term_string"}}],"inLanguage":"es"}]}},"_links":{"self":[{"href":"https:\/\/www.hsnb.org\/es\/wp-json\/wp\/v2\/pages\/4015","targetHints":{"allow":["GET"]}}],"collection":[{"href":"https:\/\/www.hsnb.org\/es\/wp-json\/wp\/v2\/pages"}],"about":[{"href":"https:\/\/www.hsnb.org\/es\/wp-json\/wp\/v2\/types\/page"}],"author":[{"embeddable":true,"href":"https:\/\/www.hsnb.org\/es\/wp-json\/wp\/v2\/users\/4"}],"replies":[{"embeddable":true,"href":"https:\/\/www.hsnb.org\/es\/wp-json\/wp\/v2\/comments?post=4015"}],"version-history":[{"count":0,"href":"https:\/\/www.hsnb.org\/es\/wp-json\/wp\/v2\/pages\/4015\/revisions"}],"wp:attachment":[{"href":"https:\/\/www.hsnb.org\/es\/wp-json\/wp\/v2\/media?parent=4015"}],"curies":[{"name":"wp","href":"https:\/\/api.w.org\/{rel}","templated":true}]}}