{"id":3957,"date":"2022-03-25T09:32:58","date_gmt":"2022-03-25T16:32:58","guid":{"rendered":"https:\/\/www.hsnb.org\/subastas\/"},"modified":"2023-03-24T10:13:40","modified_gmt":"2023-03-24T17:13:40","slug":"subastas","status":"publish","type":"page","link":"https:\/\/www.hsnb.org\/es\/subastas\/","title":{"rendered":"Subastas"},"content":{"rendered":"<p>[et_pb_section fb_built=&#8221;1&#8243; _builder_version=&#8221;4.18.0&#8243; _module_preset=&#8221;default&#8221; custom_padding=&#8221;25px|||||&#8221; global_colors_info=&#8221;{}&#8221;][et_pb_row _builder_version=&#8221;4.18.0&#8243; _module_preset=&#8221;default&#8221; custom_padding=&#8221;||1px|||&#8221; global_colors_info=&#8221;{}&#8221;][et_pb_column type=&#8221;4_4&#8243; _builder_version=&#8221;4.18.0&#8243; _module_preset=&#8221;default&#8221; global_colors_info=&#8221;{}&#8221;][et_pb_text _builder_version=&#8221;4.18.0&#8243; _module_preset=&#8221;default&#8221; header_font=&#8221;Montserrat||||||||&#8221; header_text_align=&#8221;center&#8221; header_text_color=&#8221;#000000&#8243; header_font_size=&#8221;26px&#8221; text_orientation=&#8221;center&#8221; custom_margin=&#8221;||-3px|||&#8221; global_colors_info=&#8221;{}&#8221;]<\/p>\n<h1>FORMULARIO DE DONACI\u00d3N PARA SUBASTAS<\/h1>\n<p style=\"font-weight: 400;\">Su contribuci\u00f3n es deducible de impuestos en la medida permitida por la ley:<br \/>\n<em>501(c)3 N\u00famero de identificaci\u00f3n fiscal: 94-3041601<\/em><\/p>\n<p style=\"font-weight: 400;\">[\/et_pb_text][et_pb_divider _builder_version=&#8221;4.18.0&#8243; _module_preset=&#8221;default&#8221; global_colors_info=&#8221;{}&#8221;][\/et_pb_divider][\/et_pb_column][\/et_pb_row][et_pb_row _builder_version=&#8221;4.18.0&#8243; _module_preset=&#8221;default&#8221; global_colors_info=&#8221;{}&#8221;][et_pb_column type=&#8221;4_4&#8243; _builder_version=&#8221;4.18.0&#8243; _module_preset=&#8221;default&#8221; global_colors_info=&#8221;{}&#8221;][et_pb_dcgd_gravity_divi_module dc_dgfcm_form_id=&#8221;12&#8243; dc_dgfcm_show_title=&#8221;off&#8221; _builder_version=&#8221;4.18.0&#8243; _module_preset=&#8221;default&#8221; form_inputs_text_color=&#8221;#757575&#8243; form_inputs_focus_text_color=&#8221;#000000&#8243; form_title_text_color=&#8221;#000000&#8243; form_description_text_color=&#8221;RGBA(255,255,255,0)&#8221; field_label_text_color=&#8221;#000000&#8243; custom_form_submit_button=&#8221;on&#8221; form_submit_button_text_size=&#8221;16px&#8221; form_submit_button_text_color=&#8221;#FFFFFF&#8221; form_submit_button_bg_color=&#8221;#ff7a01&#8243; form_submit_button_border_width=&#8221;0px&#8221; form_submit_button_border_radius=&#8221;20px&#8221; form_submit_button_font=&#8221;|700|||||||&#8221; form_submit_button_alignment=&#8221;center&#8221; global_colors_info=&#8221;{}&#8221;][\/et_pb_dcgd_gravity_divi_module][\/et_pb_column][\/et_pb_row][et_pb_row disabled_on=&#8221;on|on|on&#8221; _builder_version=&#8221;4.18.0&#8243; _module_preset=&#8221;default&#8221; disabled=&#8221;on&#8221; global_colors_info=&#8221;{}&#8221;][et_pb_column type=&#8221;4_4&#8243; _builder_version=&#8221;4.18.0&#8243; _module_preset=&#8221;default&#8221; global_colors_info=&#8221;{}&#8221;][wdm_auction_listing _i=&#8221;0&#8243; _address=&#8221;0.2.0.0&#8243; theme_builder_area=&#8221;post_content&#8221; \/][\/et_pb_column][\/et_pb_row][\/et_pb_section]<\/p>\n","protected":false},"excerpt":{"rendered":"<p>FORMULARIO DE DONACI\u00d3N PARA SUBASTAS Su contribuci\u00f3n es deducible de impuestos en la medida permitida por la ley: 501(c)3 N\u00famero de identificaci\u00f3n fiscal: 94-3041601 [wdm_auction_listing _i=&#8221;0&#8243; _address=&#8221;0.2.0.0&#8243; theme_builder_area=&#8221;post_content&#8221; \/]<\/p>\n","protected":false},"author":2,"featured_media":0,"parent":0,"menu_order":0,"comment_status":"closed","ping_status":"closed","template":"","meta":{"_et_pb_use_builder":"on","_et_pb_old_content":"","_et_gb_content_width":"","footnotes":""},"class_list":["post-3957","page","type-page","status-publish","hentry"],"yoast_head":"<!-- This site is optimized with the Yoast SEO plugin v27.5 - https:\/\/yoast.com\/product\/yoast-seo-wordpress\/ -->\n<title>Subastas - Humane Society of the North Bay<\/title>\n<meta name=\"robots\" content=\"index, follow, max-snippet:-1, max-image-preview:large, max-video-preview:-1\" \/>\n<link rel=\"canonical\" href=\"https:\/\/www.hsnb.org\/es\/subastas\/\" \/>\n<meta property=\"og:locale\" content=\"es_ES\" \/>\n<meta property=\"og:type\" content=\"article\" \/>\n<meta property=\"og:title\" content=\"Subastas - Humane Society of the North Bay\" \/>\n<meta property=\"og:description\" content=\"FORMULARIO DE DONACI\u00d3N PARA SUBASTAS Su contribuci\u00f3n es deducible de impuestos en la medida permitida por la ley: 501(c)3 N\u00famero de identificaci\u00f3n fiscal: 94-3041601 [wdm_auction_listing _i=&quot;0&quot; _address=&quot;0.2.0.0&quot; theme_builder_area=&quot;post_content&quot; \/]\" \/>\n<meta property=\"og:url\" content=\"https:\/\/www.hsnb.org\/es\/subastas\/\" \/>\n<meta property=\"og:site_name\" content=\"Humane Society of the North Bay\" \/>\n<meta property=\"article:modified_time\" content=\"2023-03-24T17:13:40+00:00\" \/>\n<meta name=\"twitter:card\" content=\"summary_large_image\" \/>\n<meta name=\"twitter:label1\" content=\"Tiempo de lectura\" \/>\n\t<meta name=\"twitter:data1\" content=\"1 minuto\" \/>\n<script type=\"application\/ld+json\" class=\"yoast-schema-graph\">{\"@context\":\"https:\\\/\\\/schema.org\",\"@graph\":[{\"@type\":\"WebPage\",\"@id\":\"https:\\\/\\\/www.hsnb.org\\\/es\\\/subastas\\\/\",\"url\":\"https:\\\/\\\/www.hsnb.org\\\/es\\\/subastas\\\/\",\"name\":\"Subastas - Humane Society of the North Bay\",\"isPartOf\":{\"@id\":\"https:\\\/\\\/www.hsnb.org\\\/es\\\/#website\"},\"datePublished\":\"2022-03-25T16:32:58+00:00\",\"dateModified\":\"2023-03-24T17:13:40+00:00\",\"breadcrumb\":{\"@id\":\"https:\\\/\\\/www.hsnb.org\\\/es\\\/subastas\\\/#breadcrumb\"},\"inLanguage\":\"es\",\"potentialAction\":[{\"@type\":\"ReadAction\",\"target\":[\"https:\\\/\\\/www.hsnb.org\\\/es\\\/subastas\\\/\"]}]},{\"@type\":\"BreadcrumbList\",\"@id\":\"https:\\\/\\\/www.hsnb.org\\\/es\\\/subastas\\\/#breadcrumb\",\"itemListElement\":[{\"@type\":\"ListItem\",\"position\":1,\"name\":\"Home\",\"item\":\"https:\\\/\\\/www.hsnb.org\\\/es\\\/inicio-2\\\/\"},{\"@type\":\"ListItem\",\"position\":2,\"name\":\"Subastas\"}]},{\"@type\":\"WebSite\",\"@id\":\"https:\\\/\\\/www.hsnb.org\\\/es\\\/#website\",\"url\":\"https:\\\/\\\/www.hsnb.org\\\/es\\\/\",\"name\":\"Humane Society of the North Bay\",\"description\":\"Just another WordPress site\",\"potentialAction\":[{\"@type\":\"SearchAction\",\"target\":{\"@type\":\"EntryPoint\",\"urlTemplate\":\"https:\\\/\\\/www.hsnb.org\\\/es\\\/?s={search_term_string}\"},\"query-input\":{\"@type\":\"PropertyValueSpecification\",\"valueRequired\":true,\"valueName\":\"search_term_string\"}}],\"inLanguage\":\"es\"}]}<\/script>\n<!-- \/ Yoast SEO plugin. -->","yoast_head_json":{"title":"Subastas - Humane Society of the North Bay","robots":{"index":"index","follow":"follow","max-snippet":"max-snippet:-1","max-image-preview":"max-image-preview:large","max-video-preview":"max-video-preview:-1"},"canonical":"https:\/\/www.hsnb.org\/es\/subastas\/","og_locale":"es_ES","og_type":"article","og_title":"Subastas - Humane Society of the North Bay","og_description":"FORMULARIO DE DONACI\u00d3N PARA SUBASTAS Su contribuci\u00f3n es deducible de impuestos en la medida permitida por la ley: 501(c)3 N\u00famero de identificaci\u00f3n fiscal: 94-3041601 [wdm_auction_listing _i=\"0\" _address=\"0.2.0.0\" theme_builder_area=\"post_content\" \/]","og_url":"https:\/\/www.hsnb.org\/es\/subastas\/","og_site_name":"Humane Society of the North Bay","article_modified_time":"2023-03-24T17:13:40+00:00","twitter_card":"summary_large_image","twitter_misc":{"Tiempo de lectura":"1 minuto"},"schema":{"@context":"https:\/\/schema.org","@graph":[{"@type":"WebPage","@id":"https:\/\/www.hsnb.org\/es\/subastas\/","url":"https:\/\/www.hsnb.org\/es\/subastas\/","name":"Subastas - Humane Society of the North Bay","isPartOf":{"@id":"https:\/\/www.hsnb.org\/es\/#website"},"datePublished":"2022-03-25T16:32:58+00:00","dateModified":"2023-03-24T17:13:40+00:00","breadcrumb":{"@id":"https:\/\/www.hsnb.org\/es\/subastas\/#breadcrumb"},"inLanguage":"es","potentialAction":[{"@type":"ReadAction","target":["https:\/\/www.hsnb.org\/es\/subastas\/"]}]},{"@type":"BreadcrumbList","@id":"https:\/\/www.hsnb.org\/es\/subastas\/#breadcrumb","itemListElement":[{"@type":"ListItem","position":1,"name":"Home","item":"https:\/\/www.hsnb.org\/es\/inicio-2\/"},{"@type":"ListItem","position":2,"name":"Subastas"}]},{"@type":"WebSite","@id":"https:\/\/www.hsnb.org\/es\/#website","url":"https:\/\/www.hsnb.org\/es\/","name":"Humane Society of the North Bay","description":"Just another WordPress site","potentialAction":[{"@type":"SearchAction","target":{"@type":"EntryPoint","urlTemplate":"https:\/\/www.hsnb.org\/es\/?s={search_term_string}"},"query-input":{"@type":"PropertyValueSpecification","valueRequired":true,"valueName":"search_term_string"}}],"inLanguage":"es"}]}},"_links":{"self":[{"href":"https:\/\/www.hsnb.org\/es\/wp-json\/wp\/v2\/pages\/3957","targetHints":{"allow":["GET"]}}],"collection":[{"href":"https:\/\/www.hsnb.org\/es\/wp-json\/wp\/v2\/pages"}],"about":[{"href":"https:\/\/www.hsnb.org\/es\/wp-json\/wp\/v2\/types\/page"}],"author":[{"embeddable":true,"href":"https:\/\/www.hsnb.org\/es\/wp-json\/wp\/v2\/users\/2"}],"replies":[{"embeddable":true,"href":"https:\/\/www.hsnb.org\/es\/wp-json\/wp\/v2\/comments?post=3957"}],"version-history":[{"count":0,"href":"https:\/\/www.hsnb.org\/es\/wp-json\/wp\/v2\/pages\/3957\/revisions"}],"wp:attachment":[{"href":"https:\/\/www.hsnb.org\/es\/wp-json\/wp\/v2\/media?parent=3957"}],"curies":[{"name":"wp","href":"https:\/\/api.w.org\/{rel}","templated":true}]}}