{"id":3903,"date":"2022-05-04T08:43:09","date_gmt":"2022-05-04T15:43:09","guid":{"rendered":"https:\/\/www.hsnb.org\/tecnico-canino\/"},"modified":"2023-03-24T10:13:39","modified_gmt":"2023-03-24T17:13:39","slug":"tecnico-canino","status":"publish","type":"page","link":"https:\/\/www.hsnb.org\/es\/tecnico-canino\/","title":{"rendered":"T\u00e9cnico canino"},"content":{"rendered":"<p>[et_pb_section fb_built=&#8221;1&#8243; custom_padding_last_edited=&#8221;on|phone&#8221; _builder_version=&#8221;4.15.1&#8243; _module_preset=&#8221;default&#8221; background_image=&#8221;https:\/\/www.hsnb.org\/wp-content\/uploads\/2022\/05\/Careers_Hero_image-5.jpeg&#8221; background_position=&#8221;bottom_right&#8221; height=&#8221;482px&#8221; custom_padding=&#8221;115px|||||&#8221; custom_padding_tablet=&#8221;&#8221; custom_padding_phone=&#8221;0px||750px||false|false&#8221; background_color_tablet=&#8221;#A6AAAD&#8221; background_color_phone=&#8221;#a6aaad&#8221; background_last_edited=&#8221;on|phone&#8221; background_enable_color_tablet=&#8221;on&#8221; background_enable_color_phone=&#8221;on&#8221; background_image_phone=&#8221;https:\/\/www.hsnb.org\/wp-content\/uploads\/2021\/08\/Dog_Walking_Hero_image-mobile.jpg&#8221; background_enable_image_phone=&#8221;on&#8221; background_size_tablet=&#8221;contain&#8221; background_size_phone=&#8221;contain&#8221; global_colors_info=&#8221;{}&#8221;][et_pb_row column_structure=&#8221;3_5,2_5&#8243; _builder_version=&#8221;4.15&#8243; _module_preset=&#8221;default&#8221; animation_style=&#8221;slide&#8221; animation_direction=&#8221;bottom&#8221; global_colors_info=&#8221;{}&#8221;][et_pb_column type=&#8221;3_5&#8243; _builder_version=&#8221;4.15&#8243; _module_preset=&#8221;default&#8221; global_colors_info=&#8221;{}&#8221;][et_pb_text _builder_version=&#8221;4.15.1&#8243; _module_preset=&#8221;default&#8221; header_font=&#8221;|300|||||||&#8221; header_text_align=&#8221;left&#8221; header_text_color=&#8221;#000000&#8243; header_font_size=&#8221;60px&#8221; custom_margin=&#8221;||8px|||&#8221; header_font_size_tablet=&#8221;&#8221; header_font_size_phone=&#8221;48px&#8221; header_font_size_last_edited=&#8221;on|phone&#8221; global_colors_info=&#8221;{}&#8221;]<\/p>\n<h1>Oportunidades profesionales en HSNB<\/h1>\n<p>[\/et_pb_text][et_pb_text _builder_version=&#8221;4.15.1&#8243; _module_preset=&#8221;default&#8221; text_font=&#8221;Open Sans||||||||&#8221; text_text_color=&#8221;#000000&#8243; text_font_size=&#8221;22px&#8221; global_colors_info=&#8221;{}&#8221;]<\/p>\n<p><span>Si quieres marcar la diferencia en la vida de un animal, est\u00e1s en el lugar adecuado.<\/span><\/p>\n<p>[\/et_pb_text][\/et_pb_column][et_pb_column type=&#8221;2_5&#8243; _builder_version=&#8221;4.15&#8243; _module_preset=&#8221;default&#8221; global_colors_info=&#8221;{}&#8221;][\/et_pb_column][\/et_pb_row][\/et_pb_section][et_pb_section fb_built=&#8221;1&#8243; _builder_version=&#8221;4.9.10&#8243; _module_preset=&#8221;default&#8221; custom_padding=&#8221;0px||0px||true|false&#8221; global_module=&#8221;1064&#8243; global_colors_info=&#8221;{}&#8221;][et_pb_row column_structure=&#8221;3_5,2_5&#8243; _builder_version=&#8221;4.15&#8243; _module_preset=&#8221;default&#8221; background_color=&#8221;#000000&#8243; width=&#8221;100%&#8221; max_width=&#8221;2560px&#8221; custom_padding=&#8221;18px||10px||false|false&#8221; global_colors_info=&#8221;{}&#8221;][et_pb_column type=&#8221;3_5&#8243; _builder_version=&#8221;4.15&#8243; _module_preset=&#8221;default&#8221; global_colors_info=&#8221;{}&#8221;][et_pb_text _builder_version=&#8221;4.15&#8243; _module_preset=&#8221;default&#8221; header_2_font=&#8221;|700|||||||&#8221; header_2_text_align=&#8221;right&#8221; header_2_font_size=&#8221;40px&#8221; background_color=&#8221;#000000&#8243; text_orientation=&#8221;center&#8221; background_layout=&#8221;dark&#8221; custom_padding=&#8221;|25px||25px|false|true&#8221; header_2_text_align_tablet=&#8221;center&#8221; header_2_text_align_phone=&#8221;center&#8221; header_2_text_align_last_edited=&#8221;on|phone&#8221; global_colors_info=&#8221;{}&#8221;]<\/p>\n<h2>Su donaci\u00f3n puede salvar una vida<\/h2>\n<p>[\/et_pb_text][\/et_pb_column][et_pb_column type=&#8221;2_5&#8243; _builder_version=&#8221;4.15&#8243; _module_preset=&#8221;default&#8221; custom_padding=&#8221;|25px|||false|false&#8221; custom_padding_tablet=&#8221;|0px|||false|false&#8221; custom_padding_phone=&#8221;|0px|||false|false&#8221; custom_padding_last_edited=&#8221;on|phone&#8221; global_colors_info=&#8221;{}&#8221;][et_pb_button button_url=&#8221;https:\/\/donatenow.networkforgood.org\/hsnb&#8221; button_text=&#8221;DONAR&#8221; button_alignment=&#8221;center&#8221; _builder_version=&#8221;4.10.1&#8243; _module_preset=&#8221;default&#8221; button_text_size=&#8221;26px&#8221; button_text_color=&#8221;#FFFFFF&#8221; button_bg_color=&#8221;#ff7a01&#8243; button_border_width=&#8221;0px&#8221; button_border_color=&#8221;#ff7a01&#8243; button_border_radius=&#8221;30px&#8221; button_font=&#8221;|700|||||||&#8221; button_use_icon=&#8221;off&#8221; custom_margin=&#8221;|160px|||false|false&#8221; custom_margin_tablet=&#8221;|25px||25px|false|true&#8221; custom_margin_phone=&#8221;|25px||25px|false|true&#8221; custom_margin_last_edited=&#8221;on|phone&#8221; custom_padding=&#8221;0px||0px||true|false&#8221; custom_css_main_element=&#8221;width:100%;&#8221; global_colors_info=&#8221;{%22gcid-93296297-a419-4e4a-8354-cb3b220db9b8%22:%91%22button_bg_color__hover%22,%22button_border_color%22,%22button_bg_color%22%93}&#8221; button_bg_color__hover_enabled=&#8221;on|desktop&#8221; button_bg_color__hover=&#8221;#ff7a01&#8243; button_bg_enable_color__hover=&#8221;on&#8221;][\/et_pb_button][\/et_pb_column][\/et_pb_row][\/et_pb_section][et_pb_section fb_built=&#8221;1&#8243; _builder_version=&#8221;4.15.1&#8243; _module_preset=&#8221;default&#8221; custom_padding=&#8221;||2px|||&#8221; global_colors_info=&#8221;{}&#8221;][et_pb_row _builder_version=&#8221;4.15.1&#8243; _module_preset=&#8221;default&#8221; background_color=&#8221;#f7f7f7&#8243; custom_margin=&#8221;0px|auto||auto||&#8221; custom_padding=&#8221;5px||15px|||&#8221; global_colors_info=&#8221;{}&#8221;][et_pb_column type=&#8221;4_4&#8243; _builder_version=&#8221;4.15&#8243; _module_preset=&#8221;default&#8221; global_colors_info=&#8221;{}&#8221;][et_pb_text _builder_version=&#8221;4.15.1&#8243; _module_preset=&#8221;default&#8221; text_font_size=&#8221;16px&#8221; background_color=&#8221;#f7f7f7&#8243; custom_margin=&#8221;||13px|||&#8221; custom_padding=&#8221;20px|20px|20px|20px|true|true&#8221; hover_enabled=&#8221;0&#8243; global_colors_info=&#8221;{}&#8221; sticky_enabled=&#8221;0&#8243;]<\/p>\n<p><span style=\"text-decoration: underline;\"><b>Puesto: T\u00e9cnico canino<\/b><\/span><\/p>\n<p><b>Depende de: <\/b>Supervisor de la perrera<\/p>\n<p><b>Departamento: <\/b>Operaciones de la perrera<br \/>Clasificaci\u00f3n FLSA: No exento<\/p>\n<p><b>Horario:<br \/><\/b>A tiempo completo, 40 horas<\/p>\n<p>De 8.30 a 17.00 horas (ocasionalmente puede requerir flexibilidad)<br \/><b>D\u00edas programados <\/b>(TBD)<\/p>\n<p><b>Sistema inform\u00e1tico: <\/b>Shelter Buddy (formaci\u00f3n disponible)<\/p>\n<p><b>Sueldo: 15 $\/hora<\/b><\/p>\n<p>La Humane Society of the North Bay (HSNB), un refugio de animales privado y sin \u00e1nimo de lucro situado en Vallejo, CA, busca un t\u00e9cnico de perrera con amplia experiencia en el cuidado de perros. Se valorar\u00e1 muy positivamente la capacidad para manejar con seguridad y confianza perros grandes e interpretar su comportamiento.<\/p>\n<p>HSNB es un refugio de animales sin \u00e1nimo de lucro que cuida de las mascotas perdidas y abandonadas de Vallejo. Somos un refugio muy concurrido y podemos tener hasta 40 perros grandes, 15 perros peque\u00f1os y m\u00e1s de 20 gatos (capacidad m\u00e1xima in situ).<\/p>\n<p>El t\u00e9cnico canino ama a los animales, siente compasi\u00f3n tanto por los animales como por las personas, tiene una gran \u00e9tica de trabajo y presta mucha atenci\u00f3n a los detalles. El t\u00e9cnico canino trabaja con perros grandes y peque\u00f1os y debe sentirse c\u00f3modo manejando e interactuando con perros de diferentes tama\u00f1os y temperamentos, y ocasionalmente con gatos si es necesario.<\/p>\n<p><b>Responsabilidades del t\u00e9cnico de la perrera:<br \/><\/b>&#8211; Manejo de animales (formaci\u00f3n proporcionada) para la admisi\u00f3n de animales callejeros, descansos para ir al ba\u00f1o, paseos, movimiento por el refugio y en las perreras, y traslado dentro y fuera de las perreras y los coches.<br \/>&#8211; Proporcionar comida y agua a los animales dos veces al d\u00eda<br \/>&#8211; Desinfecci\u00f3n diaria de las perreras, sustituci\u00f3n de la ropa de cama y lavado y doblado de la ropa.<br \/>&#8211; Mantener limpios los terrenos y las zonas comunes del refugio<br \/>&#8211; Traslado de suministros y donaciones por todo el albergue<br \/>&#8211; Administraci\u00f3n de la medicaci\u00f3n prescrita, vacunas y microchips (formaci\u00f3n proporcionada).<br \/>&#8211; Evaluaci\u00f3n de animales vagabundos con vistas a su adopci\u00f3n (formaci\u00f3n impartida)<br \/>&#8211; Supervisi\u00f3n y mantenimiento de suministros adecuados<br \/>&#8211; Participaci\u00f3n en encuentros con posibles adoptantes<\/p>\n<p><b>Habilidades Kennel Tech (formaci\u00f3n disponible):<br \/>&#8211; <\/b>Siga los protocolos de desinfecci\u00f3n a fondo para las perreras, \u00e1reas de trabajo y de juego, y el equipo.<br \/>&#8211; Seguir las medidas est\u00e1ndar de los alimentos y los requisitos de las dietas especiales<br \/>&#8211; Capacidad para reconocer animales potencialmente enfermos o heridos y\/o cambios de comportamiento, documentar las preocupaciones y notificar inmediatamente a los gestores.<br \/>&#8211; Capacidad para reconocer la necesidad y el uso de equipos de contenci\u00f3n de animales cuando sea necesario.<br \/>&#8211; Capacidad para utilizar equipos de lavado a presi\u00f3n, mangueras y diversos productos de limpieza.<br \/>&#8211; Manipulaci\u00f3n y cuidado adecuados de los animales para realizar el trabajo de forma humanitaria y segura.<br \/>&#8211; Uso de material de limpieza, equipos y mantenimiento de edificios<\/p>\n<p><b>Requisitos generales<br \/><\/b>&#8211; Dedicaci\u00f3n al trato humano y compasivo de todos los animales.<br \/>&#8211; Cumplimiento en todo momento de los procedimientos, pol\u00edticas y normas del refugio de animales.<br \/>&#8211; Capacidad para trabajar profesionalmente con el p\u00fablico, el personal y los voluntarios.<br \/>&#8211; Capacidad para afrontar situaciones de gran tensi\u00f3n con calma y de forma productiva.<br \/>&#8211; Disposici\u00f3n para ajustar las tareas en funci\u00f3n de la evoluci\u00f3n de los plazos y las prioridades.<br \/>&#8211; Capacidad para comprender y ejecutar instrucciones verbales y escritas<br \/>&#8211; Capacidad para trabajar sin supervisi\u00f3n, en caso necesario<br \/>&#8211; Uso correcto del ingl\u00e9s, incluyendo ortograf\u00eda, gram\u00e1tica, puntuaci\u00f3n y vocabulario.<br \/>&#8211; Mantenimiento de registros precisos, preparaci\u00f3n de informes y archivo.<br \/>&#8211; Aritm\u00e9tica comercial est\u00e1ndar y fracciones b\u00e1sicas<br \/>&#8211; Realizar otras tareas dentro del \u00e1mbito, el esp\u00edritu y el prop\u00f3sito del trabajo, seg\u00fan se solicite.<br \/>&#8211; Permiso de conducir v\u00e1lido en California y buen historial de conducci\u00f3n<\/p>\n<p><b>Exigencias f\u00edsicas:<br \/><\/b>&#8211; Este puesto requiere largos periodos de tiempo de pie, caminando, alcanzando, torciendo, girando, arrodill\u00e1ndose, agach\u00e1ndose, en cuclillas y encorv\u00e1ndose en el desempe\u00f1o de las actividades diarias.<br \/>&#8211; Este puesto tambi\u00e9n requiere agarre, movimientos repetitivos con las manos y coordinaci\u00f3n fina para preparar informes estad\u00edsticos y datos, y utilizar un teclado de ordenador, si es necesario.<br \/>&#8211; El empleado debe ser capaz de levantar y\/o mover hasta 30 libras, sin ayuda.<br \/>&#8211; El empleado debe levantar y\/o mover ocasionalmente hasta 80 libras, con ayuda<br \/>&#8211; Las capacidades visuales espec\u00edficas que requiere este trabajo incluyen visi\u00f3n de cerca, visi\u00f3n de lejos, visi\u00f3n crom\u00e1tica, visi\u00f3n perif\u00e9rica, percepci\u00f3n de la profundidad y capacidad para ajustar el enfoque.<br \/>&#8211; Se requiere capacidad auditiva para atender por tel\u00e9fono y en mostrador y para interactuar con el personal, los voluntarios y los visitantes.<br \/>&#8211; El T\u00e9cnico en Perreras manejar\u00e1 animales que pueden estar asustados, agitados o heridos, y que pueden intentar morder o ara\u00f1ar.<\/p>\n<p><strong>Ventajas:<\/strong><br \/><span style=\"font-size: 16px;\">&#8211; 401(k)<br \/><\/span><span style=\"font-size: 16px;\">&#8211; Descuento para empleados<br \/><\/span><span style=\"font-size: 16px;\">&#8211; Formaci\u00f3n en comportamiento y cuidado de los animales<br \/><\/span><span style=\"font-size: 16px;\">&#8211; Oportunidades de desarrollo profesional<\/span><\/p>\n<p><strong>Consideraciones COVID-19:<\/strong><br \/>Actualmente, la HSNB s\u00f3lo est\u00e1 abierta al p\u00fablico con cita previa. Seguimos las directrices de los CDC.<\/p>\n<p><strong>Capacidad para desplazarse:<\/strong><br \/>Vallejo, CA 94590: Viajar al trabajo o planear mudarse antes de empezar a trabajar (Preferido)<\/p>\n<p><strong>Licencia\/Certificaci\u00f3n:<\/strong><br \/>&#8211; Permiso de conducir (preferido)<\/p>\n<p>[\/et_pb_text][\/et_pb_column][\/et_pb_row][et_pb_row _builder_version=&#8221;4.15&#8243; _module_preset=&#8221;default&#8221; min_height=&#8221;17px&#8221; custom_padding=&#8221;2px||0px|||&#8221; global_colors_info=&#8221;{}&#8221;][et_pb_column type=&#8221;4_4&#8243; _builder_version=&#8221;4.15&#8243; _module_preset=&#8221;default&#8221; global_colors_info=&#8221;{}&#8221;][et_pb_divider _builder_version=&#8221;4.15.1&#8243; _module_preset=&#8221;default&#8221; custom_margin=&#8221;19px|||||&#8221; global_colors_info=&#8221;{}&#8221;][\/et_pb_divider][\/et_pb_column][\/et_pb_row][et_pb_row _builder_version=&#8221;4.15.1&#8243; _module_preset=&#8221;default&#8221; background_color=&#8221;#c9c9c9&#8243; custom_padding=&#8221;20px|20px|20px|20px|true|true&#8221; border_radii=&#8221;on|31px|31px|31px|31px&#8221; global_colors_info=&#8221;{}&#8221;][et_pb_column type=&#8221;4_4&#8243; _builder_version=&#8221;4.15.1&#8243; _module_preset=&#8221;default&#8221; global_colors_info=&#8221;{}&#8221;][et_pb_dcgd_gravity_divi_module dc_dgfcm_form_id=&#8221;8&#8243; dc_dgfcm_show_description=&#8221;off&#8221; dc_dgfcm_enable_confirmation=&#8221;on&#8221; dc_dgfcm_confirmation_type=&#8221;page&#8221; _builder_version=&#8221;4.15.1&#8243; _module_preset=&#8221;default&#8221; form_title_font=&#8221;|700|||||||&#8221; form_title_font_size=&#8221;24px&#8221; custom_form_submit_button=&#8221;on&#8221; form_submit_button_text_color=&#8221;#FFFFFF&#8221; form_submit_button_bg_color=&#8221;#ff7a01&#8243; form_submit_button_border_width=&#8221;0px&#8221; form_submit_button_border_radius=&#8221;45px&#8221; form_submit_button_font=&#8221;|700|||||||&#8221; form_submit_button_alignment=&#8221;left&#8221; form_submit_button_custom_margin=&#8221;30px||||false|false&#8221; global_colors_info=&#8221;{}&#8221;][\/et_pb_dcgd_gravity_divi_module][\/et_pb_column][\/et_pb_row][\/et_pb_section][et_pb_section fb_built=&#8221;1&#8243; _builder_version=&#8221;4.15.1&#8243; _module_preset=&#8221;default&#8221; background_color=&#8221;#FFFFFF&#8221; custom_margin=&#8221;27px|||||&#8221; custom_padding=&#8221;0px||4px|||&#8221; global_colors_info=&#8221;{%22gcid-b9da534b-4fc4-434e-bc24-56f9ed169cd6%22:%91%93,%22gcid-9e3a8181-627c-42de-925e-a926820c2a59%22:%91%93}&#8221;][\/et_pb_section]<\/p>\n","protected":false},"excerpt":{"rendered":"<p>Oportunidades profesionales en HSNBSi quieres marcar la diferencia en la vida de un animal, est\u00e1s en el lugar adecuado.Su donaci\u00f3n puede salvar una vidaPuesto: T\u00e9cnico canino Depende de: Supervisor de la perrera Departamento: Operaciones de la perreraClasificaci\u00f3n FLSA: No exento Horario:A tiempo completo, 40 horas De 8.30 a 17.00 horas (ocasionalmente puede requerir flexibilidad)D\u00edas programados (TBD) Sistema inform\u00e1tico: Shelter Buddy (formaci\u00f3n disponible) Sueldo: 15 $\/hora La Humane Society of the North Bay (HSNB), un refugio de animales privado y sin \u00e1nimo de lucro situado en Vallejo, CA, busca un t\u00e9cnico de perrera con amplia experiencia en el cuidado de perros. Se valorar\u00e1 muy positivamente la capacidad para manejar con seguridad y confianza perros grandes e interpretar su comportamiento. HSNB es un refugio de animales sin \u00e1nimo de lucro que cuida de las mascotas perdidas y abandonadas de Vallejo. Somos un refugio muy concurrido y podemos tener hasta 40 perros grandes, 15 perros peque\u00f1os y m\u00e1s de 20 gatos (capacidad m\u00e1xima in situ). El t\u00e9cnico canino ama a los animales, siente compasi\u00f3n tanto por los animales como por las personas, tiene una gran \u00e9tica de trabajo y presta mucha atenci\u00f3n a los detalles. El t\u00e9cnico canino trabaja con perros grandes y [&hellip;]<\/p>\n","protected":false},"author":2,"featured_media":0,"parent":0,"menu_order":0,"comment_status":"closed","ping_status":"closed","template":"","meta":{"_et_pb_use_builder":"on","_et_pb_old_content":"","_et_gb_content_width":"","footnotes":""},"class_list":["post-3903","page","type-page","status-publish","hentry"],"yoast_head":"<!-- This site is optimized with the Yoast SEO plugin v27.3 - https:\/\/yoast.com\/product\/yoast-seo-wordpress\/ -->\n<title>T\u00e9cnico canino - Humane Society of the North Bay<\/title>\n<meta name=\"robots\" content=\"index, follow, max-snippet:-1, max-image-preview:large, max-video-preview:-1\" \/>\n<link rel=\"canonical\" href=\"https:\/\/www.hsnb.org\/es\/tecnico-canino\/\" \/>\n<meta property=\"og:locale\" content=\"es_ES\" \/>\n<meta property=\"og:type\" content=\"article\" \/>\n<meta property=\"og:title\" content=\"T\u00e9cnico canino - Humane Society of the North Bay\" \/>\n<meta property=\"og:description\" content=\"Oportunidades profesionales en HSNBSi quieres marcar la diferencia en la vida de un animal, est\u00e1s en el lugar adecuado.Su donaci\u00f3n puede salvar una vidaPuesto: T\u00e9cnico canino Depende de: Supervisor de la perrera Departamento: Operaciones de la perreraClasificaci\u00f3n FLSA: No exento Horario:A tiempo completo, 40 horas De 8.30 a 17.00 horas (ocasionalmente puede requerir flexibilidad)D\u00edas programados (TBD) Sistema inform\u00e1tico: Shelter Buddy (formaci\u00f3n disponible) Sueldo: 15 $\/hora La Humane Society of the North Bay (HSNB), un refugio de animales privado y sin \u00e1nimo de lucro situado en Vallejo, CA, busca un t\u00e9cnico de perrera con amplia experiencia en el cuidado de perros. Se valorar\u00e1 muy positivamente la capacidad para manejar con seguridad y confianza perros grandes e interpretar su comportamiento. HSNB es un refugio de animales sin \u00e1nimo de lucro que cuida de las mascotas perdidas y abandonadas de Vallejo. Somos un refugio muy concurrido y podemos tener hasta 40 perros grandes, 15 perros peque\u00f1os y m\u00e1s de 20 gatos (capacidad m\u00e1xima in situ). El t\u00e9cnico canino ama a los animales, siente compasi\u00f3n tanto por los animales como por las personas, tiene una gran \u00e9tica de trabajo y presta mucha atenci\u00f3n a los detalles. El t\u00e9cnico canino trabaja con perros grandes y [&hellip;]\" \/>\n<meta property=\"og:url\" content=\"https:\/\/www.hsnb.org\/es\/tecnico-canino\/\" \/>\n<meta property=\"og:site_name\" content=\"Humane Society of the North Bay\" \/>\n<meta property=\"article:modified_time\" content=\"2023-03-24T17:13:39+00:00\" \/>\n<meta name=\"twitter:card\" content=\"summary_large_image\" \/>\n<meta name=\"twitter:label1\" content=\"Tiempo de lectura\" \/>\n\t<meta name=\"twitter:data1\" content=\"9 minutos\" \/>\n<script type=\"application\/ld+json\" class=\"yoast-schema-graph\">{\"@context\":\"https:\\\/\\\/schema.org\",\"@graph\":[{\"@type\":\"WebPage\",\"@id\":\"https:\\\/\\\/www.hsnb.org\\\/es\\\/tecnico-canino\\\/\",\"url\":\"https:\\\/\\\/www.hsnb.org\\\/es\\\/tecnico-canino\\\/\",\"name\":\"T\u00e9cnico canino - Humane Society of the North Bay\",\"isPartOf\":{\"@id\":\"https:\\\/\\\/www.hsnb.org\\\/es\\\/#website\"},\"datePublished\":\"2022-05-04T15:43:09+00:00\",\"dateModified\":\"2023-03-24T17:13:39+00:00\",\"breadcrumb\":{\"@id\":\"https:\\\/\\\/www.hsnb.org\\\/es\\\/tecnico-canino\\\/#breadcrumb\"},\"inLanguage\":\"es\",\"potentialAction\":[{\"@type\":\"ReadAction\",\"target\":[\"https:\\\/\\\/www.hsnb.org\\\/es\\\/tecnico-canino\\\/\"]}]},{\"@type\":\"BreadcrumbList\",\"@id\":\"https:\\\/\\\/www.hsnb.org\\\/es\\\/tecnico-canino\\\/#breadcrumb\",\"itemListElement\":[{\"@type\":\"ListItem\",\"position\":1,\"name\":\"Home\",\"item\":\"https:\\\/\\\/www.hsnb.org\\\/es\\\/inicio-2\\\/\"},{\"@type\":\"ListItem\",\"position\":2,\"name\":\"T\u00e9cnico canino\"}]},{\"@type\":\"WebSite\",\"@id\":\"https:\\\/\\\/www.hsnb.org\\\/es\\\/#website\",\"url\":\"https:\\\/\\\/www.hsnb.org\\\/es\\\/\",\"name\":\"Humane Society of the North Bay\",\"description\":\"Just another WordPress site\",\"potentialAction\":[{\"@type\":\"SearchAction\",\"target\":{\"@type\":\"EntryPoint\",\"urlTemplate\":\"https:\\\/\\\/www.hsnb.org\\\/es\\\/?s={search_term_string}\"},\"query-input\":{\"@type\":\"PropertyValueSpecification\",\"valueRequired\":true,\"valueName\":\"search_term_string\"}}],\"inLanguage\":\"es\"}]}<\/script>\n<!-- \/ Yoast SEO plugin. -->","yoast_head_json":{"title":"T\u00e9cnico canino - Humane Society of the North Bay","robots":{"index":"index","follow":"follow","max-snippet":"max-snippet:-1","max-image-preview":"max-image-preview:large","max-video-preview":"max-video-preview:-1"},"canonical":"https:\/\/www.hsnb.org\/es\/tecnico-canino\/","og_locale":"es_ES","og_type":"article","og_title":"T\u00e9cnico canino - Humane Society of the North Bay","og_description":"Oportunidades profesionales en HSNBSi quieres marcar la diferencia en la vida de un animal, est\u00e1s en el lugar adecuado.Su donaci\u00f3n puede salvar una vidaPuesto: T\u00e9cnico canino Depende de: Supervisor de la perrera Departamento: Operaciones de la perreraClasificaci\u00f3n FLSA: No exento Horario:A tiempo completo, 40 horas De 8.30 a 17.00 horas (ocasionalmente puede requerir flexibilidad)D\u00edas programados (TBD) Sistema inform\u00e1tico: Shelter Buddy (formaci\u00f3n disponible) Sueldo: 15 $\/hora La Humane Society of the North Bay (HSNB), un refugio de animales privado y sin \u00e1nimo de lucro situado en Vallejo, CA, busca un t\u00e9cnico de perrera con amplia experiencia en el cuidado de perros. Se valorar\u00e1 muy positivamente la capacidad para manejar con seguridad y confianza perros grandes e interpretar su comportamiento. HSNB es un refugio de animales sin \u00e1nimo de lucro que cuida de las mascotas perdidas y abandonadas de Vallejo. Somos un refugio muy concurrido y podemos tener hasta 40 perros grandes, 15 perros peque\u00f1os y m\u00e1s de 20 gatos (capacidad m\u00e1xima in situ). El t\u00e9cnico canino ama a los animales, siente compasi\u00f3n tanto por los animales como por las personas, tiene una gran \u00e9tica de trabajo y presta mucha atenci\u00f3n a los detalles. El t\u00e9cnico canino trabaja con perros grandes y [&hellip;]","og_url":"https:\/\/www.hsnb.org\/es\/tecnico-canino\/","og_site_name":"Humane Society of the North Bay","article_modified_time":"2023-03-24T17:13:39+00:00","twitter_card":"summary_large_image","twitter_misc":{"Tiempo de lectura":"9 minutos"},"schema":{"@context":"https:\/\/schema.org","@graph":[{"@type":"WebPage","@id":"https:\/\/www.hsnb.org\/es\/tecnico-canino\/","url":"https:\/\/www.hsnb.org\/es\/tecnico-canino\/","name":"T\u00e9cnico canino - Humane Society of the North Bay","isPartOf":{"@id":"https:\/\/www.hsnb.org\/es\/#website"},"datePublished":"2022-05-04T15:43:09+00:00","dateModified":"2023-03-24T17:13:39+00:00","breadcrumb":{"@id":"https:\/\/www.hsnb.org\/es\/tecnico-canino\/#breadcrumb"},"inLanguage":"es","potentialAction":[{"@type":"ReadAction","target":["https:\/\/www.hsnb.org\/es\/tecnico-canino\/"]}]},{"@type":"BreadcrumbList","@id":"https:\/\/www.hsnb.org\/es\/tecnico-canino\/#breadcrumb","itemListElement":[{"@type":"ListItem","position":1,"name":"Home","item":"https:\/\/www.hsnb.org\/es\/inicio-2\/"},{"@type":"ListItem","position":2,"name":"T\u00e9cnico canino"}]},{"@type":"WebSite","@id":"https:\/\/www.hsnb.org\/es\/#website","url":"https:\/\/www.hsnb.org\/es\/","name":"Humane Society of the North Bay","description":"Just another WordPress site","potentialAction":[{"@type":"SearchAction","target":{"@type":"EntryPoint","urlTemplate":"https:\/\/www.hsnb.org\/es\/?s={search_term_string}"},"query-input":{"@type":"PropertyValueSpecification","valueRequired":true,"valueName":"search_term_string"}}],"inLanguage":"es"}]}},"_links":{"self":[{"href":"https:\/\/www.hsnb.org\/es\/wp-json\/wp\/v2\/pages\/3903","targetHints":{"allow":["GET"]}}],"collection":[{"href":"https:\/\/www.hsnb.org\/es\/wp-json\/wp\/v2\/pages"}],"about":[{"href":"https:\/\/www.hsnb.org\/es\/wp-json\/wp\/v2\/types\/page"}],"author":[{"embeddable":true,"href":"https:\/\/www.hsnb.org\/es\/wp-json\/wp\/v2\/users\/2"}],"replies":[{"embeddable":true,"href":"https:\/\/www.hsnb.org\/es\/wp-json\/wp\/v2\/comments?post=3903"}],"version-history":[{"count":0,"href":"https:\/\/www.hsnb.org\/es\/wp-json\/wp\/v2\/pages\/3903\/revisions"}],"wp:attachment":[{"href":"https:\/\/www.hsnb.org\/es\/wp-json\/wp\/v2\/media?parent=3903"}],"curies":[{"name":"wp","href":"https:\/\/api.w.org\/{rel}","templated":true}]}}