{"id":3874,"date":"2022-05-06T10:46:36","date_gmt":"2022-05-06T17:46:36","guid":{"rendered":"https:\/\/www.hsnb.org\/mantente-en-contacto\/"},"modified":"2023-03-24T10:13:38","modified_gmt":"2023-03-24T17:13:38","slug":"mantente-en-contacto","status":"publish","type":"page","link":"https:\/\/www.hsnb.org\/es\/mantente-en-contacto\/","title":{"rendered":"Mantente en contacto"},"content":{"rendered":"<p>[et_pb_section fb_built=&#8221;1&#8243; custom_padding_last_edited=&#8221;on|phone&#8221; _builder_version=&#8221;4.15.1&#8243; _module_preset=&#8221;default&#8221; background_color=&#8221;#efb6b3&#8243; background_enable_image=&#8221;off&#8221; background_position=&#8221;bottom_right&#8221; background_blend=&#8221;multiply&#8221; height=&#8221;221px&#8221; height_tablet=&#8221;&#8221; height_phone=&#8221;&#8221; height_last_edited=&#8221;on|phone&#8221; custom_padding=&#8221;60px||60px||true|false&#8221; custom_padding_tablet=&#8221;0px||||false|false&#8221; custom_padding_phone=&#8221;0px||450px||false|false&#8221; background_color_tablet=&#8221;#efc87d&#8221; background_color_phone=&#8221;#f0b6b4&#8243; background_last_edited=&#8221;on|phone&#8221; background_enable_color_tablet=&#8221;on&#8221; background_enable_color_phone=&#8221;on&#8221; background_image_phone=&#8221;https:\/\/www.hsnb.org\/wp-content\/uploads\/2021\/08\/Estate_Building_Hero-Image4-mobile-1.jpg&#8221; background_enable_image_phone=&#8221;on&#8221; background_size_tablet=&#8221;contain&#8221; background_size_phone=&#8221;contain&#8221; background_blend_tablet=&#8221;normal&#8221; background_blend_phone=&#8221;normal&#8221; global_colors_info=&#8221;{}&#8221;][et_pb_row column_structure=&#8221;3_5,2_5&#8243; custom_padding_last_edited=&#8221;on|phone&#8221; _builder_version=&#8221;4.15.1&#8243; _module_preset=&#8221;default&#8221; custom_padding=&#8221;16px||14px|||&#8221; custom_padding_tablet=&#8221;&#8221; custom_padding_phone=&#8221;||0px||false|false&#8221; animation_direction=&#8221;bottom&#8221; global_colors_info=&#8221;{}&#8221;][et_pb_column type=&#8221;3_5&#8243; _builder_version=&#8221;4.15&#8243; _module_preset=&#8221;default&#8221; global_colors_info=&#8221;{}&#8221;][et_pb_text _builder_version=&#8221;4.15.1&#8243; _module_preset=&#8221;default&#8221; text_text_color=&#8221;#FFFFFF&#8221; header_font=&#8221;|300|||||||&#8221; header_text_align=&#8221;left&#8221; header_font_size=&#8221;60px&#8221; background_layout=&#8221;dark&#8221; custom_margin=&#8221;0px||-2px|||&#8221; header_text_align_tablet=&#8221;&#8221; header_text_align_phone=&#8221;center&#8221; header_text_align_last_edited=&#8221;on|phone&#8221; header_font_size_tablet=&#8221;&#8221; header_font_size_phone=&#8221;48px&#8221; header_font_size_last_edited=&#8221;on|phone&#8221; global_colors_info=&#8221;{}&#8221;]<\/p>\n<h1>Mantente en contacto<\/h1>\n<p>[\/et_pb_text][\/et_pb_column][et_pb_column type=&#8221;2_5&#8243; _builder_version=&#8221;4.15&#8243; _module_preset=&#8221;default&#8221; global_colors_info=&#8221;{}&#8221;][\/et_pb_column][\/et_pb_row][\/et_pb_section][et_pb_section fb_built=&#8221;1&#8243; _builder_version=&#8221;4.15&#8243; _module_preset=&#8221;default&#8221; background_color=&#8221;#FFFFFF&#8221; custom_padding=&#8221;7px||25px|||&#8221; global_colors_info=&#8221;{%22gcid-0ea41261-537c-48ab-b0b7-898d0100a6f1%22:%91%93,%22gcid-b9da534b-4fc4-434e-bc24-56f9ed169cd6%22:%91%93}&#8221;][et_pb_row column_structure=&#8221;2_5,3_5&#8243; make_equal=&#8221;on&#8221; _builder_version=&#8221;4.15&#8243; _module_preset=&#8221;default&#8221; custom_padding=&#8221;4px|||||&#8221; global_colors_info=&#8221;{}&#8221;][et_pb_column type=&#8221;2_5&#8243; _builder_version=&#8221;4.15&#8243; _module_preset=&#8221;default&#8221; global_colors_info=&#8221;{}&#8221;][et_pb_image src=&#8221;https:\/\/www.hsnb.org\/wp-content\/uploads\/2021\/08\/316869D28029.jpg&#8221; title_text=&#8221;316869D28029&#8243; _builder_version=&#8221;4.15.1&#8243; _module_preset=&#8221;default&#8221; global_colors_info=&#8221;{}&#8221;][\/et_pb_image][et_pb_text _builder_version=&#8221;4.15.1&#8243; _module_preset=&#8221;default&#8221; text_text_color=&#8221;#000000&#8243; text_font_size=&#8221;24px&#8221; text_line_height=&#8221;1.4em&#8221; header_2_font=&#8221;|700||on|||||&#8221; header_2_font_size=&#8221;40px&#8221; header_3_font=&#8221;|700|||||||&#8221; header_3_text_color=&#8221;gcid-93296297-a419-4e4a-8354-cb3b220db9b8&#8243; header_3_font_size=&#8221;33px&#8221; background_layout=&#8221;dark&#8221; hover_enabled=&#8221;0&#8243; global_colors_info=&#8221;{%22gcid-93296297-a419-4e4a-8354-cb3b220db9b8%22:%91%22header_3_text_color%22%93}&#8221; sticky_enabled=&#8221;0&#8243;]<\/p>\n<p>1121 Sonoma Blvd.<br \/>Vallejo, CA 94590<\/p>\n<p><a href=\"tel:7076457905\">(707) 645-7905<\/a><\/p>\n<p>Todos los d\u00edas 10:30 &#8211; 16:30<br \/>Llamar o <span style=\"text-decoration: underline;\"><br \/>\n  <a href=\"mailto:info@hsnb.org\">Env\u00ede un correo electr\u00f3nico a<\/a><br \/>\n<\/span><\/p>\n<p>[\/et_pb_text][\/et_pb_column][et_pb_column type=&#8221;3_5&#8243; _builder_version=&#8221;4.15&#8243; _module_preset=&#8221;default&#8221; global_colors_info=&#8221;{}&#8221;][et_pb_code _builder_version=&#8221;4.15.1&#8243; _module_preset=&#8221;default&#8221; min_height=&#8221;293.8px&#8221; custom_margin=&#8221;50px||10px||false|false&#8221; global_colors_info=&#8221;{}&#8221;]<iframe src=\"https:\/\/www.google.com\/maps\/embed?pb=!1m18!1m12!1m3!1d3139.9497046919064!2d-122.25431178427222!3d38.094834479702314!2m3!1f0!2f0!3f0!3m2!1i1024!2i768!4f13.1!3m3!1m2!1s0x8085737af91ca8c9%3A0xf49bb95bf9c4074f!2s1121%20Sonoma%20Blvd%2C%20Vallejo%2C%20CA%2094590%2C%20USA!5e0!3m2!1sen!2s!4v1619084501109!5m2!1sen!2s\" width=\"600\" height=\"300\" style=\"border:0;\" allowfullscreen=\"\" loading=\"lazy\"><\/iframe>[\/et_pb_code][\/et_pb_column][\/et_pb_row][\/et_pb_section][et_pb_section fb_built=&#8221;1&#8243; _builder_version=&#8221;4.15&#8243; _module_preset=&#8221;default&#8221; min_height=&#8221;416px&#8221; custom_margin=&#8221;-3px||||false|false&#8221; custom_padding=&#8221;2px||40px|||&#8221; global_colors_info=&#8221;{}&#8221;][et_pb_row column_structure=&#8221;3_5,2_5&#8243; _builder_version=&#8221;4.15&#8243; _module_preset=&#8221;default&#8221; background_color=&#8221;#000000&#8243; width=&#8221;100%&#8221; max_width=&#8221;2560px&#8221; min_height=&#8221;81px&#8221; custom_margin=&#8221;-2px||||false|false&#8221; custom_padding=&#8221;19px||10px||false|false&#8221; global_colors_info=&#8221;{}&#8221;][et_pb_column type=&#8221;3_5&#8243; _builder_version=&#8221;4.15&#8243; _module_preset=&#8221;default&#8221; global_colors_info=&#8221;{}&#8221;][et_pb_text _builder_version=&#8221;4.15&#8243; _module_preset=&#8221;default&#8221; header_2_font=&#8221;|700|||||||&#8221; header_2_text_align=&#8221;right&#8221; header_2_font_size=&#8221;40px&#8221; background_color=&#8221;#000000&#8243; text_orientation=&#8221;center&#8221; background_layout=&#8221;dark&#8221; global_colors_info=&#8221;{}&#8221;]<\/p>\n<h2>Su donaci\u00f3n puede salvar una vida<\/h2>\n<p>[\/et_pb_text][\/et_pb_column][et_pb_column type=&#8221;2_5&#8243; _builder_version=&#8221;4.15&#8243; _module_preset=&#8221;default&#8221; custom_padding=&#8221;|25px|||false|false&#8221; global_colors_info=&#8221;{}&#8221;][et_pb_button button_url=&#8221;https:\/\/donatenow.networkforgood.org\/hsnb&#8221; button_text=&#8221;DONAR&#8221; button_alignment=&#8221;center&#8221; _builder_version=&#8221;4.9.10&#8243; _module_preset=&#8221;default&#8221; button_text_size=&#8221;26px&#8221; button_text_color=&#8221;#FFFFFF&#8221; button_bg_color=&#8221;#ff7a01&#8243; button_border_width=&#8221;0px&#8221; button_border_color=&#8221;#ff7a01&#8243; button_border_radius=&#8221;30px&#8221; button_font=&#8221;|700|||||||&#8221; button_use_icon=&#8221;off&#8221; custom_margin=&#8221;|160px|||false|false&#8221; custom_padding=&#8221;0px||0px||true|false&#8221; custom_css_main_element=&#8221;width:100%;&#8221; global_colors_info=&#8221;{%22gcid-93296297-a419-4e4a-8354-cb3b220db9b8%22:%91%22button_bg_color__hover%22,%22button_border_color%22,%22button_bg_color%22%93}&#8221; button_bg_color__hover_enabled=&#8221;on|desktop&#8221; button_bg_color__hover=&#8221;#ff7a01&#8243; button_bg_enable_color__hover=&#8221;on&#8221;][\/et_pb_button][\/et_pb_column][\/et_pb_row][et_pb_row column_structure=&#8221;1_5,3_5,1_5&#8243; _builder_version=&#8221;4.15.1&#8243; _module_preset=&#8221;default&#8221; global_colors_info=&#8221;{}&#8221;][et_pb_column type=&#8221;1_5&#8243; _builder_version=&#8221;4.15.1&#8243; _module_preset=&#8221;default&#8221; global_colors_info=&#8221;{}&#8221;][\/et_pb_column][et_pb_column type=&#8221;3_5&#8243; _builder_version=&#8221;4.15.1&#8243; _module_preset=&#8221;default&#8221; background_color=&#8221;RGBA(255,255,255,0)&#8221; border_radii=&#8221;on|30px|30px|30px|30px&#8221; global_colors_info=&#8221;{}&#8221;][et_pb_text _builder_version=&#8221;4.15.1&#8243; _module_preset=&#8221;default&#8221; text_font=&#8221;Montserrat|700|||||||&#8221; text_font_size=&#8221;26px&#8221; text_orientation=&#8221;center&#8221; custom_margin=&#8221;20px||0px||false|false&#8221; custom_padding=&#8221;||0px||false|false&#8221; hover_enabled=&#8221;0&#8243; global_colors_info=&#8221;{}&#8221; sticky_enabled=&#8221;0&#8243;]<\/p>\n<p><span>Suscr\u00edbase gratis a nuestra lista de correo electr\u00f3nico<\/span><\/p>\n<p>[\/et_pb_text][et_pb_dcgd_gravity_divi_module dc_dgfcm_form_id=&#8221;9&#8243; dc_dgfcm_show_title=&#8221;off&#8221; _builder_version=&#8221;4.15.1&#8243; _module_preset=&#8221;default&#8221; form_title_text_color=&#8221;RGBA(255,255,255,0)&#8221; form_description_text_color=&#8221;RGBA(255,255,255,0)&#8221; field_label_font=&#8221;|600|||||||&#8221; field_label_text_color=&#8221;#000000&#8243; field_description_text_color=&#8221;#000000&#8243; field_required_font=&#8221;|300|||||||&#8221; field_required_text_color=&#8221;#E02B20&#8243; custom_form_submit_button=&#8221;on&#8221; form_submit_button_text_size=&#8221;18px&#8221; form_submit_button_text_color=&#8221;#FFFFFF&#8221; form_submit_button_bg_color=&#8221;#ff7a01&#8243; form_submit_button_border_width=&#8221;0px&#8221; form_submit_button_border_radius=&#8221;24px&#8221; form_submit_button_font=&#8221;|700|||||||&#8221; custom_padding=&#8221;20px|40px|20px|40px|true|true&#8221; global_colors_info=&#8221;{}&#8221;][\/et_pb_dcgd_gravity_divi_module][\/et_pb_column][et_pb_column type=&#8221;1_5&#8243; _builder_version=&#8221;4.15.1&#8243; _module_preset=&#8221;default&#8221; global_colors_info=&#8221;{}&#8221;][\/et_pb_column][\/et_pb_row][\/et_pb_section]<\/p>\n","protected":false},"excerpt":{"rendered":"<p>Mantente en contacto1121 Sonoma Blvd.Vallejo, CA 94590 (707) 645-7905 Todos los d\u00edas 10:30 &#8211; 16:30Llamar o Env\u00ede un correo electr\u00f3nico a Su donaci\u00f3n puede salvar una vidaSuscr\u00edbase gratis a nuestra lista de correo electr\u00f3nico<\/p>\n","protected":false},"author":2,"featured_media":0,"parent":0,"menu_order":0,"comment_status":"closed","ping_status":"closed","template":"","meta":{"_et_pb_use_builder":"on","_et_pb_old_content":"","_et_gb_content_width":"","footnotes":""},"class_list":["post-3874","page","type-page","status-publish","hentry"],"yoast_head":"<!-- This site is optimized with the Yoast SEO plugin v27.4 - https:\/\/yoast.com\/product\/yoast-seo-wordpress\/ -->\n<title>Mantente en contacto - Humane Society of the North Bay<\/title>\n<meta name=\"robots\" content=\"index, follow, max-snippet:-1, max-image-preview:large, max-video-preview:-1\" \/>\n<link rel=\"canonical\" href=\"https:\/\/www.hsnb.org\/es\/mantente-en-contacto\/\" \/>\n<meta property=\"og:locale\" content=\"es_ES\" \/>\n<meta property=\"og:type\" content=\"article\" \/>\n<meta property=\"og:title\" content=\"Mantente en contacto - Humane Society of the North Bay\" \/>\n<meta property=\"og:description\" content=\"Mantente en contacto1121 Sonoma Blvd.Vallejo, CA 94590 (707) 645-7905 Todos los d\u00edas 10:30 - 16:30Llamar o Env\u00ede un correo electr\u00f3nico a Su donaci\u00f3n puede salvar una vidaSuscr\u00edbase gratis a nuestra lista de correo electr\u00f3nico\" \/>\n<meta property=\"og:url\" content=\"https:\/\/www.hsnb.org\/es\/mantente-en-contacto\/\" \/>\n<meta property=\"og:site_name\" content=\"Humane Society of the North Bay\" \/>\n<meta property=\"article:modified_time\" content=\"2023-03-24T17:13:38+00:00\" \/>\n<meta name=\"twitter:card\" content=\"summary_large_image\" \/>\n<meta name=\"twitter:label1\" content=\"Tiempo de lectura\" \/>\n\t<meta name=\"twitter:data1\" content=\"5 minutos\" \/>\n<script type=\"application\/ld+json\" class=\"yoast-schema-graph\">{\"@context\":\"https:\\\/\\\/schema.org\",\"@graph\":[{\"@type\":\"WebPage\",\"@id\":\"https:\\\/\\\/www.hsnb.org\\\/es\\\/mantente-en-contacto\\\/\",\"url\":\"https:\\\/\\\/www.hsnb.org\\\/es\\\/mantente-en-contacto\\\/\",\"name\":\"Mantente en contacto - Humane Society of the North Bay\",\"isPartOf\":{\"@id\":\"https:\\\/\\\/www.hsnb.org\\\/es\\\/#website\"},\"datePublished\":\"2022-05-06T17:46:36+00:00\",\"dateModified\":\"2023-03-24T17:13:38+00:00\",\"breadcrumb\":{\"@id\":\"https:\\\/\\\/www.hsnb.org\\\/es\\\/mantente-en-contacto\\\/#breadcrumb\"},\"inLanguage\":\"es\",\"potentialAction\":[{\"@type\":\"ReadAction\",\"target\":[\"https:\\\/\\\/www.hsnb.org\\\/es\\\/mantente-en-contacto\\\/\"]}]},{\"@type\":\"BreadcrumbList\",\"@id\":\"https:\\\/\\\/www.hsnb.org\\\/es\\\/mantente-en-contacto\\\/#breadcrumb\",\"itemListElement\":[{\"@type\":\"ListItem\",\"position\":1,\"name\":\"Home\",\"item\":\"https:\\\/\\\/www.hsnb.org\\\/es\\\/inicio-2\\\/\"},{\"@type\":\"ListItem\",\"position\":2,\"name\":\"Mantente en contacto\"}]},{\"@type\":\"WebSite\",\"@id\":\"https:\\\/\\\/www.hsnb.org\\\/es\\\/#website\",\"url\":\"https:\\\/\\\/www.hsnb.org\\\/es\\\/\",\"name\":\"Humane Society of the North Bay\",\"description\":\"Just another WordPress site\",\"potentialAction\":[{\"@type\":\"SearchAction\",\"target\":{\"@type\":\"EntryPoint\",\"urlTemplate\":\"https:\\\/\\\/www.hsnb.org\\\/es\\\/?s={search_term_string}\"},\"query-input\":{\"@type\":\"PropertyValueSpecification\",\"valueRequired\":true,\"valueName\":\"search_term_string\"}}],\"inLanguage\":\"es\"}]}<\/script>\n<!-- \/ Yoast SEO plugin. -->","yoast_head_json":{"title":"Mantente en contacto - Humane Society of the North Bay","robots":{"index":"index","follow":"follow","max-snippet":"max-snippet:-1","max-image-preview":"max-image-preview:large","max-video-preview":"max-video-preview:-1"},"canonical":"https:\/\/www.hsnb.org\/es\/mantente-en-contacto\/","og_locale":"es_ES","og_type":"article","og_title":"Mantente en contacto - Humane Society of the North Bay","og_description":"Mantente en contacto1121 Sonoma Blvd.Vallejo, CA 94590 (707) 645-7905 Todos los d\u00edas 10:30 - 16:30Llamar o Env\u00ede un correo electr\u00f3nico a Su donaci\u00f3n puede salvar una vidaSuscr\u00edbase gratis a nuestra lista de correo electr\u00f3nico","og_url":"https:\/\/www.hsnb.org\/es\/mantente-en-contacto\/","og_site_name":"Humane Society of the North Bay","article_modified_time":"2023-03-24T17:13:38+00:00","twitter_card":"summary_large_image","twitter_misc":{"Tiempo de lectura":"5 minutos"},"schema":{"@context":"https:\/\/schema.org","@graph":[{"@type":"WebPage","@id":"https:\/\/www.hsnb.org\/es\/mantente-en-contacto\/","url":"https:\/\/www.hsnb.org\/es\/mantente-en-contacto\/","name":"Mantente en contacto - Humane Society of the North Bay","isPartOf":{"@id":"https:\/\/www.hsnb.org\/es\/#website"},"datePublished":"2022-05-06T17:46:36+00:00","dateModified":"2023-03-24T17:13:38+00:00","breadcrumb":{"@id":"https:\/\/www.hsnb.org\/es\/mantente-en-contacto\/#breadcrumb"},"inLanguage":"es","potentialAction":[{"@type":"ReadAction","target":["https:\/\/www.hsnb.org\/es\/mantente-en-contacto\/"]}]},{"@type":"BreadcrumbList","@id":"https:\/\/www.hsnb.org\/es\/mantente-en-contacto\/#breadcrumb","itemListElement":[{"@type":"ListItem","position":1,"name":"Home","item":"https:\/\/www.hsnb.org\/es\/inicio-2\/"},{"@type":"ListItem","position":2,"name":"Mantente en contacto"}]},{"@type":"WebSite","@id":"https:\/\/www.hsnb.org\/es\/#website","url":"https:\/\/www.hsnb.org\/es\/","name":"Humane Society of the North Bay","description":"Just another WordPress site","potentialAction":[{"@type":"SearchAction","target":{"@type":"EntryPoint","urlTemplate":"https:\/\/www.hsnb.org\/es\/?s={search_term_string}"},"query-input":{"@type":"PropertyValueSpecification","valueRequired":true,"valueName":"search_term_string"}}],"inLanguage":"es"}]}},"_links":{"self":[{"href":"https:\/\/www.hsnb.org\/es\/wp-json\/wp\/v2\/pages\/3874","targetHints":{"allow":["GET"]}}],"collection":[{"href":"https:\/\/www.hsnb.org\/es\/wp-json\/wp\/v2\/pages"}],"about":[{"href":"https:\/\/www.hsnb.org\/es\/wp-json\/wp\/v2\/types\/page"}],"author":[{"embeddable":true,"href":"https:\/\/www.hsnb.org\/es\/wp-json\/wp\/v2\/users\/2"}],"replies":[{"embeddable":true,"href":"https:\/\/www.hsnb.org\/es\/wp-json\/wp\/v2\/comments?post=3874"}],"version-history":[{"count":0,"href":"https:\/\/www.hsnb.org\/es\/wp-json\/wp\/v2\/pages\/3874\/revisions"}],"wp:attachment":[{"href":"https:\/\/www.hsnb.org\/es\/wp-json\/wp\/v2\/media?parent=3874"}],"curies":[{"name":"wp","href":"https:\/\/api.w.org\/{rel}","templated":true}]}}